{"id":3684,"date":"2023-01-23T07:44:15","date_gmt":"2023-01-23T07:44:15","guid":{"rendered":"https:\/\/jobeik.com\/bize-ulasin\/"},"modified":"2025-06-16T11:33:15","modified_gmt":"2025-06-16T11:33:15","slug":"bize-ulasin","status":"publish","type":"page","link":"https:\/\/jobeik.com\/tr\/bize-ulasin\/","title":{"rendered":"Bize Ula\u015f\u0131n"},"content":{"rendered":"\t\t<div data-elementor-type=\"wp-page\" data-elementor-id=\"3684\" class=\"elementor elementor-3684 elementor-85\">\n\t\t\t\t<div class=\"elementor-element elementor-element-bda7a04 e-flex e-con-boxed e-con e-parent\" data-id=\"bda7a04\" data-element_type=\"container\" data-e-type=\"container\">\n\t\t\t\t\t<div class=\"e-con-inner\">\n\t\t<div class=\"elementor-element elementor-element-a4b88b5 e-con-full e-flex elementor-invisible e-con e-child\" data-id=\"a4b88b5\" data-element_type=\"container\" data-e-type=\"container\" data-settings=\"{&quot;animation&quot;:&quot;fadeInUp&quot;,&quot;animation_delay&quot;:2000}\">\n\t\t\t\t<div class=\"elementor-element elementor-element-235ed35 elementor-position-inline-end elementor-view-default elementor-mobile-position-block-start elementor-widget elementor-widget-icon-box\" data-id=\"235ed35\" data-element_type=\"widget\" data-e-type=\"widget\" data-widget_type=\"icon-box.default\">\n\t\t\t\t<div class=\"elementor-widget-container\">\n\t\t\t\t\t\t\t<div class=\"elementor-icon-box-wrapper\">\n\n\t\t\t\t\t\t<div class=\"elementor-icon-box-icon\">\n\t\t\t\t<span  class=\"elementor-icon\">\n\t\t\t\t<svg aria-hidden=\"true\" class=\"e-font-icon-svg e-fas-phone\" viewBox=\"0 0 512 512\" xmlns=\"http:\/\/www.w3.org\/2000\/svg\"><path d=\"M493.4 24.6l-104-24c-11.3-2.6-22.9 3.3-27.5 13.9l-48 112c-4.2 9.8-1.4 21.3 6.9 28l60.6 49.6c-36 76.7-98.9 140.5-177.2 177.2l-49.6-60.6c-6.8-8.3-18.2-11.1-28-6.9l-112 48C3.9 366.5-2 378.1.6 389.4l24 104C27.1 504.2 36.7 512 48 512c256.1 0 464-207.5 464-464 0-11.2-7.7-20.9-18.6-23.4z\"><\/path><\/svg>\t\t\t\t<\/span>\n\t\t\t<\/div>\n\t\t\t\n\t\t\t\t\t\t<div class=\"elementor-icon-box-content\">\n\n\t\t\t\t\t\t\t\t\t<h3 class=\"elementor-icon-box-title\">\n\t\t\t\t\t\t<span  >\n\t\t\t\t\t\t\tBir sorunuz mu var?\t\t\t\t\t\t<\/span>\n\t\t\t\t\t<\/h3>\n\t\t\t\t\n\t\t\t\t\t\t\t\t\t<p class=\"elementor-icon-box-description\">\n\t\t\t\t\t\t<a href=\"tel:905318499529\">00905318499529<\/a>\t\t\t\t\t<\/p>\n\t\t\t\t\n\t\t\t<\/div>\n\t\t\t\n\t\t<\/div>\n\t\t\t\t\t\t<\/div>\n\t\t\t\t<\/div>\n\t\t\t\t<\/div>\n\t\t<div class=\"elementor-element elementor-element-be12854 e-con-full e-flex elementor-invisible e-con e-child\" data-id=\"be12854\" data-element_type=\"container\" data-e-type=\"container\" data-settings=\"{&quot;animation&quot;:&quot;fadeInUp&quot;,&quot;animation_delay&quot;:2000}\">\n\t\t\t\t<div class=\"elementor-element elementor-element-699dfea elementor-position-inline-end elementor-view-default elementor-mobile-position-block-start elementor-widget elementor-widget-icon-box\" data-id=\"699dfea\" data-element_type=\"widget\" data-e-type=\"widget\" data-widget_type=\"icon-box.default\">\n\t\t\t\t<div class=\"elementor-widget-container\">\n\t\t\t\t\t\t\t<div class=\"elementor-icon-box-wrapper\">\n\n\t\t\t\t\t\t<div class=\"elementor-icon-box-icon\">\n\t\t\t\t<span  class=\"elementor-icon\">\n\t\t\t\t<i aria-hidden=\"true\" class=\" icon-email\"><\/i>\t\t\t\t<\/span>\n\t\t\t<\/div>\n\t\t\t\n\t\t\t\t\t\t<div class=\"elementor-icon-box-content\">\n\n\t\t\t\t\t\t\t\t\t<h3 class=\"elementor-icon-box-title\">\n\t\t\t\t\t\t<span  >\n\t\t\t\t\t\t\tE-posta\t\t\t\t\t\t<\/span>\n\t\t\t\t\t<\/h3>\n\t\t\t\t\n\t\t\t\t\t\t\t\t\t<p class=\"elementor-icon-box-description\">\n\t\t\t\t\t\t<a href=\"mailto:info@jobeik.com\">info@jobeik.com<\/a>\t\t\t\t\t<\/p>\n\t\t\t\t\n\t\t\t<\/div>\n\t\t\t\n\t\t<\/div>\n\t\t\t\t\t\t<\/div>\n\t\t\t\t<\/div>\n\t\t\t\t<\/div>\n\t\t\t\t\t<\/div>\n\t\t\t\t<\/div>\n\t\t\t\t<section class=\"elementor-section elementor-top-section elementor-element elementor-element-7a3c7ad elementor-section-full_width elementor-section-height-default elementor-section-height-default elementor-invisible\" data-id=\"7a3c7ad\" data-element_type=\"section\" data-e-type=\"section\" data-settings=\"{&quot;animation&quot;:&quot;fadeInUp&quot;}\">\n\t\t\t\t\t\t<div class=\"elementor-container elementor-column-gap-no\">\n\t\t\t\t\t<div class=\"elementor-column elementor-col-100 elementor-top-column elementor-element elementor-element-672e0f5\" data-id=\"672e0f5\" data-element_type=\"column\" data-e-type=\"column\">\n\t\t\t<div class=\"elementor-widget-wrap elementor-element-populated\">\n\t\t\t\t\t\t<div class=\"elementor-element elementor-element-2a16ab6 elementor-widget elementor-widget-agrion-contact-form\" data-id=\"2a16ab6\" data-element_type=\"widget\" data-e-type=\"widget\" data-widget_type=\"agrion-contact-form.default\">\n\t\t\t\t<div class=\"elementor-widget-container\">\n\t\t\t\t\t\r\n    <!--Contact Two Start-->\r\n    <section class=\"contact-two\">\r\n        <div class=\"contact-two__shape-1 float-bob-x\">\r\n            <img decoding=\"async\" src=\"https:\/\/jobeik.com\/wp-content\/uploads\/2023\/01\/services-two-shape-1.png\" alt=\"alt\" title=\"services-two-shape-1\" >        <\/div>\r\n        <div class=\"container\">\r\n                            <div class=\"section-title text-center\">\r\n                    <span class=\"section-title__tagline\">Senin i\u00e7in buraday\u0131z<\/span><h2 class=\"section-title__title\"> Bize Ula\u015f\u0131n<\/h2>                    <div class=\"section-title__icon\">\r\n                                            <\/div>\r\n                <\/div>\r\n                        <div class=\"contact-two__form-box\">\r\n                <div class=\"wpcf7 no-js\" id=\"wpcf7-f3719-o1\" lang=\"tr-TR\" dir=\"ltr\" data-wpcf7-id=\"3719\">\n<div class=\"screen-reader-response\"><p role=\"status\" aria-live=\"polite\" aria-atomic=\"true\"><\/p> <ul><\/ul><\/div>\n<form action=\"\/tr\/wp-json\/wp\/v2\/pages\/3684#wpcf7-f3719-o1\" method=\"post\" class=\"wpcf7-form init\" aria-label=\"\u0130leti\u015fim Formu\" novalidate=\"novalidate\" data-status=\"init\">\n<fieldset class=\"hidden-fields-container\"><input type=\"hidden\" name=\"_wpcf7\" value=\"3719\" \/><input type=\"hidden\" name=\"_wpcf7_version\" value=\"6.1.2\" \/><input type=\"hidden\" name=\"_wpcf7_locale\" value=\"tr_TR\" \/><input type=\"hidden\" name=\"_wpcf7_unit_tag\" value=\"wpcf7-f3719-o1\" \/><input type=\"hidden\" name=\"_wpcf7_container_post\" value=\"0\" \/><input type=\"hidden\" name=\"_wpcf7_posted_data_hash\" value=\"\" \/>\n<\/fieldset>\n<div class=\"row\">\n    <div class=\"col-xl-6\">\n        <div class=\"contact-form__input-box\">\n <span class=\"wpcf7-form-control-wrap\" data-name=\"name\"><input size=\"40\" maxlength=\"400\" class=\"wpcf7-form-control wpcf7-text wpcf7-validates-as-required\" aria-required=\"true\" aria-invalid=\"false\" placeholder=\"Tam Ad\u0131n\u0131z\" value=\"\" type=\"text\" name=\"name\" \/><\/span>\n        <\/div>\n    <\/div>\n    <div class=\"col-xl-6\">\n        <div class=\"contact-form__input-box\">\n <span class=\"wpcf7-form-control-wrap\" data-name=\"email\"><input size=\"40\" maxlength=\"400\" class=\"wpcf7-form-control wpcf7-email wpcf7-validates-as-required wpcf7-text wpcf7-validates-as-email\" aria-required=\"true\" aria-invalid=\"false\" placeholder=\"E-posta Adresiniz\" value=\"\" type=\"email\" name=\"email\" \/><\/span>\n        <\/div>\n    <\/div>\n    <div class=\"col-xl-6\">\n        <div class=\"contact-form__input-box\">\n <span class=\"wpcf7-form-control-wrap\" data-name=\"phone\"><input size=\"40\" maxlength=\"400\" class=\"wpcf7-form-control wpcf7-text wpcf7-validates-as-required\" aria-required=\"true\" aria-invalid=\"false\" placeholder=\"Telefon Numaran\u0131z (WhatsApp)\" value=\"\" type=\"text\" name=\"phone\" \/><\/span>\n        <\/div>\n    <\/div>\n    <div class=\"col-xl-6\">\n        <div class=\"contact-form__input-box\">\n             <span class=\"wpcf7-form-control-wrap\" data-name=\"select-244\"><select class=\"wpcf7-form-control wpcf7-select wpcf7-validates-as-required wpcf7-text\" aria-required=\"true\" aria-invalid=\"false\" name=\"select-244\"><option value=\"\">Suriye<\/option><option value=\"\u00c7in\">\u00c7in<\/option><option value=\"T\u00fcrkiye\">T\u00fcrkiye<\/option><option value=\"Irak\">Irak<\/option><option value=\"Di\u011fer\">Di\u011fer<\/option><\/select><\/span>\n        <\/div>\n    <\/div>\n<\/div>\n<div class=\"row\">\n    <div class=\"col-xl-12\">\n        <div class=\"contact-form__input-box text-message-box\">\n <span class=\"wpcf7-form-control-wrap\" data-name=\"message\"><textarea cols=\"40\" rows=\"10\" maxlength=\"2000\" class=\"wpcf7-form-control wpcf7-textarea wpcf7-validates-as-required\" aria-required=\"true\" aria-invalid=\"false\" placeholder=\"Mesaj\u0131n\u0131z...\" name=\"message\"><\/textarea><\/span>\n        <\/div>\n        <div class=\"contact-form__btn-box\">\n            <button class=\"thm-btn contact-two__btn\">G\u00f6nder<i class=\"icon-right-arrow\"><\/i> <\/button>\n        <\/div>\n    <\/div>\n<\/div><div class=\"wpcf7-response-output\" aria-hidden=\"true\"><\/div>\n<\/form>\n<\/div>            <\/div>\r\n        <\/div>\r\n    <\/section>\r\n    <!--Contact Two End-->\r\n\r\n\t\t\t\t<\/div>\n\t\t\t\t<\/div>\n\t\t\t\t\t<\/div>\n\t\t<\/div>\n\t\t\t\t\t<\/div>\n\t\t<\/section>\n\t\t\t\t<\/div>\n\t\t","protected":false},"excerpt":{"rendered":"<p>Bir sorunuz mu var? 00905318499529 E-posta info@jobeik.com Senin i\u00e7in buraday\u0131z Bize Ula\u015f\u0131n \u0633\u0648\u0631\u064a\u0627\u0627\u0644\u0635\u064a\u0646\u062a\u0631\u0643\u064a\u0627\u0627\u0644\u0639\u0631\u0627\u0642\u063a\u064a\u0631 \u0630\u0644\u0643 \u0625\u0631\u0633\u0627\u0644<\/p>\n","protected":false},"author":1,"featured_media":0,"parent":0,"menu_order":0,"comment_status":"closed","ping_status":"closed","template":"elementor_header_footer","meta":{"_monsterinsights_skip_tracking":false,"_monsterinsights_sitenote_active":false,"_monsterinsights_sitenote_note":"","_monsterinsights_sitenote_category":0,"footnotes":""},"class_list":["post-3684","page","type-page","status-publish","hentry"],"aioseo_notices":[],"_links":{"self":[{"href":"https:\/\/jobeik.com\/tr\/wp-json\/wp\/v2\/pages\/3684","targetHints":{"allow":["GET"]}}],"collection":[{"href":"https:\/\/jobeik.com\/tr\/wp-json\/wp\/v2\/pages"}],"about":[{"href":"https:\/\/jobeik.com\/tr\/wp-json\/wp\/v2\/types\/page"}],"author":[{"embeddable":true,"href":"https:\/\/jobeik.com\/tr\/wp-json\/wp\/v2\/users\/1"}],"replies":[{"embeddable":true,"href":"https:\/\/jobeik.com\/tr\/wp-json\/wp\/v2\/comments?post=3684"}],"version-history":[{"count":5,"href":"https:\/\/jobeik.com\/tr\/wp-json\/wp\/v2\/pages\/3684\/revisions"}],"predecessor-version":[{"id":3910,"href":"https:\/\/jobeik.com\/tr\/wp-json\/wp\/v2\/pages\/3684\/revisions\/3910"}],"wp:attachment":[{"href":"https:\/\/jobeik.com\/tr\/wp-json\/wp\/v2\/media?parent=3684"}],"curies":[{"name":"wp","href":"https:\/\/api.w.org\/{rel}","templated":true}]}}