{"id":3698,"date":"2025-05-01T13:34:40","date_gmt":"2025-05-01T13:34:40","guid":{"rendered":"https:\/\/jobeik.com\/haberlerimiz\/"},"modified":"2025-06-16T05:28:42","modified_gmt":"2025-06-16T05:28:42","slug":"haberlerimiz","status":"publish","type":"page","link":"https:\/\/jobeik.com\/tr\/haberlerimiz\/","title":{"rendered":"Haberlerimiz"},"content":{"rendered":"\t\t<div data-elementor-type=\"wp-page\" data-elementor-id=\"3698\" class=\"elementor elementor-3698 elementor-1355\">\n\t\t\t\t<div class=\"elementor-element elementor-element-9d791de e-flex e-con-boxed e-con e-parent\" data-id=\"9d791de\" data-element_type=\"container\" data-e-type=\"container\">\n\t\t\t\t\t<div class=\"e-con-inner\">\n\t\t\t\t<div class=\"elementor-element elementor-element-3eae6ce elementor-widget elementor-widget-agrion-blog\" data-id=\"3eae6ce\" data-element_type=\"widget\" data-e-type=\"widget\" data-widget_type=\"agrion-blog.default\">\n\t\t\t\t<div class=\"elementor-widget-container\">\n\t\t\t\t\t\r\n\t<!--Blog One Start-->\r\n\t<section class=\"blog-one\">\r\n\t\t<div class=\"container\">\r\n\t\t\t\t\t\t<div class=\"row\">\r\n\t\t\t\t\t\t\t\t\t\t\t\t\t<!--Blog One Single Start-->\r\n\t\t\t\t\t<div class=\"col-xl-4 col-lg-4 wow fadeInUp\" data-wow-delay=\"100ms\">\r\n\t\t\t\t\t\t<div class=\"blog-one__single\">\r\n\t\t\t\t\t\t\t<div class=\"blog-one__img\">\r\n\t\t\t\t\t\t\t\t<img fetchpriority=\"high\" decoding=\"async\" width=\"370\" height=\"410\" src=\"https:\/\/jobeik.com\/wp-content\/uploads\/2023\/01\/blog-06-370x410.jpg\" class=\"attachment-agrion_blog_370X410 size-agrion_blog_370X410 wp-post-image\" alt=\"alt\" \/>\t\t\t\t\t\t\t\t<div class=\"blog-one__date\">\r\n\t\t\t\t\t\t\t\t\t<span>20<\/span>\r\n\t\t\t\t\t\t\t\t\t<p>May<\/p>\r\n\t\t\t\t\t\t\t\t<\/div>\r\n\t\t\t\t\t\t\t<\/div>\r\n\t\t\t\t\t\t\t<div class=\"blog-one__content\">\r\n\t\t\t\t\t\t\t\t<ul class=\"blog-one__meta list-unstyled ml-0\">\r\n\t\t\t\t\t\t\t\t\t<li>\r\n\t\t\t\t\t\t\t\t\t\t<span class=\"byline\"><i class=\"fas fa-user-circle\"><\/i> <span class=\"author vcard\"><a class=\"url fn n\" href=\"https:\/\/jobeik.com\/tr\/author\/jobeik\/\">\u0641\u0631\u064a\u0642 \u062c\u0648\u0628\u064a\u0643<\/a><\/span><\/span>\t\t\t\t\t\t\t\t\t<\/li>\r\n\t\t\t\t\t\t\t\t\t<li>\r\n\t\t\t\t\t\t\t\t\t\t\t\t\t\t\t\t\t\t\t<\/li>\r\n\t\t\t\t\t\t\t\t<\/ul>\r\n\t\t\t\t\t\t\t\t<h3 class=\"blog-one__title\">\r\n\t\t\t\t\t\t\t\t\t<a href=\"https:\/\/jobeik.com\/tr\/hindistanin-en-buyuk-sirketiyle-ortaklik-anlasmasi\/\">Hindistan\u2019\u0131n En B\u00fcy\u00fck \u015eirketiyle Ortakl\u0131k Anla\u015fmas\u0131<\/a>\r\n\t\t\t\t\t\t\t\t<\/h3>\r\n\t\t\t\t\t\t\t<\/div>\r\n\t\t\t\t\t\t<\/div>\r\n\t\t\t\t\t<\/div>\r\n\t\t\t\t\t<!--Blog One Single End-->\r\n\t\t\t\t\t\t\t\t\t<!--Blog One Single Start-->\r\n\t\t\t\t\t<div class=\"col-xl-4 col-lg-4 wow fadeInUp\" data-wow-delay=\"200ms\">\r\n\t\t\t\t\t\t<div class=\"blog-one__single\">\r\n\t\t\t\t\t\t\t<div class=\"blog-one__img\">\r\n\t\t\t\t\t\t\t\t<img decoding=\"async\" width=\"370\" height=\"410\" src=\"https:\/\/jobeik.com\/wp-content\/uploads\/2023\/01\/blog-04-370x410.jpg\" class=\"attachment-agrion_blog_370X410 size-agrion_blog_370X410 wp-post-image\" alt=\"alt\" \/>\t\t\t\t\t\t\t\t<div class=\"blog-one__date\">\r\n\t\t\t\t\t\t\t\t\t<span>20<\/span>\r\n\t\t\t\t\t\t\t\t\t<p>May<\/p>\r\n\t\t\t\t\t\t\t\t<\/div>\r\n\t\t\t\t\t\t\t<\/div>\r\n\t\t\t\t\t\t\t<div class=\"blog-one__content\">\r\n\t\t\t\t\t\t\t\t<ul class=\"blog-one__meta list-unstyled ml-0\">\r\n\t\t\t\t\t\t\t\t\t<li>\r\n\t\t\t\t\t\t\t\t\t\t<span class=\"byline\"><i class=\"fas fa-user-circle\"><\/i> <span class=\"author vcard\"><a class=\"url fn n\" href=\"https:\/\/jobeik.com\/tr\/author\/jobeik\/\">\u0641\u0631\u064a\u0642 \u062c\u0648\u0628\u064a\u0643<\/a><\/span><\/span>\t\t\t\t\t\t\t\t\t<\/li>\r\n\t\t\t\t\t\t\t\t\t<li>\r\n\t\t\t\t\t\t\t\t\t\t\t\t\t\t\t\t\t\t\t<\/li>\r\n\t\t\t\t\t\t\t\t<\/ul>\r\n\t\t\t\t\t\t\t\t<h3 class=\"blog-one__title\">\r\n\t\t\t\t\t\t\t\t\t<a href=\"https:\/\/jobeik.com\/tr\/turkiye-baharat-fuarina-katilimimiz\/\">T\u00fcrkiye Baharat Fuar\u0131\u2019na Kat\u0131l\u0131m\u0131m\u0131z<\/a>\r\n\t\t\t\t\t\t\t\t<\/h3>\r\n\t\t\t\t\t\t\t<\/div>\r\n\t\t\t\t\t\t<\/div>\r\n\t\t\t\t\t<\/div>\r\n\t\t\t\t\t<!--Blog One Single End-->\r\n\t\t\t\t\t\t\t\t\t\t\t\t\r\n\t\t\t<\/div>\r\n\t\t<\/div>\r\n\t<\/section>\r\n\t<!--Blog One End-->\r\n\t\t\t\t<\/div>\n\t\t\t\t<\/div>\n\t\t\t\t\t<\/div>\n\t\t\t\t<\/div>\n\t\t\t\t<\/div>\n\t\t","protected":false},"excerpt":{"rendered":"<p>20 \u0645\u0627\u064a\u0648 jobeik Leave a Comment on \u0639\u0642\u062f \u0634\u0631\u0627\u0643\u0629 \u0645\u0639 \u0623\u0643\u0628\u0631 \u0634\u0631\u0643\u0629 \u0647\u0646\u062f\u064a\u0629 \u0639\u0642\u062f \u0634\u0631\u0627\u0643\u0629 \u0645\u0639 \u0623\u0643\u0628\u0631 \u0634\u0631\u0643\u0629 \u0647\u0646\u062f\u064a\u0629 20 \u0645\u0627\u064a\u0648 jobeik Leave a Comment on \u0645\u0634\u0627\u0631\u0643\u062a\u0646\u0627 \u0641\u064a \u0645\u0639\u0631\u0636 \u062a\u0631\u0643\u064a\u0627 \u0644\u0644\u062a\u0648\u0627\u0628\u0644 \u0645\u0634\u0627\u0631\u0643\u062a\u0646\u0627 \u0641\u064a \u0645\u0639\u0631\u0636 \u062a\u0631\u0643\u064a\u0627 \u0644\u0644\u062a\u0648\u0627\u0628\u0644<\/p>\n","protected":false},"author":1,"featured_media":0,"parent":0,"menu_order":0,"comment_status":"closed","ping_status":"closed","template":"elementor_header_footer","meta":{"_monsterinsights_skip_tracking":false,"_monsterinsights_sitenote_active":false,"_monsterinsights_sitenote_note":"","_monsterinsights_sitenote_category":0,"footnotes":""},"class_list":["post-3698","page","type-page","status-publish","hentry"],"aioseo_notices":[],"_links":{"self":[{"href":"https:\/\/jobeik.com\/tr\/wp-json\/wp\/v2\/pages\/3698","targetHints":{"allow":["GET"]}}],"collection":[{"href":"https:\/\/jobeik.com\/tr\/wp-json\/wp\/v2\/pages"}],"about":[{"href":"https:\/\/jobeik.com\/tr\/wp-json\/wp\/v2\/types\/page"}],"author":[{"embeddable":true,"href":"https:\/\/jobeik.com\/tr\/wp-json\/wp\/v2\/users\/1"}],"replies":[{"embeddable":true,"href":"https:\/\/jobeik.com\/tr\/wp-json\/wp\/v2\/comments?post=3698"}],"version-history":[{"count":1,"href":"https:\/\/jobeik.com\/tr\/wp-json\/wp\/v2\/pages\/3698\/revisions"}],"predecessor-version":[{"id":3699,"href":"https:\/\/jobeik.com\/tr\/wp-json\/wp\/v2\/pages\/3698\/revisions\/3699"}],"wp:attachment":[{"href":"https:\/\/jobeik.com\/tr\/wp-json\/wp\/v2\/media?parent=3698"}],"curies":[{"name":"wp","href":"https:\/\/api.w.org\/{rel}","templated":true}]}}