{"id":3701,"date":"2025-05-13T20:17:52","date_gmt":"2025-05-13T20:17:52","guid":{"rendered":"https:\/\/jobeik.com\/urunlerimiz\/"},"modified":"2025-08-02T13:36:09","modified_gmt":"2025-08-02T13:36:09","slug":"urunlerimiz","status":"publish","type":"page","link":"https:\/\/jobeik.com\/tr\/urunlerimiz\/","title":{"rendered":"\u00dcr\u00fcnlerimiz"},"content":{"rendered":"\t\t<div data-elementor-type=\"wp-page\" data-elementor-id=\"3701\" class=\"elementor elementor-3701 elementor-2060\">\n\t\t\t\t<div class=\"elementor-element elementor-element-11dc10f e-flex e-con-boxed e-con e-parent\" data-id=\"11dc10f\" data-element_type=\"container\" data-e-type=\"container\">\n\t\t\t\t\t<div class=\"e-con-inner\">\n\t\t<div class=\"elementor-element elementor-element-024ac81 e-con-full e-flex e-con e-child\" data-id=\"024ac81\" data-element_type=\"container\" data-e-type=\"container\">\n\t\t\t\t<div class=\"elementor-element elementor-element-ae0b337 elementor-widget elementor-widget-image\" data-id=\"ae0b337\" data-element_type=\"widget\" data-e-type=\"widget\" data-widget_type=\"image.default\">\n\t\t\t\t<div class=\"elementor-widget-container\">\n\t\t\t\t\t\t\t\t\t\t\t\t<figure class=\"wp-caption\">\n\t\t\t\t\t\t\t\t\t\t\t<a href=\"https:\/\/jobeik.com\/tr\/urun-kategori\/pirinc\/\">\n\t\t\t\t\t\t\t<img fetchpriority=\"high\" decoding=\"async\" width=\"640\" height=\"640\" src=\"https:\/\/jobeik.com\/wp-content\/uploads\/2025\/08\/\u0623\u0631\u0632\u0632\u0632-1024x1024.jpg\" class=\"elementor-animation-bob attachment-large size-large wp-image-4399\" alt=\"\" srcset=\"https:\/\/jobeik.com\/wp-content\/uploads\/2025\/08\/\u0623\u0631\u0632\u0632\u0632-1024x1024.jpg 1024w, https:\/\/jobeik.com\/wp-content\/uploads\/2025\/08\/\u0623\u0631\u0632\u0632\u0632-300x300.jpg 300w, https:\/\/jobeik.com\/wp-content\/uploads\/2025\/08\/\u0623\u0631\u0632\u0632\u0632-150x150.jpg 150w, https:\/\/jobeik.com\/wp-content\/uploads\/2025\/08\/\u0623\u0631\u0632\u0632\u0632-768x768.jpg 768w, https:\/\/jobeik.com\/wp-content\/uploads\/2025\/08\/\u0623\u0631\u0632\u0632\u0632-1536x1536.jpg 1536w, https:\/\/jobeik.com\/wp-content\/uploads\/2025\/08\/\u0623\u0631\u0632\u0632\u0632-70x70.jpg 70w, https:\/\/jobeik.com\/wp-content\/uploads\/2025\/08\/\u0623\u0631\u0632\u0632\u0632-270x270.jpg 270w, https:\/\/jobeik.com\/wp-content\/uploads\/2025\/08\/\u0623\u0631\u0632\u0632\u0632-570x570.jpg 570w, https:\/\/jobeik.com\/wp-content\/uploads\/2025\/08\/\u0623\u0631\u0632\u0632\u0632-100x100.jpg 100w, https:\/\/jobeik.com\/wp-content\/uploads\/2025\/08\/\u0623\u0631\u0632\u0632\u0632.jpg 1800w\" sizes=\"(max-width: 640px) 100vw, 640px\" \/>\t\t\t\t\t\t\t\t<\/a>\n\t\t\t\t\t\t\t\t\t\t\t<figcaption class=\"widget-image-caption wp-caption-text\">Pirin\u00e7<\/figcaption>\n\t\t\t\t\t\t\t\t\t\t<\/figure>\n\t\t\t\t\t\t\t\t\t<\/div>\n\t\t\t\t<\/div>\n\t\t\t\t<\/div>\n\t\t<div class=\"elementor-element elementor-element-ccfb96c e-con-full e-flex e-con e-child\" data-id=\"ccfb96c\" data-element_type=\"container\" data-e-type=\"container\">\n\t\t\t\t<div class=\"elementor-element elementor-element-ae36c39 elementor-widget elementor-widget-image\" data-id=\"ae36c39\" data-element_type=\"widget\" data-e-type=\"widget\" data-widget_type=\"image.default\">\n\t\t\t\t<div class=\"elementor-widget-container\">\n\t\t\t\t\t\t\t\t\t\t\t\t<figure class=\"wp-caption\">\n\t\t\t\t\t\t\t\t\t\t\t<a href=\"https:\/\/jobeik.com\/tr\/urun-kategori\/baklagiller\/\">\n\t\t\t\t\t\t\t<img decoding=\"async\" width=\"640\" height=\"640\" src=\"https:\/\/jobeik.com\/wp-content\/uploads\/2025\/07\/\u0628\u0642\u0648\u0644\u064a\u0627\u062a-1-1024x1024.jpg\" class=\"elementor-animation-bob attachment-large size-large wp-image-4338\" alt=\"\" srcset=\"https:\/\/jobeik.com\/wp-content\/uploads\/2025\/07\/\u0628\u0642\u0648\u0644\u064a\u0627\u062a-1-1024x1024.jpg 1024w, https:\/\/jobeik.com\/wp-content\/uploads\/2025\/07\/\u0628\u0642\u0648\u0644\u064a\u0627\u062a-1-300x300.jpg 300w, https:\/\/jobeik.com\/wp-content\/uploads\/2025\/07\/\u0628\u0642\u0648\u0644\u064a\u0627\u062a-1-150x150.jpg 150w, https:\/\/jobeik.com\/wp-content\/uploads\/2025\/07\/\u0628\u0642\u0648\u0644\u064a\u0627\u062a-1-768x768.jpg 768w, https:\/\/jobeik.com\/wp-content\/uploads\/2025\/07\/\u0628\u0642\u0648\u0644\u064a\u0627\u062a-1-1536x1536.jpg 1536w, https:\/\/jobeik.com\/wp-content\/uploads\/2025\/07\/\u0628\u0642\u0648\u0644\u064a\u0627\u062a-1-70x70.jpg 70w, https:\/\/jobeik.com\/wp-content\/uploads\/2025\/07\/\u0628\u0642\u0648\u0644\u064a\u0627\u062a-1-270x270.jpg 270w, https:\/\/jobeik.com\/wp-content\/uploads\/2025\/07\/\u0628\u0642\u0648\u0644\u064a\u0627\u062a-1-570x570.jpg 570w, https:\/\/jobeik.com\/wp-content\/uploads\/2025\/07\/\u0628\u0642\u0648\u0644\u064a\u0627\u062a-1-100x100.jpg 100w, https:\/\/jobeik.com\/wp-content\/uploads\/2025\/07\/\u0628\u0642\u0648\u0644\u064a\u0627\u062a-1.jpg 1800w\" sizes=\"(max-width: 640px) 100vw, 640px\" \/>\t\t\t\t\t\t\t\t<\/a>\n\t\t\t\t\t\t\t\t\t\t\t<figcaption class=\"widget-image-caption wp-caption-text\">Baklagiller<\/figcaption>\n\t\t\t\t\t\t\t\t\t\t<\/figure>\n\t\t\t\t\t\t\t\t\t<\/div>\n\t\t\t\t<\/div>\n\t\t\t\t<\/div>\n\t\t<div class=\"elementor-element elementor-element-8cc195d e-con-full e-flex e-con e-child\" data-id=\"8cc195d\" data-element_type=\"container\" data-e-type=\"container\">\n\t\t\t\t<div class=\"elementor-element elementor-element-01d5d44 elementor-widget elementor-widget-image\" data-id=\"01d5d44\" data-element_type=\"widget\" data-e-type=\"widget\" data-widget_type=\"image.default\">\n\t\t\t\t<div class=\"elementor-widget-container\">\n\t\t\t\t\t\t\t\t\t\t\t\t<figure class=\"wp-caption\">\n\t\t\t\t\t\t\t\t\t\t\t<a href=\"https:\/\/jobeik.com\/tr\/urun-kategori\/baharatlar\/\">\n\t\t\t\t\t\t\t<img decoding=\"async\" width=\"640\" height=\"640\" src=\"https:\/\/jobeik.com\/wp-content\/uploads\/2025\/08\/\u0628\u0647\u0627\u0631\u0627\u062a-1024x1024.jpg\" class=\"elementor-animation-bob attachment-large size-large wp-image-4387\" alt=\"\" srcset=\"https:\/\/jobeik.com\/wp-content\/uploads\/2025\/08\/\u0628\u0647\u0627\u0631\u0627\u062a-1024x1024.jpg 1024w, https:\/\/jobeik.com\/wp-content\/uploads\/2025\/08\/\u0628\u0647\u0627\u0631\u0627\u062a-300x300.jpg 300w, https:\/\/jobeik.com\/wp-content\/uploads\/2025\/08\/\u0628\u0647\u0627\u0631\u0627\u062a-150x150.jpg 150w, https:\/\/jobeik.com\/wp-content\/uploads\/2025\/08\/\u0628\u0647\u0627\u0631\u0627\u062a-768x768.jpg 768w, https:\/\/jobeik.com\/wp-content\/uploads\/2025\/08\/\u0628\u0647\u0627\u0631\u0627\u062a-1536x1536.jpg 1536w, https:\/\/jobeik.com\/wp-content\/uploads\/2025\/08\/\u0628\u0647\u0627\u0631\u0627\u062a-70x70.jpg 70w, https:\/\/jobeik.com\/wp-content\/uploads\/2025\/08\/\u0628\u0647\u0627\u0631\u0627\u062a-270x270.jpg 270w, https:\/\/jobeik.com\/wp-content\/uploads\/2025\/08\/\u0628\u0647\u0627\u0631\u0627\u062a-570x570.jpg 570w, https:\/\/jobeik.com\/wp-content\/uploads\/2025\/08\/\u0628\u0647\u0627\u0631\u0627\u062a-100x100.jpg 100w, https:\/\/jobeik.com\/wp-content\/uploads\/2025\/08\/\u0628\u0647\u0627\u0631\u0627\u062a.jpg 1800w\" sizes=\"(max-width: 640px) 100vw, 640px\" \/>\t\t\t\t\t\t\t\t<\/a>\n\t\t\t\t\t\t\t\t\t\t\t<figcaption class=\"widget-image-caption wp-caption-text\">Baharatlar<\/figcaption>\n\t\t\t\t\t\t\t\t\t\t<\/figure>\n\t\t\t\t\t\t\t\t\t<\/div>\n\t\t\t\t<\/div>\n\t\t\t\t<\/div>\n\t\t<div class=\"elementor-element elementor-element-0d6cdb0 e-con-full e-flex e-con e-child\" data-id=\"0d6cdb0\" data-element_type=\"container\" data-e-type=\"container\">\n\t\t\t\t<div class=\"elementor-element elementor-element-b8ab1b6 elementor-widget elementor-widget-image\" data-id=\"b8ab1b6\" data-element_type=\"widget\" data-e-type=\"widget\" data-widget_type=\"image.default\">\n\t\t\t\t<div class=\"elementor-widget-container\">\n\t\t\t\t\t\t\t\t\t\t\t\t<figure class=\"wp-caption\">\n\t\t\t\t\t\t\t\t\t\t\t<a href=\"https:\/\/jobeik.com\/tr\/urun-kategori\/hurma\/\">\n\t\t\t\t\t\t\t<img loading=\"lazy\" decoding=\"async\" width=\"640\" height=\"640\" src=\"https:\/\/jobeik.com\/wp-content\/uploads\/2025\/06\/9ce49d90-e1f9-4c34-8f8a-2608484730c6-1000x1000-I5qkewpmnM05LKF2WyYuUFNzkusqPA2vcjxB0xWv.webp\" class=\"elementor-animation-bob attachment-large size-large wp-image-3610\" alt=\"\" srcset=\"https:\/\/jobeik.com\/wp-content\/uploads\/2025\/06\/9ce49d90-e1f9-4c34-8f8a-2608484730c6-1000x1000-I5qkewpmnM05LKF2WyYuUFNzkusqPA2vcjxB0xWv.webp 1000w, https:\/\/jobeik.com\/wp-content\/uploads\/2025\/06\/9ce49d90-e1f9-4c34-8f8a-2608484730c6-1000x1000-I5qkewpmnM05LKF2WyYuUFNzkusqPA2vcjxB0xWv-300x300.webp 300w, https:\/\/jobeik.com\/wp-content\/uploads\/2025\/06\/9ce49d90-e1f9-4c34-8f8a-2608484730c6-1000x1000-I5qkewpmnM05LKF2WyYuUFNzkusqPA2vcjxB0xWv-150x150.webp 150w, https:\/\/jobeik.com\/wp-content\/uploads\/2025\/06\/9ce49d90-e1f9-4c34-8f8a-2608484730c6-1000x1000-I5qkewpmnM05LKF2WyYuUFNzkusqPA2vcjxB0xWv-768x768.webp 768w, https:\/\/jobeik.com\/wp-content\/uploads\/2025\/06\/9ce49d90-e1f9-4c34-8f8a-2608484730c6-1000x1000-I5qkewpmnM05LKF2WyYuUFNzkusqPA2vcjxB0xWv-70x70.webp 70w, https:\/\/jobeik.com\/wp-content\/uploads\/2025\/06\/9ce49d90-e1f9-4c34-8f8a-2608484730c6-1000x1000-I5qkewpmnM05LKF2WyYuUFNzkusqPA2vcjxB0xWv-270x270.webp 270w, https:\/\/jobeik.com\/wp-content\/uploads\/2025\/06\/9ce49d90-e1f9-4c34-8f8a-2608484730c6-1000x1000-I5qkewpmnM05LKF2WyYuUFNzkusqPA2vcjxB0xWv-570x570.webp 570w, https:\/\/jobeik.com\/wp-content\/uploads\/2025\/06\/9ce49d90-e1f9-4c34-8f8a-2608484730c6-1000x1000-I5qkewpmnM05LKF2WyYuUFNzkusqPA2vcjxB0xWv-100x100.webp 100w\" sizes=\"(max-width: 640px) 100vw, 640px\" \/>\t\t\t\t\t\t\t\t<\/a>\n\t\t\t\t\t\t\t\t\t\t\t<figcaption class=\"widget-image-caption wp-caption-text\">Hurma<\/figcaption>\n\t\t\t\t\t\t\t\t\t\t<\/figure>\n\t\t\t\t\t\t\t\t\t<\/div>\n\t\t\t\t<\/div>\n\t\t\t\t<\/div>\n\t\t<div class=\"elementor-element elementor-element-c7579ee e-con-full e-flex e-con e-child\" data-id=\"c7579ee\" data-element_type=\"container\" data-e-type=\"container\">\n\t\t\t\t<div class=\"elementor-element elementor-element-f9db0f0 elementor-widget elementor-widget-image\" data-id=\"f9db0f0\" data-element_type=\"widget\" data-e-type=\"widget\" data-widget_type=\"image.default\">\n\t\t\t\t<div class=\"elementor-widget-container\">\n\t\t\t\t\t\t\t\t\t\t\t\t<figure class=\"wp-caption\">\n\t\t\t\t\t\t\t\t\t\t\t<a href=\"https:\/\/jobeik.com\/tr\/urun-kategori\/yaglar\/\">\n\t\t\t\t\t\t\t<img loading=\"lazy\" decoding=\"async\" width=\"640\" height=\"640\" src=\"https:\/\/jobeik.com\/wp-content\/uploads\/2025\/07\/\u0632\u064a\u062a3-1024x1024.jpg\" class=\"elementor-animation-bob attachment-large size-large wp-image-4347\" alt=\"\" srcset=\"https:\/\/jobeik.com\/wp-content\/uploads\/2025\/07\/\u0632\u064a\u062a3-1024x1024.jpg 1024w, https:\/\/jobeik.com\/wp-content\/uploads\/2025\/07\/\u0632\u064a\u062a3-300x300.jpg 300w, https:\/\/jobeik.com\/wp-content\/uploads\/2025\/07\/\u0632\u064a\u062a3-150x150.jpg 150w, https:\/\/jobeik.com\/wp-content\/uploads\/2025\/07\/\u0632\u064a\u062a3-768x768.jpg 768w, https:\/\/jobeik.com\/wp-content\/uploads\/2025\/07\/\u0632\u064a\u062a3-1536x1536.jpg 1536w, https:\/\/jobeik.com\/wp-content\/uploads\/2025\/07\/\u0632\u064a\u062a3-70x70.jpg 70w, https:\/\/jobeik.com\/wp-content\/uploads\/2025\/07\/\u0632\u064a\u062a3-270x270.jpg 270w, https:\/\/jobeik.com\/wp-content\/uploads\/2025\/07\/\u0632\u064a\u062a3-570x570.jpg 570w, https:\/\/jobeik.com\/wp-content\/uploads\/2025\/07\/\u0632\u064a\u062a3-100x100.jpg 100w, https:\/\/jobeik.com\/wp-content\/uploads\/2025\/07\/\u0632\u064a\u062a3.jpg 1800w\" sizes=\"(max-width: 640px) 100vw, 640px\" \/>\t\t\t\t\t\t\t\t<\/a>\n\t\t\t\t\t\t\t\t\t\t\t<figcaption class=\"widget-image-caption wp-caption-text\">Ya\u011flar<\/figcaption>\n\t\t\t\t\t\t\t\t\t\t<\/figure>\n\t\t\t\t\t\t\t\t\t<\/div>\n\t\t\t\t<\/div>\n\t\t\t\t<\/div>\n\t\t\t\t\t<\/div>\n\t\t\t\t<\/div>\n\t\t<div class=\"elementor-element elementor-element-8aff38b e-flex e-con-boxed e-con e-parent\" data-id=\"8aff38b\" data-element_type=\"container\" data-e-type=\"container\">\n\t\t\t\t\t<div class=\"e-con-inner\">\n\t\t<div class=\"elementor-element elementor-element-c820ded e-con-full e-flex e-con e-child\" data-id=\"c820ded\" data-element_type=\"container\" data-e-type=\"container\">\n\t\t\t\t<div class=\"elementor-element elementor-element-c0f3bb0 elementor-widget elementor-widget-image\" data-id=\"c0f3bb0\" data-element_type=\"widget\" data-e-type=\"widget\" data-widget_type=\"image.default\">\n\t\t\t\t<div class=\"elementor-widget-container\">\n\t\t\t\t\t\t\t\t\t\t\t\t<figure class=\"wp-caption\">\n\t\t\t\t\t\t\t\t\t\t\t<a href=\"https:\/\/jobeik.com\/tr\/urun-kategori\/hammaddeler\/\">\n\t\t\t\t\t\t\t<img loading=\"lazy\" decoding=\"async\" width=\"640\" height=\"640\" src=\"https:\/\/jobeik.com\/wp-content\/uploads\/2025\/08\/\u062e\u0627\u0645\u0627\u062a-1024x1024.jpg\" class=\"elementor-animation-bob attachment-large size-large wp-image-4393\" alt=\"\" srcset=\"https:\/\/jobeik.com\/wp-content\/uploads\/2025\/08\/\u062e\u0627\u0645\u0627\u062a-1024x1024.jpg 1024w, https:\/\/jobeik.com\/wp-content\/uploads\/2025\/08\/\u062e\u0627\u0645\u0627\u062a-300x300.jpg 300w, https:\/\/jobeik.com\/wp-content\/uploads\/2025\/08\/\u062e\u0627\u0645\u0627\u062a-150x150.jpg 150w, https:\/\/jobeik.com\/wp-content\/uploads\/2025\/08\/\u062e\u0627\u0645\u0627\u062a-768x768.jpg 768w, https:\/\/jobeik.com\/wp-content\/uploads\/2025\/08\/\u062e\u0627\u0645\u0627\u062a-1536x1536.jpg 1536w, https:\/\/jobeik.com\/wp-content\/uploads\/2025\/08\/\u062e\u0627\u0645\u0627\u062a-70x70.jpg 70w, https:\/\/jobeik.com\/wp-content\/uploads\/2025\/08\/\u062e\u0627\u0645\u0627\u062a-270x270.jpg 270w, https:\/\/jobeik.com\/wp-content\/uploads\/2025\/08\/\u062e\u0627\u0645\u0627\u062a-570x570.jpg 570w, https:\/\/jobeik.com\/wp-content\/uploads\/2025\/08\/\u062e\u0627\u0645\u0627\u062a-100x100.jpg 100w, https:\/\/jobeik.com\/wp-content\/uploads\/2025\/08\/\u062e\u0627\u0645\u0627\u062a.jpg 1800w\" sizes=\"(max-width: 640px) 100vw, 640px\" \/>\t\t\t\t\t\t\t\t<\/a>\n\t\t\t\t\t\t\t\t\t\t\t<figcaption class=\"widget-image-caption wp-caption-text\">Hammaddeler<\/figcaption>\n\t\t\t\t\t\t\t\t\t\t<\/figure>\n\t\t\t\t\t\t\t\t\t<\/div>\n\t\t\t\t<\/div>\n\t\t\t\t<\/div>\n\t\t<div class=\"elementor-element elementor-element-e50445d e-con-full e-flex e-con e-child\" data-id=\"e50445d\" data-element_type=\"container\" data-e-type=\"container\">\n\t\t\t\t<div class=\"elementor-element elementor-element-e84a7b9 elementor-widget elementor-widget-image\" data-id=\"e84a7b9\" data-element_type=\"widget\" data-e-type=\"widget\" data-widget_type=\"image.default\">\n\t\t\t\t<div class=\"elementor-widget-container\">\n\t\t\t\t\t\t\t\t\t\t\t\t<figure class=\"wp-caption\">\n\t\t\t\t\t\t\t\t\t\t\t<a href=\"https:\/\/jobeik.com\/tr\/urun-kategori\/kakuleli-kahve\/\">\n\t\t\t\t\t\t\t<img loading=\"lazy\" decoding=\"async\" width=\"640\" height=\"640\" src=\"https:\/\/jobeik.com\/wp-content\/uploads\/2025\/08\/\u0642\u0647\u0648\u0629-1024x1024.jpg\" class=\"elementor-animation-bob attachment-large size-large wp-image-4396\" alt=\"\" srcset=\"https:\/\/jobeik.com\/wp-content\/uploads\/2025\/08\/\u0642\u0647\u0648\u0629-1024x1024.jpg 1024w, https:\/\/jobeik.com\/wp-content\/uploads\/2025\/08\/\u0642\u0647\u0648\u0629-300x300.jpg 300w, https:\/\/jobeik.com\/wp-content\/uploads\/2025\/08\/\u0642\u0647\u0648\u0629-150x150.jpg 150w, https:\/\/jobeik.com\/wp-content\/uploads\/2025\/08\/\u0642\u0647\u0648\u0629-768x768.jpg 768w, https:\/\/jobeik.com\/wp-content\/uploads\/2025\/08\/\u0642\u0647\u0648\u0629-1536x1536.jpg 1536w, https:\/\/jobeik.com\/wp-content\/uploads\/2025\/08\/\u0642\u0647\u0648\u0629-70x70.jpg 70w, https:\/\/jobeik.com\/wp-content\/uploads\/2025\/08\/\u0642\u0647\u0648\u0629-270x270.jpg 270w, https:\/\/jobeik.com\/wp-content\/uploads\/2025\/08\/\u0642\u0647\u0648\u0629-570x570.jpg 570w, https:\/\/jobeik.com\/wp-content\/uploads\/2025\/08\/\u0642\u0647\u0648\u0629-100x100.jpg 100w, https:\/\/jobeik.com\/wp-content\/uploads\/2025\/08\/\u0642\u0647\u0648\u0629.jpg 1800w\" sizes=\"(max-width: 640px) 100vw, 640px\" \/>\t\t\t\t\t\t\t\t<\/a>\n\t\t\t\t\t\t\t\t\t\t\t<figcaption class=\"widget-image-caption wp-caption-text\">Kahve<\/figcaption>\n\t\t\t\t\t\t\t\t\t\t<\/figure>\n\t\t\t\t\t\t\t\t\t<\/div>\n\t\t\t\t<\/div>\n\t\t\t\t<\/div>\n\t\t<div class=\"elementor-element elementor-element-89cbf30 e-con-full e-flex e-con e-child\" data-id=\"89cbf30\" data-element_type=\"container\" data-e-type=\"container\">\n\t\t\t\t<div class=\"elementor-element elementor-element-5bc4c67 elementor-widget elementor-widget-image\" data-id=\"5bc4c67\" data-element_type=\"widget\" data-e-type=\"widget\" data-widget_type=\"image.default\">\n\t\t\t\t<div class=\"elementor-widget-container\">\n\t\t\t\t\t\t\t\t\t\t\t\t<figure class=\"wp-caption\">\n\t\t\t\t\t\t\t\t\t\t\t<a href=\"https:\/\/jobeik.com\/tr\/urun-kategori\/kuruyemisler\/\">\n\t\t\t\t\t\t\t<img loading=\"lazy\" decoding=\"async\" width=\"640\" height=\"640\" src=\"https:\/\/jobeik.com\/wp-content\/uploads\/2025\/07\/\u0645\u0643\u0633\u0631\u0627\u062a-1024x1024.jpg\" class=\"elementor-animation-bob attachment-large size-large wp-image-4356\" alt=\"\" srcset=\"https:\/\/jobeik.com\/wp-content\/uploads\/2025\/07\/\u0645\u0643\u0633\u0631\u0627\u062a-1024x1024.jpg 1024w, https:\/\/jobeik.com\/wp-content\/uploads\/2025\/07\/\u0645\u0643\u0633\u0631\u0627\u062a-300x300.jpg 300w, https:\/\/jobeik.com\/wp-content\/uploads\/2025\/07\/\u0645\u0643\u0633\u0631\u0627\u062a-150x150.jpg 150w, https:\/\/jobeik.com\/wp-content\/uploads\/2025\/07\/\u0645\u0643\u0633\u0631\u0627\u062a-768x768.jpg 768w, https:\/\/jobeik.com\/wp-content\/uploads\/2025\/07\/\u0645\u0643\u0633\u0631\u0627\u062a-1536x1536.jpg 1536w, https:\/\/jobeik.com\/wp-content\/uploads\/2025\/07\/\u0645\u0643\u0633\u0631\u0627\u062a-70x70.jpg 70w, https:\/\/jobeik.com\/wp-content\/uploads\/2025\/07\/\u0645\u0643\u0633\u0631\u0627\u062a-270x270.jpg 270w, https:\/\/jobeik.com\/wp-content\/uploads\/2025\/07\/\u0645\u0643\u0633\u0631\u0627\u062a-570x570.jpg 570w, https:\/\/jobeik.com\/wp-content\/uploads\/2025\/07\/\u0645\u0643\u0633\u0631\u0627\u062a-100x100.jpg 100w, https:\/\/jobeik.com\/wp-content\/uploads\/2025\/07\/\u0645\u0643\u0633\u0631\u0627\u062a.jpg 1800w\" sizes=\"(max-width: 640px) 100vw, 640px\" \/>\t\t\t\t\t\t\t\t<\/a>\n\t\t\t\t\t\t\t\t\t\t\t<figcaption class=\"widget-image-caption wp-caption-text\">Kuruyemi\u015fler<\/figcaption>\n\t\t\t\t\t\t\t\t\t\t<\/figure>\n\t\t\t\t\t\t\t\t\t<\/div>\n\t\t\t\t<\/div>\n\t\t\t\t<\/div>\n\t\t<div class=\"elementor-element elementor-element-f0a72a4 e-con-full e-flex e-con e-child\" data-id=\"f0a72a4\" data-element_type=\"container\" data-e-type=\"container\">\n\t\t\t\t<div class=\"elementor-element elementor-element-422cbbd elementor-widget elementor-widget-image\" data-id=\"422cbbd\" data-element_type=\"widget\" data-e-type=\"widget\" data-widget_type=\"image.default\">\n\t\t\t\t<div class=\"elementor-widget-container\">\n\t\t\t\t\t\t\t\t\t\t\t\t<figure class=\"wp-caption\">\n\t\t\t\t\t\t\t\t\t\t\t<a href=\"https:\/\/jobeik.com\/tr\/urun-kategori\/kurutulmus-meyveler\/\">\n\t\t\t\t\t\t\t<img loading=\"lazy\" decoding=\"async\" width=\"640\" height=\"640\" src=\"https:\/\/jobeik.com\/wp-content\/uploads\/2025\/08\/\u0645\u0634\u0645\u0634-\u0645\u062c\u0641\u0641-1024x1024.jpg\" class=\"elementor-animation-bob attachment-large size-large wp-image-4384\" alt=\"\" srcset=\"https:\/\/jobeik.com\/wp-content\/uploads\/2025\/08\/\u0645\u0634\u0645\u0634-\u0645\u062c\u0641\u0641-1024x1024.jpg 1024w, https:\/\/jobeik.com\/wp-content\/uploads\/2025\/08\/\u0645\u0634\u0645\u0634-\u0645\u062c\u0641\u0641-300x300.jpg 300w, https:\/\/jobeik.com\/wp-content\/uploads\/2025\/08\/\u0645\u0634\u0645\u0634-\u0645\u062c\u0641\u0641-150x150.jpg 150w, https:\/\/jobeik.com\/wp-content\/uploads\/2025\/08\/\u0645\u0634\u0645\u0634-\u0645\u062c\u0641\u0641-768x768.jpg 768w, https:\/\/jobeik.com\/wp-content\/uploads\/2025\/08\/\u0645\u0634\u0645\u0634-\u0645\u062c\u0641\u0641-1536x1536.jpg 1536w, https:\/\/jobeik.com\/wp-content\/uploads\/2025\/08\/\u0645\u0634\u0645\u0634-\u0645\u062c\u0641\u0641-70x70.jpg 70w, https:\/\/jobeik.com\/wp-content\/uploads\/2025\/08\/\u0645\u0634\u0645\u0634-\u0645\u062c\u0641\u0641-270x270.jpg 270w, https:\/\/jobeik.com\/wp-content\/uploads\/2025\/08\/\u0645\u0634\u0645\u0634-\u0645\u062c\u0641\u0641-570x570.jpg 570w, https:\/\/jobeik.com\/wp-content\/uploads\/2025\/08\/\u0645\u0634\u0645\u0634-\u0645\u062c\u0641\u0641-100x100.jpg 100w, https:\/\/jobeik.com\/wp-content\/uploads\/2025\/08\/\u0645\u0634\u0645\u0634-\u0645\u062c\u0641\u0641.jpg 1800w\" sizes=\"(max-width: 640px) 100vw, 640px\" \/>\t\t\t\t\t\t\t\t<\/a>\n\t\t\t\t\t\t\t\t\t\t\t<figcaption class=\"widget-image-caption wp-caption-text\">Kurutulmu\u015f Meyveler<\/figcaption>\n\t\t\t\t\t\t\t\t\t\t<\/figure>\n\t\t\t\t\t\t\t\t\t<\/div>\n\t\t\t\t<\/div>\n\t\t\t\t<\/div>\n\t\t<div class=\"elementor-element elementor-element-1959db5 e-con-full e-flex e-con e-child\" data-id=\"1959db5\" data-element_type=\"container\" data-e-type=\"container\">\n\t\t\t\t<div class=\"elementor-element elementor-element-b66929d elementor-widget elementor-widget-image\" data-id=\"b66929d\" data-element_type=\"widget\" data-e-type=\"widget\" data-widget_type=\"image.default\">\n\t\t\t\t<div class=\"elementor-widget-container\">\n\t\t\t\t\t\t\t\t\t\t\t\t<figure class=\"wp-caption\">\n\t\t\t\t\t\t\t\t\t\t\t<a href=\"https:\/\/jobeik.com\/tr\/urun-kategori\/kuruyemis\/\">\n\t\t\t\t\t\t\t<img loading=\"lazy\" decoding=\"async\" width=\"640\" height=\"640\" src=\"https:\/\/jobeik.com\/wp-content\/uploads\/2025\/07\/\u0628\u0632\u0648\u0631\u0627\u062a-1024x1024.jpg\" class=\"elementor-animation-bob attachment-large size-large wp-image-4359\" alt=\"\" srcset=\"https:\/\/jobeik.com\/wp-content\/uploads\/2025\/07\/\u0628\u0632\u0648\u0631\u0627\u062a-1024x1024.jpg 1024w, https:\/\/jobeik.com\/wp-content\/uploads\/2025\/07\/\u0628\u0632\u0648\u0631\u0627\u062a-300x300.jpg 300w, https:\/\/jobeik.com\/wp-content\/uploads\/2025\/07\/\u0628\u0632\u0648\u0631\u0627\u062a-150x150.jpg 150w, https:\/\/jobeik.com\/wp-content\/uploads\/2025\/07\/\u0628\u0632\u0648\u0631\u0627\u062a-768x768.jpg 768w, https:\/\/jobeik.com\/wp-content\/uploads\/2025\/07\/\u0628\u0632\u0648\u0631\u0627\u062a-1536x1536.jpg 1536w, https:\/\/jobeik.com\/wp-content\/uploads\/2025\/07\/\u0628\u0632\u0648\u0631\u0627\u062a-70x70.jpg 70w, https:\/\/jobeik.com\/wp-content\/uploads\/2025\/07\/\u0628\u0632\u0648\u0631\u0627\u062a-270x270.jpg 270w, https:\/\/jobeik.com\/wp-content\/uploads\/2025\/07\/\u0628\u0632\u0648\u0631\u0627\u062a-570x570.jpg 570w, https:\/\/jobeik.com\/wp-content\/uploads\/2025\/07\/\u0628\u0632\u0648\u0631\u0627\u062a-100x100.jpg 100w, https:\/\/jobeik.com\/wp-content\/uploads\/2025\/07\/\u0628\u0632\u0648\u0631\u0627\u062a.jpg 1800w\" sizes=\"(max-width: 640px) 100vw, 640px\" \/>\t\t\t\t\t\t\t\t<\/a>\n\t\t\t\t\t\t\t\t\t\t\t<figcaption class=\"widget-image-caption wp-caption-text\">\u00c7ekirdekler<\/figcaption>\n\t\t\t\t\t\t\t\t\t\t<\/figure>\n\t\t\t\t\t\t\t\t\t<\/div>\n\t\t\t\t<\/div>\n\t\t\t\t<\/div>\n\t\t\t\t\t<\/div>\n\t\t\t\t<\/div>\n\t\t\t\t<\/div>\n\t\t","protected":false},"excerpt":{"rendered":"<p>Pirin\u00e7 Baklagiller Baharatlar Hurma Ya\u011flar Hammaddeler Kahve Kuruyemi\u015fler Kurutulmu\u015f Meyveler \u00c7ekirdekler<\/p>\n","protected":false},"author":1,"featured_media":0,"parent":0,"menu_order":0,"comment_status":"closed","ping_status":"closed","template":"elementor_header_footer","meta":{"_monsterinsights_skip_tracking":false,"_monsterinsights_sitenote_active":false,"_monsterinsights_sitenote_note":"","_monsterinsights_sitenote_category":0,"footnotes":""},"class_list":["post-3701","page","type-page","status-publish","hentry"],"aioseo_notices":[],"_links":{"self":[{"href":"https:\/\/jobeik.com\/tr\/wp-json\/wp\/v2\/pages\/3701","targetHints":{"allow":["GET"]}}],"collection":[{"href":"https:\/\/jobeik.com\/tr\/wp-json\/wp\/v2\/pages"}],"about":[{"href":"https:\/\/jobeik.com\/tr\/wp-json\/wp\/v2\/types\/page"}],"author":[{"embeddable":true,"href":"https:\/\/jobeik.com\/tr\/wp-json\/wp\/v2\/users\/1"}],"replies":[{"embeddable":true,"href":"https:\/\/jobeik.com\/tr\/wp-json\/wp\/v2\/comments?post=3701"}],"version-history":[{"count":31,"href":"https:\/\/jobeik.com\/tr\/wp-json\/wp\/v2\/pages\/3701\/revisions"}],"predecessor-version":[{"id":4442,"href":"https:\/\/jobeik.com\/tr\/wp-json\/wp\/v2\/pages\/3701\/revisions\/4442"}],"wp:attachment":[{"href":"https:\/\/jobeik.com\/tr\/wp-json\/wp\/v2\/media?parent=3701"}],"curies":[{"name":"wp","href":"https:\/\/api.w.org\/{rel}","templated":true}]}}