{"id":3704,"date":"2025-05-13T18:14:03","date_gmt":"2025-05-13T18:14:03","guid":{"rendered":"https:\/\/jobeik.com\/gizlilik-politikasi\/"},"modified":"2025-06-16T05:44:10","modified_gmt":"2025-06-16T05:44:10","slug":"gizlilik-politikasi","status":"publish","type":"page","link":"https:\/\/jobeik.com\/tr\/gizlilik-politikasi\/","title":{"rendered":"Gizlilik Politikas\u0131"},"content":{"rendered":"\t\t<div data-elementor-type=\"wp-page\" data-elementor-id=\"3704\" class=\"elementor elementor-3704 elementor-2013\">\n\t\t\t\t<div class=\"elementor-element elementor-element-8b5af82 e-flex e-con-boxed e-con e-parent\" data-id=\"8b5af82\" data-element_type=\"container\" data-e-type=\"container\">\n\t\t\t\t\t<div class=\"e-con-inner\">\n\t\t\t\t<div class=\"elementor-element elementor-element-128a3b1 elementor-widget elementor-widget-heading\" data-id=\"128a3b1\" data-element_type=\"widget\" data-e-type=\"widget\" data-widget_type=\"heading.default\">\n\t\t\t\t<div class=\"elementor-widget-container\">\n\t\t\t\t\t<h2 class=\"elementor-heading-title elementor-size-default\">Gizlilik Politikas\u0131 \u2013 Jo Beik \u015eirketi<\/h2>\t\t\t\t<\/div>\n\t\t\t\t<\/div>\n\t\t\t\t<div class=\"elementor-element elementor-element-13258d0 elementor-widget elementor-widget-text-editor\" data-id=\"13258d0\" data-element_type=\"widget\" data-e-type=\"widget\" data-widget_type=\"text-editor.default\">\n\t\t\t\t<div class=\"elementor-widget-container\">\n\t\t\t\t\t\t\t\t\t<p class=\"\" data-start=\"178\" data-end=\"333\"><strong data-start=\"186\" data-end=\"195\">Jo Beik<\/strong> olarak gizlili\u011finize sayg\u0131 duyuyor ve ki\u015fisel verilerinizi korumaya kararl\u0131y\u0131z. Bu politika, web sitemizi kulland\u0131\u011f\u0131n\u0131zda bize sa\u011flad\u0131\u011f\u0131n\u0131z bilgileri nas\u0131l toplad\u0131\u011f\u0131m\u0131z\u0131, kulland\u0131\u011f\u0131m\u0131z\u0131 ve korudu\u011fumuzu a\u00e7\u0131klamaktad\u0131r.<\/p><p class=\"\" data-start=\"1688\" data-end=\"1755\"> <\/p>\t\t\t\t\t\t\t\t<\/div>\n\t\t\t\t<\/div>\n\t\t\t\t\t<\/div>\n\t\t\t\t<\/div>\n\t\t<div class=\"elementor-element elementor-element-099f49c e-flex e-con-boxed e-con e-parent\" data-id=\"099f49c\" data-element_type=\"container\" data-e-type=\"container\">\n\t\t\t\t\t<div class=\"e-con-inner\">\n\t\t\t\t<div class=\"elementor-element elementor-element-5934f56 elementor-widget elementor-widget-heading\" data-id=\"5934f56\" data-element_type=\"widget\" data-e-type=\"widget\" data-widget_type=\"heading.default\">\n\t\t\t\t<div class=\"elementor-widget-container\">\n\t\t\t\t\t<h4 class=\"elementor-heading-title elementor-size-default\"> Toplad\u0131\u011f\u0131m\u0131z Bilgiler<\/h4>\t\t\t\t<\/div>\n\t\t\t\t<\/div>\n\t\t\t\t<div class=\"elementor-element elementor-element-2c91237 elementor-widget elementor-widget-text-editor\" data-id=\"2c91237\" data-element_type=\"widget\" data-e-type=\"widget\" data-widget_type=\"text-editor.default\">\n\t\t\t\t<div class=\"elementor-widget-container\">\n\t\t\t\t\t\t\t\t\t<p class=\"\" data-start=\"373\" data-end=\"404\">A\u015fa\u011f\u0131daki gibi ki\u015fisel bilgileri toplayabiliriz:<\/p><ul data-start=\"405\" data-end=\"537\"><li class=\"\" data-start=\"405\" data-end=\"420\"><p class=\"\" data-start=\"407\" data-end=\"420\">Tam Ad\u0131n\u0131z.<\/p><\/li><li class=\"\" data-start=\"421\" data-end=\"447\"><p class=\"\" data-start=\"423\" data-end=\"447\">E-posta Adresiniz.<\/p><\/li><li class=\"\" data-start=\"448\" data-end=\"461\"><p class=\"\" data-start=\"450\" data-end=\"461\">Telefon Numaran\u0131z.<\/p><\/li><li class=\"\" data-start=\"462\" data-end=\"482\"><p class=\"\" data-start=\"464\" data-end=\"482\">\u00dclke veya \u015eehir.<\/p><\/li><li class=\"\" data-start=\"483\" data-end=\"537\"><p class=\"\" data-start=\"485\" data-end=\"537\">\u0130leti\u015fim veya sipari\u015f formlar\u0131 arac\u0131l\u0131\u011f\u0131yla g\u00f6nderilen di\u011fer t\u00fcm bilgiler.<\/p><\/li><\/ul>\t\t\t\t\t\t\t\t<\/div>\n\t\t\t\t<\/div>\n\t\t\t\t\t<\/div>\n\t\t\t\t<\/div>\n\t\t<div class=\"elementor-element elementor-element-9089cb7 e-flex e-con-boxed e-con e-parent\" data-id=\"9089cb7\" data-element_type=\"container\" data-e-type=\"container\">\n\t\t\t\t\t<div class=\"e-con-inner\">\n\t\t\t\t<div class=\"elementor-element elementor-element-611379e elementor-widget elementor-widget-heading\" data-id=\"611379e\" data-element_type=\"widget\" data-e-type=\"widget\" data-widget_type=\"heading.default\">\n\t\t\t\t<div class=\"elementor-widget-container\">\n\t\t\t\t\t<h4 class=\"elementor-heading-title elementor-size-default\">Bilgileri Nas\u0131l Kullan\u0131yoruz?<\/h4>\t\t\t\t<\/div>\n\t\t\t\t<\/div>\n\t\t\t\t<div class=\"elementor-element elementor-element-d2fbb24 elementor-widget elementor-widget-text-editor\" data-id=\"d2fbb24\" data-element_type=\"widget\" data-e-type=\"widget\" data-widget_type=\"text-editor.default\">\n\t\t\t\t<div class=\"elementor-widget-container\">\n\t\t\t\t\t\t\t\t\t<p class=\"\" data-start=\"579\" data-end=\"619\">Bize sa\u011flad\u0131\u011f\u0131n\u0131z bilgileri a\u015fa\u011f\u0131daki ama\u00e7larla kullan\u0131r\u0131z:<\/p><ul data-start=\"620\" data-end=\"744\"><li class=\"\" data-start=\"620\" data-end=\"650\"><p class=\"\" data-start=\"622\" data-end=\"650\">Sorular\u0131n\u0131za ve taleplerinize yan\u0131t vermek.<\/p><\/li><li class=\"\" data-start=\"651\" data-end=\"686\"><p class=\"\" data-start=\"653\" data-end=\"686\">Talep \u00fczerine teklif veya katalog g\u00f6ndermek.<\/p><\/li><li class=\"\" data-start=\"687\" data-end=\"712\"><p class=\"\" data-start=\"689\" data-end=\"712\">Web sitemizdeki deneyiminizi iyile\u015ftirmek.<\/p><\/li><li class=\"\" data-start=\"713\" data-end=\"744\"><p class=\"\" data-start=\"715\" data-end=\"744\">Hizmetlerimizi analiz etmek ve geli\u015ftirmek.<\/p><\/li><\/ul>\t\t\t\t\t\t\t\t<\/div>\n\t\t\t\t<\/div>\n\t\t\t\t\t<\/div>\n\t\t\t\t<\/div>\n\t\t<div class=\"elementor-element elementor-element-e8d3114 e-flex e-con-boxed e-con e-parent\" data-id=\"e8d3114\" data-element_type=\"container\" data-e-type=\"container\">\n\t\t\t\t\t<div class=\"e-con-inner\">\n\t\t\t\t<div class=\"elementor-element elementor-element-3095788 elementor-widget elementor-widget-heading\" data-id=\"3095788\" data-element_type=\"widget\" data-e-type=\"widget\" data-widget_type=\"heading.default\">\n\t\t\t\t<div class=\"elementor-widget-container\">\n\t\t\t\t\t<h4 class=\"elementor-heading-title elementor-size-default\">Veri Koruma<\/h4>\t\t\t\t<\/div>\n\t\t\t\t<\/div>\n\t\t\t\t<div class=\"elementor-element elementor-element-3c8f07c elementor-widget elementor-widget-text-editor\" data-id=\"3c8f07c\" data-element_type=\"widget\" data-e-type=\"widget\" data-widget_type=\"text-editor.default\">\n\t\t\t\t<div class=\"elementor-widget-container\">\n\t\t\t\t\t\t\t\t\t<p class=\"\" data-start=\"777\" data-end=\"868\">Verilerinizi yetkisiz eri\u015fime veya kullan\u0131ma kar\u015f\u0131 korumak i\u00e7in uygun g\u00fcvenlik \u00f6nlemlerini almay\u0131 taahh\u00fct ediyoruz.<\/p>\t\t\t\t\t\t\t\t<\/div>\n\t\t\t\t<\/div>\n\t\t\t\t\t<\/div>\n\t\t\t\t<\/div>\n\t\t<div class=\"elementor-element elementor-element-5608b85 e-flex e-con-boxed e-con e-parent\" data-id=\"5608b85\" data-element_type=\"container\" data-e-type=\"container\">\n\t\t\t\t\t<div class=\"e-con-inner\">\n\t\t\t\t<div class=\"elementor-element elementor-element-3842a25 elementor-widget elementor-widget-heading\" data-id=\"3842a25\" data-element_type=\"widget\" data-e-type=\"widget\" data-widget_type=\"heading.default\">\n\t\t\t\t<div class=\"elementor-widget-container\">\n\t\t\t\t\t<h4 class=\"elementor-heading-title elementor-size-default\">Verilerin Payla\u015f\u0131lmas\u0131<\/h4>\t\t\t\t<\/div>\n\t\t\t\t<\/div>\n\t\t\t\t<div class=\"elementor-element elementor-element-ffe3043 elementor-widget elementor-widget-text-editor\" data-id=\"ffe3043\" data-element_type=\"widget\" data-e-type=\"widget\" data-widget_type=\"text-editor.default\">\n\t\t\t\t<div class=\"elementor-widget-container\">\n\t\t\t\t\t\t\t\t\t<p class=\"\" data-start=\"777\" data-end=\"868\">Ki\u015fisel bilgilerinizi hi\u00e7bir \u00fc\u00e7\u00fcnc\u00fc tarafa satm\u0131yor veya kiralam\u0131yoruz. Bilgileri yaln\u0131zca, gizlilik politikam\u0131za uymakla y\u00fck\u00fcml\u00fc olan hizmet sa\u011flay\u0131c\u0131lar\u0131m\u0131zla web sitesinin i\u015fletilmesi veya sipari\u015flerin i\u015flenmesi amac\u0131yla payla\u015fabiliriz.  <\/p>\t\t\t\t\t\t\t\t<\/div>\n\t\t\t\t<\/div>\n\t\t\t\t\t<\/div>\n\t\t\t\t<\/div>\n\t\t<div class=\"elementor-element elementor-element-2a4bfcb e-flex e-con-boxed e-con e-parent\" data-id=\"2a4bfcb\" data-element_type=\"container\" data-e-type=\"container\">\n\t\t\t\t\t<div class=\"e-con-inner\">\n\t\t\t\t<div class=\"elementor-element elementor-element-60ed678 elementor-widget elementor-widget-heading\" data-id=\"60ed678\" data-element_type=\"widget\" data-e-type=\"widget\" data-widget_type=\"heading.default\">\n\t\t\t\t<div class=\"elementor-widget-container\">\n\t\t\t\t\t<h4 class=\"elementor-heading-title elementor-size-default\">\u00c7erezler (Cookies)<\/h4>\t\t\t\t<\/div>\n\t\t\t\t<\/div>\n\t\t\t\t<div class=\"elementor-element elementor-element-049f069 elementor-widget elementor-widget-text-editor\" data-id=\"049f069\" data-element_type=\"widget\" data-e-type=\"widget\" data-widget_type=\"text-editor.default\">\n\t\t\t\t<div class=\"elementor-widget-container\">\n\t\t\t\t\t\t\t\t\t<p class=\"\" data-start=\"1119\" data-end=\"1239\">Kullan\u0131c\u0131 deneyimini iyile\u015ftirmek ve site trafi\u011fini analiz etmek i\u00e7in \u00e7erezleri kullanabiliriz. Taray\u0131c\u0131n\u0131z \u00fczerinden \u00e7erez ayarlar\u0131n\u0131z\u0131 kontrol edebilirsiniz. <\/p>\t\t\t\t\t\t\t\t<\/div>\n\t\t\t\t<\/div>\n\t\t\t\t\t<\/div>\n\t\t\t\t<\/div>\n\t\t<div class=\"elementor-element elementor-element-a320193 e-flex e-con-boxed e-con e-parent\" data-id=\"a320193\" data-element_type=\"container\" data-e-type=\"container\">\n\t\t\t\t\t<div class=\"e-con-inner\">\n\t\t\t\t<div class=\"elementor-element elementor-element-060c513 elementor-widget elementor-widget-heading\" data-id=\"060c513\" data-element_type=\"widget\" data-e-type=\"widget\" data-widget_type=\"heading.default\">\n\t\t\t\t<div class=\"elementor-widget-container\">\n\t\t\t\t\t<h4 class=\"elementor-heading-title elementor-size-default\">D\u0131\u015f Web Sitelerine Ba\u011flant\u0131lar<\/h4>\t\t\t\t<\/div>\n\t\t\t\t<\/div>\n\t\t\t\t<div class=\"elementor-element elementor-element-853c704 elementor-widget elementor-widget-text-editor\" data-id=\"853c704\" data-element_type=\"widget\" data-e-type=\"widget\" data-widget_type=\"text-editor.default\">\n\t\t\t\t<div class=\"elementor-widget-container\">\n\t\t\t\t\t\t\t\t\t<p class=\"\" data-start=\"1119\" data-end=\"1239\">Web sitemiz ba\u015fka sitelere ba\u011flant\u0131lar i\u00e7erebilir. Bu sitelerin i\u00e7eri\u011finden veya gizlilik politikalar\u0131ndan sorumlu de\u011filiz. <\/p>\t\t\t\t\t\t\t\t<\/div>\n\t\t\t\t<\/div>\n\t\t\t\t\t<\/div>\n\t\t\t\t<\/div>\n\t\t<div class=\"elementor-element elementor-element-c5a4465 e-flex e-con-boxed e-con e-parent\" data-id=\"c5a4465\" data-element_type=\"container\" data-e-type=\"container\">\n\t\t\t\t\t<div class=\"e-con-inner\">\n\t\t\t\t<div class=\"elementor-element elementor-element-c9dc70c elementor-widget elementor-widget-heading\" data-id=\"c9dc70c\" data-element_type=\"widget\" data-e-type=\"widget\" data-widget_type=\"heading.default\">\n\t\t\t\t<div class=\"elementor-widget-container\">\n\t\t\t\t\t<h4 class=\"elementor-heading-title elementor-size-default\">Politikam\u0131z\u0131 Kabul Etmeniz<\/h4>\t\t\t\t<\/div>\n\t\t\t\t<\/div>\n\t\t\t\t<div class=\"elementor-element elementor-element-cc8abb8 elementor-widget elementor-widget-text-editor\" data-id=\"cc8abb8\" data-element_type=\"widget\" data-e-type=\"widget\" data-widget_type=\"text-editor.default\">\n\t\t\t\t<div class=\"elementor-widget-container\">\n\t\t\t\t\t\t\t\t\t<p class=\"\" data-start=\"1411\" data-end=\"1468\">Bu web sitesini kullanarak, bu gizlilik politikas\u0131n\u0131 kabul etmi\u015f olursunuz. <\/p>\t\t\t\t\t\t\t\t<\/div>\n\t\t\t\t<\/div>\n\t\t\t\t\t<\/div>\n\t\t\t\t<\/div>\n\t\t<div class=\"elementor-element elementor-element-fbe5b02 e-flex e-con-boxed e-con e-parent\" data-id=\"fbe5b02\" data-element_type=\"container\" data-e-type=\"container\">\n\t\t\t\t\t<div class=\"e-con-inner\">\n\t\t\t\t<div class=\"elementor-element elementor-element-7f800d4 elementor-widget elementor-widget-heading\" data-id=\"7f800d4\" data-element_type=\"widget\" data-e-type=\"widget\" data-widget_type=\"heading.default\">\n\t\t\t\t<div class=\"elementor-widget-container\">\n\t\t\t\t\t<h4 class=\"elementor-heading-title elementor-size-default\">Politikadaki De\u011fi\u015fiklikler<\/h4>\t\t\t\t<\/div>\n\t\t\t\t<\/div>\n\t\t\t\t<div class=\"elementor-element elementor-element-32ca416 elementor-widget elementor-widget-text-editor\" data-id=\"32ca416\" data-element_type=\"widget\" data-e-type=\"widget\" data-widget_type=\"text-editor.default\">\n\t\t\t\t<div class=\"elementor-widget-container\">\n\t\t\t\t\t\t\t\t\t<p class=\"\" data-start=\"1496\" data-end=\"1598\">Bu politikay\u0131 zaman zaman g\u00fcncelleyebiliriz. Herhangi bir de\u011fi\u015fiklik bu sayfada yay\u0131nlanacak olup, d\u00fczenli olarak g\u00f6zden ge\u00e7irmenizi \u00f6neririz.  <\/p>\t\t\t\t\t\t\t\t<\/div>\n\t\t\t\t<\/div>\n\t\t\t\t\t<\/div>\n\t\t\t\t<\/div>\n\t\t<div class=\"elementor-element elementor-element-4fac3f0 e-flex e-con-boxed e-con e-parent\" data-id=\"4fac3f0\" data-element_type=\"container\" data-e-type=\"container\">\n\t\t\t\t\t<div class=\"e-con-inner\">\n\t\t\t\t<div class=\"elementor-element elementor-element-5b9c67d elementor-widget elementor-widget-heading\" data-id=\"5b9c67d\" data-element_type=\"widget\" data-e-type=\"widget\" data-widget_type=\"heading.default\">\n\t\t\t\t<div class=\"elementor-widget-container\">\n\t\t\t\t\t<h4 class=\"elementor-heading-title elementor-size-default\">Bizimle \u0130leti\u015fime Ge\u00e7in<\/h4>\t\t\t\t<\/div>\n\t\t\t\t<\/div>\n\t\t\t\t<div class=\"elementor-element elementor-element-9abff11 elementor-widget elementor-widget-text-editor\" data-id=\"9abff11\" data-element_type=\"widget\" data-e-type=\"widget\" data-widget_type=\"text-editor.default\">\n\t\t\t\t<div class=\"elementor-widget-container\">\n\t\t\t\t\t\t\t\t\t<p class=\"\" data-start=\"1629\" data-end=\"1686\">Gizlilik politikas\u0131 ile ilgili her t\u00fcrl\u00fc sorunuz i\u00e7in l\u00fctfen bizimle ileti\u015fime ge\u00e7in: <\/p><p class=\"\" data-start=\"1688\" data-end=\"1755\">\ud83d\udce7 E-posta: <a class=\"cursor-pointer\" rel=\"noopener\" data-start=\"1710\" data-end=\"1724\">info@jobek.com<\/a><br data-start=\"1724\" data-end=\"1727\">\ud83d\udcde Telefon Numaras\u0131: +352681588623<\/p>\t\t\t\t\t\t\t\t<\/div>\n\t\t\t\t<\/div>\n\t\t\t\t\t<\/div>\n\t\t\t\t<\/div>\n\t\t\t\t<\/div>\n\t\t","protected":false},"excerpt":{"rendered":"<p>Gizlilik Politikas\u0131 \u2013 Jo Beik \u015eirketi Jo Beik olarak gizlili\u011finize sayg\u0131 duyuyor ve ki\u015fisel verilerinizi korumaya kararl\u0131y\u0131z. Bu politika, web sitemizi kulland\u0131\u011f\u0131n\u0131zda bize sa\u011flad\u0131\u011f\u0131n\u0131z bilgileri nas\u0131l toplad\u0131\u011f\u0131m\u0131z\u0131, kulland\u0131\u011f\u0131m\u0131z\u0131 ve korudu\u011fumuzu a\u00e7\u0131klamaktad\u0131r. Toplad\u0131\u011f\u0131m\u0131z Bilgiler A\u015fa\u011f\u0131daki gibi ki\u015fisel bilgileri toplayabiliriz: Tam Ad\u0131n\u0131z. E-posta Adresiniz. Telefon Numaran\u0131z. \u00dclke veya \u015eehir. \u0130leti\u015fim veya sipari\u015f formlar\u0131 arac\u0131l\u0131\u011f\u0131yla g\u00f6nderilen di\u011fer t\u00fcm [&hellip;]<\/p>\n","protected":false},"author":1,"featured_media":0,"parent":0,"menu_order":0,"comment_status":"closed","ping_status":"closed","template":"elementor_header_footer","meta":{"_monsterinsights_skip_tracking":false,"_monsterinsights_sitenote_active":false,"_monsterinsights_sitenote_note":"","_monsterinsights_sitenote_category":0,"footnotes":""},"class_list":["post-3704","page","type-page","status-publish","hentry"],"aioseo_notices":[],"_links":{"self":[{"href":"https:\/\/jobeik.com\/tr\/wp-json\/wp\/v2\/pages\/3704","targetHints":{"allow":["GET"]}}],"collection":[{"href":"https:\/\/jobeik.com\/tr\/wp-json\/wp\/v2\/pages"}],"about":[{"href":"https:\/\/jobeik.com\/tr\/wp-json\/wp\/v2\/types\/page"}],"author":[{"embeddable":true,"href":"https:\/\/jobeik.com\/tr\/wp-json\/wp\/v2\/users\/1"}],"replies":[{"embeddable":true,"href":"https:\/\/jobeik.com\/tr\/wp-json\/wp\/v2\/comments?post=3704"}],"version-history":[{"count":1,"href":"https:\/\/jobeik.com\/tr\/wp-json\/wp\/v2\/pages\/3704\/revisions"}],"predecessor-version":[{"id":3705,"href":"https:\/\/jobeik.com\/tr\/wp-json\/wp\/v2\/pages\/3704\/revisions\/3705"}],"wp:attachment":[{"href":"https:\/\/jobeik.com\/tr\/wp-json\/wp\/v2\/media?parent=3704"}],"curies":[{"name":"wp","href":"https:\/\/api.w.org\/{rel}","templated":true}]}}