{"id":3747,"date":"2025-05-29T19:19:54","date_gmt":"2025-05-29T19:19:54","guid":{"rendered":"https:\/\/jobeik.com\/product\/corek-otu\/"},"modified":"2025-05-29T19:19:54","modified_gmt":"2025-05-29T19:19:54","slug":"corek-otu","status":"publish","type":"product","link":"https:\/\/jobeik.com\/tr\/product\/corek-otu\/","title":{"rendered":"\u00c7\u00f6rek Otu"},"content":{"rendered":"","protected":false},"excerpt":{"rendered":"<p>Saf ve taze \u00e7\u00f6rek otu, sa\u011fl\u0131k a\u00e7\u0131s\u0131ndan zengin faydalar sunar ve tariflerinize sa\u011fl\u0131kl\u0131 bir dokunu\u015f katar.<br \/>G\u00f6bek\u2019ten g\u00fcvenilir tercih.  <\/p>\n","protected":false},"featured_media":4261,"template":"","meta":{"_monsterinsights_skip_tracking":false,"_monsterinsights_sitenote_active":false,"_monsterinsights_sitenote_note":"","_monsterinsights_sitenote_category":0},"product_brand":[],"product_cat":[120],"product_tag":[],"class_list":{"0":"post-3747","1":"product","2":"type-product","3":"status-publish","4":"has-post-thumbnail","6":"product_cat-baharatlar","8":"first","9":"instock","10":"shipping-taxable","11":"product-type-simple"},"aioseo_notices":[],"_links":{"self":[{"href":"https:\/\/jobeik.com\/tr\/wp-json\/wp\/v2\/product\/3747","targetHints":{"allow":["GET"]}}],"collection":[{"href":"https:\/\/jobeik.com\/tr\/wp-json\/wp\/v2\/product"}],"about":[{"href":"https:\/\/jobeik.com\/tr\/wp-json\/wp\/v2\/types\/product"}],"wp:featuredmedia":[{"embeddable":true,"href":"https:\/\/jobeik.com\/tr\/wp-json\/wp\/v2\/media\/4261"}],"wp:attachment":[{"href":"https:\/\/jobeik.com\/tr\/wp-json\/wp\/v2\/media?parent=3747"}],"wp:term":[{"taxonomy":"product_brand","embeddable":true,"href":"https:\/\/jobeik.com\/tr\/wp-json\/wp\/v2\/product_brand?post=3747"},{"taxonomy":"product_cat","embeddable":true,"href":"https:\/\/jobeik.com\/tr\/wp-json\/wp\/v2\/product_cat?post=3747"},{"taxonomy":"product_tag","embeddable":true,"href":"https:\/\/jobeik.com\/tr\/wp-json\/wp\/v2\/product_tag?post=3747"}],"curies":[{"name":"wp","href":"https:\/\/api.w.org\/{rel}","templated":true}]}}