{"id":3762,"date":"2025-05-29T19:36:28","date_gmt":"2025-05-29T19:36:28","guid":{"rendered":"https:\/\/jobeik.com\/product\/kisnis\/"},"modified":"2025-05-29T19:36:28","modified_gmt":"2025-05-29T19:36:28","slug":"kisnis","status":"publish","type":"product","link":"https:\/\/jobeik.com\/tr\/product\/kisnis\/","title":{"rendered":"Ki\u015fni\u015f"},"content":{"rendered":"","protected":false},"excerpt":{"rendered":"<p>Zengin aromal\u0131 ve ho\u015f kokulu kuru ki\u015fni\u015f, yemeklerinize otantik bir lezzet katar.<br \/>G\u00f6bek\u2019ten, g\u00fcvenilir lezzet.   <\/p>\n","protected":false},"featured_media":3763,"template":"","meta":{"_monsterinsights_skip_tracking":false,"_monsterinsights_sitenote_active":false,"_monsterinsights_sitenote_note":"","_monsterinsights_sitenote_category":0},"product_brand":[],"product_cat":[120],"product_tag":[],"class_list":{"0":"post-3762","1":"product","2":"type-product","3":"status-publish","4":"has-post-thumbnail","6":"product_cat-baharatlar","8":"first","9":"instock","10":"shipping-taxable","11":"product-type-simple"},"aioseo_notices":[],"_links":{"self":[{"href":"https:\/\/jobeik.com\/tr\/wp-json\/wp\/v2\/product\/3762","targetHints":{"allow":["GET"]}}],"collection":[{"href":"https:\/\/jobeik.com\/tr\/wp-json\/wp\/v2\/product"}],"about":[{"href":"https:\/\/jobeik.com\/tr\/wp-json\/wp\/v2\/types\/product"}],"wp:featuredmedia":[{"embeddable":true,"href":"https:\/\/jobeik.com\/tr\/wp-json\/wp\/v2\/media\/3763"}],"wp:attachment":[{"href":"https:\/\/jobeik.com\/tr\/wp-json\/wp\/v2\/media?parent=3762"}],"wp:term":[{"taxonomy":"product_brand","embeddable":true,"href":"https:\/\/jobeik.com\/tr\/wp-json\/wp\/v2\/product_brand?post=3762"},{"taxonomy":"product_cat","embeddable":true,"href":"https:\/\/jobeik.com\/tr\/wp-json\/wp\/v2\/product_cat?post=3762"},{"taxonomy":"product_tag","embeddable":true,"href":"https:\/\/jobeik.com\/tr\/wp-json\/wp\/v2\/product_tag?post=3762"}],"curies":[{"name":"wp","href":"https:\/\/api.w.org\/{rel}","templated":true}]}}