{"id":3764,"date":"2025-05-29T19:53:48","date_gmt":"2025-05-29T19:53:48","guid":{"rendered":"https:\/\/jobeik.com\/product\/zencefil\/"},"modified":"2025-05-29T19:53:48","modified_gmt":"2025-05-29T19:53:48","slug":"zencefil","status":"publish","type":"product","link":"https:\/\/jobeik.com\/tr\/product\/zencefil\/","title":{"rendered":"Zencefil"},"content":{"rendered":"<p>Saf ve keskin aromal\u0131 zencefil, \u00e7ok y\u00f6nl\u00fc sa\u011fl\u0131k faydalar\u0131yla i\u00e7ecekler ve tarifler i\u00e7in idealdir.<br \/>G\u00f6bek\u2019ten, do\u011fal kalitenin adresi.   <\/p>\n","protected":false},"excerpt":{"rendered":"<p>Saf ve keskin aromal\u0131 zencefil, \u00e7ok y\u00f6nl\u00fc sa\u011fl\u0131k faydalar\u0131yla i\u00e7ecekler ve tarifler i\u00e7in idealdir.<br \/>G\u00f6bek\u2019ten, do\u011fal kalitenin adresi.   <\/p>\n","protected":false},"featured_media":4234,"template":"","meta":{"_monsterinsights_skip_tracking":false,"_monsterinsights_sitenote_active":false,"_monsterinsights_sitenote_note":"","_monsterinsights_sitenote_category":0},"product_brand":[],"product_cat":[120],"product_tag":[],"class_list":{"0":"post-3764","1":"product","2":"type-product","3":"status-publish","4":"has-post-thumbnail","6":"product_cat-baharatlar","8":"first","9":"instock","10":"shipping-taxable","11":"product-type-simple"},"aioseo_notices":[],"_links":{"self":[{"href":"https:\/\/jobeik.com\/tr\/wp-json\/wp\/v2\/product\/3764","targetHints":{"allow":["GET"]}}],"collection":[{"href":"https:\/\/jobeik.com\/tr\/wp-json\/wp\/v2\/product"}],"about":[{"href":"https:\/\/jobeik.com\/tr\/wp-json\/wp\/v2\/types\/product"}],"wp:featuredmedia":[{"embeddable":true,"href":"https:\/\/jobeik.com\/tr\/wp-json\/wp\/v2\/media\/4234"}],"wp:attachment":[{"href":"https:\/\/jobeik.com\/tr\/wp-json\/wp\/v2\/media?parent=3764"}],"wp:term":[{"taxonomy":"product_brand","embeddable":true,"href":"https:\/\/jobeik.com\/tr\/wp-json\/wp\/v2\/product_brand?post=3764"},{"taxonomy":"product_cat","embeddable":true,"href":"https:\/\/jobeik.com\/tr\/wp-json\/wp\/v2\/product_cat?post=3764"},{"taxonomy":"product_tag","embeddable":true,"href":"https:\/\/jobeik.com\/tr\/wp-json\/wp\/v2\/product_tag?post=3764"}],"curies":[{"name":"wp","href":"https:\/\/api.w.org\/{rel}","templated":true}]}}