{"id":3768,"date":"2025-05-29T19:58:03","date_gmt":"2025-05-29T19:58:03","guid":{"rendered":"https:\/\/jobeik.com\/product\/safran\/"},"modified":"2025-05-29T19:58:03","modified_gmt":"2025-05-29T19:58:03","slug":"safran","status":"publish","type":"product","link":"https:\/\/jobeik.com\/tr\/product\/safran\/","title":{"rendered":"Safran"},"content":{"rendered":"<p>Alt\u0131n rengi ve e\u015fsiz aromas\u0131yla premium safran, yemeklerinize ayr\u0131cal\u0131k katar.<br \/>G\u00f6bek\u2019ten, lezzetin l\u00fcks\u00fc.   <\/p>\n","protected":false},"excerpt":{"rendered":"<p>Alt\u0131n rengi ve e\u015fsiz aromas\u0131yla premium safran, yemeklerinize ayr\u0131cal\u0131k katar.<br \/>G\u00f6bek\u2019ten, lezzetin l\u00fcks\u00fc.   <\/p>\n","protected":false},"featured_media":4316,"template":"","meta":{"_monsterinsights_skip_tracking":false,"_monsterinsights_sitenote_active":false,"_monsterinsights_sitenote_note":"","_monsterinsights_sitenote_category":0},"product_brand":[],"product_cat":[120],"product_tag":[],"class_list":{"0":"post-3768","1":"product","2":"type-product","3":"status-publish","4":"has-post-thumbnail","6":"product_cat-baharatlar","8":"first","9":"instock","10":"shipping-taxable","11":"product-type-simple"},"aioseo_notices":[],"_links":{"self":[{"href":"https:\/\/jobeik.com\/tr\/wp-json\/wp\/v2\/product\/3768","targetHints":{"allow":["GET"]}}],"collection":[{"href":"https:\/\/jobeik.com\/tr\/wp-json\/wp\/v2\/product"}],"about":[{"href":"https:\/\/jobeik.com\/tr\/wp-json\/wp\/v2\/types\/product"}],"wp:featuredmedia":[{"embeddable":true,"href":"https:\/\/jobeik.com\/tr\/wp-json\/wp\/v2\/media\/4316"}],"wp:attachment":[{"href":"https:\/\/jobeik.com\/tr\/wp-json\/wp\/v2\/media?parent=3768"}],"wp:term":[{"taxonomy":"product_brand","embeddable":true,"href":"https:\/\/jobeik.com\/tr\/wp-json\/wp\/v2\/product_brand?post=3768"},{"taxonomy":"product_cat","embeddable":true,"href":"https:\/\/jobeik.com\/tr\/wp-json\/wp\/v2\/product_cat?post=3768"},{"taxonomy":"product_tag","embeddable":true,"href":"https:\/\/jobeik.com\/tr\/wp-json\/wp\/v2\/product_tag?post=3768"}],"curies":[{"name":"wp","href":"https:\/\/api.w.org\/{rel}","templated":true}]}}