{"id":3770,"date":"2025-05-29T20:00:27","date_gmt":"2025-05-29T20:00:27","guid":{"rendered":"https:\/\/jobeik.com\/product\/beyaz-susam\/"},"modified":"2025-05-29T20:00:27","modified_gmt":"2025-05-29T20:00:27","slug":"beyaz-susam","status":"publish","type":"product","link":"https:\/\/jobeik.com\/tr\/product\/beyaz-susam\/","title":{"rendered":"Beyaz Susam"},"content":{"rendered":"<p>Saf ve kavrulmu\u015f beyaz susam. Hamur i\u015fleri ve Do\u011fu mutfa\u011f\u0131 tarifleri i\u00e7in ideal, Jobek&#8217;ten \u00f6zg\u00fcn lezzet ve y\u00fcksek kalite.   <\/p>\n","protected":false},"excerpt":{"rendered":"<p>Saf ve kavrulmu\u015f beyaz susam. Hamur i\u015fleri ve Do\u011fu mutfa\u011f\u0131 tarifleri i\u00e7in ideal, Jobek&#8217;ten \u00f6zg\u00fcn lezzet ve y\u00fcksek kalite.   <\/p>\n","protected":false},"featured_media":4228,"template":"","meta":{"_monsterinsights_skip_tracking":false,"_monsterinsights_sitenote_active":false,"_monsterinsights_sitenote_note":"","_monsterinsights_sitenote_category":0},"product_brand":[],"product_cat":[120],"product_tag":[],"class_list":{"0":"post-3770","1":"product","2":"type-product","3":"status-publish","4":"has-post-thumbnail","6":"product_cat-baharatlar","8":"first","9":"instock","10":"shipping-taxable","11":"product-type-simple"},"aioseo_notices":[],"_links":{"self":[{"href":"https:\/\/jobeik.com\/tr\/wp-json\/wp\/v2\/product\/3770","targetHints":{"allow":["GET"]}}],"collection":[{"href":"https:\/\/jobeik.com\/tr\/wp-json\/wp\/v2\/product"}],"about":[{"href":"https:\/\/jobeik.com\/tr\/wp-json\/wp\/v2\/types\/product"}],"wp:featuredmedia":[{"embeddable":true,"href":"https:\/\/jobeik.com\/tr\/wp-json\/wp\/v2\/media\/4228"}],"wp:attachment":[{"href":"https:\/\/jobeik.com\/tr\/wp-json\/wp\/v2\/media?parent=3770"}],"wp:term":[{"taxonomy":"product_brand","embeddable":true,"href":"https:\/\/jobeik.com\/tr\/wp-json\/wp\/v2\/product_brand?post=3770"},{"taxonomy":"product_cat","embeddable":true,"href":"https:\/\/jobeik.com\/tr\/wp-json\/wp\/v2\/product_cat?post=3770"},{"taxonomy":"product_tag","embeddable":true,"href":"https:\/\/jobeik.com\/tr\/wp-json\/wp\/v2\/product_tag?post=3770"}],"curies":[{"name":"wp","href":"https:\/\/api.w.org\/{rel}","templated":true}]}}