{"id":3772,"date":"2025-05-29T20:02:26","date_gmt":"2025-05-29T20:02:26","guid":{"rendered":"https:\/\/jobeik.com\/product\/karanfil\/"},"modified":"2025-05-29T20:02:26","modified_gmt":"2025-05-29T20:02:26","slug":"karanfil","status":"publish","type":"product","link":"https:\/\/jobeik.com\/tr\/product\/karanfil\/","title":{"rendered":"Karanfil"},"content":{"rendered":"<p>G\u00fc\u00e7l\u00fc aromal\u0131 ve s\u0131cak lezzetli do\u011fal karanfil; i\u00e7ecekler ve baharatlar i\u00e7in idealdir.  Jobek&#8217;ten her tarifi zenginle\u015ftiren bir lezzet. <\/p>\n","protected":false},"excerpt":{"rendered":"<p>G\u00fc\u00e7l\u00fc aromal\u0131 ve s\u0131cak lezzetli do\u011fal karanfil; i\u00e7ecekler ve baharatlar i\u00e7in idealdir. Jobek&#8217;ten her tarifi zenginle\u015ftiren bir lezzet.   <\/p>\n","protected":false},"featured_media":4225,"template":"","meta":{"_monsterinsights_skip_tracking":false,"_monsterinsights_sitenote_active":false,"_monsterinsights_sitenote_note":"","_monsterinsights_sitenote_category":0},"product_brand":[],"product_cat":[120],"product_tag":[],"class_list":{"0":"post-3772","1":"product","2":"type-product","3":"status-publish","4":"has-post-thumbnail","6":"product_cat-baharatlar","8":"first","9":"instock","10":"shipping-taxable","11":"product-type-simple"},"aioseo_notices":[],"_links":{"self":[{"href":"https:\/\/jobeik.com\/tr\/wp-json\/wp\/v2\/product\/3772","targetHints":{"allow":["GET"]}}],"collection":[{"href":"https:\/\/jobeik.com\/tr\/wp-json\/wp\/v2\/product"}],"about":[{"href":"https:\/\/jobeik.com\/tr\/wp-json\/wp\/v2\/types\/product"}],"wp:featuredmedia":[{"embeddable":true,"href":"https:\/\/jobeik.com\/tr\/wp-json\/wp\/v2\/media\/4225"}],"wp:attachment":[{"href":"https:\/\/jobeik.com\/tr\/wp-json\/wp\/v2\/media?parent=3772"}],"wp:term":[{"taxonomy":"product_brand","embeddable":true,"href":"https:\/\/jobeik.com\/tr\/wp-json\/wp\/v2\/product_brand?post=3772"},{"taxonomy":"product_cat","embeddable":true,"href":"https:\/\/jobeik.com\/tr\/wp-json\/wp\/v2\/product_cat?post=3772"},{"taxonomy":"product_tag","embeddable":true,"href":"https:\/\/jobeik.com\/tr\/wp-json\/wp\/v2\/product_tag?post=3772"}],"curies":[{"name":"wp","href":"https:\/\/api.w.org\/{rel}","templated":true}]}}