{"id":3786,"date":"2025-05-29T20:03:36","date_gmt":"2025-05-29T20:03:36","guid":{"rendered":"https:\/\/jobeik.com\/product\/karabiber\/"},"modified":"2025-05-29T20:03:36","modified_gmt":"2025-05-29T20:03:36","slug":"karabiber","status":"publish","type":"product","link":"https:\/\/jobeik.com\/tr\/product\/karabiber\/","title":{"rendered":"Karabiber"},"content":{"rendered":"<p>Keskin lezzeti ve belirgin aromas\u0131yla taze \u00e7ekilmi\u015f tane karabiber.  Jobek&#8217;ten, her yeme\u011fin lezzet temeli. <\/p>\n","protected":false},"excerpt":{"rendered":"<p>Keskin lezzeti ve belirgin aromas\u0131yla taze \u00e7ekilmi\u015f tane karabiber. Jobek&#8217;ten, her yeme\u011fin lezzet temeli.   <\/p>\n","protected":false},"featured_media":4222,"template":"","meta":{"_monsterinsights_skip_tracking":false,"_monsterinsights_sitenote_active":false,"_monsterinsights_sitenote_note":"","_monsterinsights_sitenote_category":0},"product_brand":[],"product_cat":[120],"product_tag":[],"class_list":{"0":"post-3786","1":"product","2":"type-product","3":"status-publish","4":"has-post-thumbnail","6":"product_cat-baharatlar","8":"first","9":"instock","10":"shipping-taxable","11":"product-type-simple"},"aioseo_notices":[],"_links":{"self":[{"href":"https:\/\/jobeik.com\/tr\/wp-json\/wp\/v2\/product\/3786","targetHints":{"allow":["GET"]}}],"collection":[{"href":"https:\/\/jobeik.com\/tr\/wp-json\/wp\/v2\/product"}],"about":[{"href":"https:\/\/jobeik.com\/tr\/wp-json\/wp\/v2\/types\/product"}],"wp:featuredmedia":[{"embeddable":true,"href":"https:\/\/jobeik.com\/tr\/wp-json\/wp\/v2\/media\/4222"}],"wp:attachment":[{"href":"https:\/\/jobeik.com\/tr\/wp-json\/wp\/v2\/media?parent=3786"}],"wp:term":[{"taxonomy":"product_brand","embeddable":true,"href":"https:\/\/jobeik.com\/tr\/wp-json\/wp\/v2\/product_brand?post=3786"},{"taxonomy":"product_cat","embeddable":true,"href":"https:\/\/jobeik.com\/tr\/wp-json\/wp\/v2\/product_cat?post=3786"},{"taxonomy":"product_tag","embeddable":true,"href":"https:\/\/jobeik.com\/tr\/wp-json\/wp\/v2\/product_tag?post=3786"}],"curies":[{"name":"wp","href":"https:\/\/api.w.org\/{rel}","templated":true}]}}