{"id":3787,"date":"2025-05-29T20:04:32","date_gmt":"2025-05-29T20:04:32","guid":{"rendered":"https:\/\/jobeik.com\/product\/beyaz-biber\/"},"modified":"2025-05-29T20:04:32","modified_gmt":"2025-05-29T20:04:32","slug":"beyaz-biber","status":"publish","type":"product","link":"https:\/\/jobeik.com\/tr\/product\/beyaz-biber\/","title":{"rendered":"Beyaz Biber"},"content":{"rendered":"<p>Hafif tada sahip saf beyaz biber; \u00e7orbalar ve beyaz renkli yemekler i\u00e7in idealdir.  Jobek&#8217;ten, ustal\u0131kla dengelenmi\u015f bir lezzet. <\/p>\n","protected":false},"excerpt":{"rendered":"<p>Hafif tada sahip saf beyaz biber; \u00e7orbalar ve beyaz renkli yemekler i\u00e7in idealdir. Jobek&#8217;ten, ustal\u0131kla dengelenmi\u015f bir lezzet.   <\/p>\n","protected":false},"featured_media":4219,"template":"","meta":{"_monsterinsights_skip_tracking":false,"_monsterinsights_sitenote_active":false,"_monsterinsights_sitenote_note":"","_monsterinsights_sitenote_category":0},"product_brand":[],"product_cat":[120],"product_tag":[],"class_list":{"0":"post-3787","1":"product","2":"type-product","3":"status-publish","4":"has-post-thumbnail","6":"product_cat-baharatlar","8":"first","9":"instock","10":"shipping-taxable","11":"product-type-simple"},"aioseo_notices":[],"_links":{"self":[{"href":"https:\/\/jobeik.com\/tr\/wp-json\/wp\/v2\/product\/3787","targetHints":{"allow":["GET"]}}],"collection":[{"href":"https:\/\/jobeik.com\/tr\/wp-json\/wp\/v2\/product"}],"about":[{"href":"https:\/\/jobeik.com\/tr\/wp-json\/wp\/v2\/types\/product"}],"wp:featuredmedia":[{"embeddable":true,"href":"https:\/\/jobeik.com\/tr\/wp-json\/wp\/v2\/media\/4219"}],"wp:attachment":[{"href":"https:\/\/jobeik.com\/tr\/wp-json\/wp\/v2\/media?parent=3787"}],"wp:term":[{"taxonomy":"product_brand","embeddable":true,"href":"https:\/\/jobeik.com\/tr\/wp-json\/wp\/v2\/product_brand?post=3787"},{"taxonomy":"product_cat","embeddable":true,"href":"https:\/\/jobeik.com\/tr\/wp-json\/wp\/v2\/product_cat?post=3787"},{"taxonomy":"product_tag","embeddable":true,"href":"https:\/\/jobeik.com\/tr\/wp-json\/wp\/v2\/product_tag?post=3787"}],"curies":[{"name":"wp","href":"https:\/\/api.w.org\/{rel}","templated":true}]}}