{"id":3788,"date":"2025-05-29T20:06:44","date_gmt":"2025-05-29T20:06:44","guid":{"rendered":"https:\/\/jobeik.com\/product\/zerdecal\/"},"modified":"2025-05-29T20:06:44","modified_gmt":"2025-05-29T20:06:44","slug":"zerdecal","status":"publish","type":"product","link":"https:\/\/jobeik.com\/tr\/product\/zerdecal\/","title":{"rendered":"Zerde\u00e7al"},"content":{"rendered":"<p>Alt\u0131n rengi ve otantik tad\u0131yla saf zerde\u00e7al, Do\u011fu mutfa\u011f\u0131 ve sa\u011fl\u0131kl\u0131 yemekler i\u00e7in idealdir.  Jobek&#8217;ten, lezzetin rengi ve kalitesi. <\/p>\n","protected":false},"excerpt":{"rendered":"<p>Alt\u0131n rengi ve otantik tad\u0131yla saf zerde\u00e7al, Do\u011fu mutfa\u011f\u0131 ve sa\u011fl\u0131kl\u0131 yemekler i\u00e7in idealdir. Jobek&#8217;ten, lezzetin rengi ve kalitesi.   <\/p>\n","protected":false},"featured_media":4216,"template":"","meta":{"_monsterinsights_skip_tracking":false,"_monsterinsights_sitenote_active":false,"_monsterinsights_sitenote_note":"","_monsterinsights_sitenote_category":0},"product_brand":[],"product_cat":[120],"product_tag":[],"class_list":{"0":"post-3788","1":"product","2":"type-product","3":"status-publish","4":"has-post-thumbnail","6":"product_cat-baharatlar","8":"first","9":"instock","10":"shipping-taxable","11":"product-type-simple"},"aioseo_notices":[],"_links":{"self":[{"href":"https:\/\/jobeik.com\/tr\/wp-json\/wp\/v2\/product\/3788","targetHints":{"allow":["GET"]}}],"collection":[{"href":"https:\/\/jobeik.com\/tr\/wp-json\/wp\/v2\/product"}],"about":[{"href":"https:\/\/jobeik.com\/tr\/wp-json\/wp\/v2\/types\/product"}],"wp:featuredmedia":[{"embeddable":true,"href":"https:\/\/jobeik.com\/tr\/wp-json\/wp\/v2\/media\/4216"}],"wp:attachment":[{"href":"https:\/\/jobeik.com\/tr\/wp-json\/wp\/v2\/media?parent=3788"}],"wp:term":[{"taxonomy":"product_brand","embeddable":true,"href":"https:\/\/jobeik.com\/tr\/wp-json\/wp\/v2\/product_brand?post=3788"},{"taxonomy":"product_cat","embeddable":true,"href":"https:\/\/jobeik.com\/tr\/wp-json\/wp\/v2\/product_cat?post=3788"},{"taxonomy":"product_tag","embeddable":true,"href":"https:\/\/jobeik.com\/tr\/wp-json\/wp\/v2\/product_tag?post=3788"}],"curies":[{"name":"wp","href":"https:\/\/api.w.org\/{rel}","templated":true}]}}