{"id":3789,"date":"2025-05-29T20:07:58","date_gmt":"2025-05-29T20:07:58","guid":{"rendered":"https:\/\/jobeik.com\/product\/hibiskus\/"},"modified":"2025-05-29T20:07:58","modified_gmt":"2025-05-29T20:07:58","slug":"hibiskus","status":"publish","type":"product","link":"https:\/\/jobeik.com\/tr\/product\/hibiskus\/","title":{"rendered":"Hibiskus"},"content":{"rendered":"<p>Canl\u0131 k\u0131rm\u0131z\u0131 rengi ve ferahlat\u0131c\u0131 tad\u0131yla do\u011fal hibiskus, s\u0131cak ve so\u011fuk i\u00e7ecekler i\u00e7in idealdir. Jobek&#8217;ten, do\u011fan\u0131n saf ferahl\u0131\u011f\u0131.   <\/p>\n","protected":false},"excerpt":{"rendered":"<p>Canl\u0131 k\u0131rm\u0131z\u0131 rengi ve ferahlat\u0131c\u0131 tad\u0131yla do\u011fal hibiskus, s\u0131cak ve so\u011fuk i\u00e7ecekler i\u00e7in idealdir. Jobek&#8217;ten, do\u011fan\u0131n saf ferahl\u0131\u011f\u0131.   <\/p>\n","protected":false},"featured_media":4213,"template":"","meta":{"_monsterinsights_skip_tracking":false,"_monsterinsights_sitenote_active":false,"_monsterinsights_sitenote_note":"","_monsterinsights_sitenote_category":0},"product_brand":[],"product_cat":[120],"product_tag":[],"class_list":{"0":"post-3789","1":"product","2":"type-product","3":"status-publish","4":"has-post-thumbnail","6":"product_cat-baharatlar","8":"first","9":"instock","10":"shipping-taxable","11":"product-type-simple"},"aioseo_notices":[],"_links":{"self":[{"href":"https:\/\/jobeik.com\/tr\/wp-json\/wp\/v2\/product\/3789","targetHints":{"allow":["GET"]}}],"collection":[{"href":"https:\/\/jobeik.com\/tr\/wp-json\/wp\/v2\/product"}],"about":[{"href":"https:\/\/jobeik.com\/tr\/wp-json\/wp\/v2\/types\/product"}],"wp:featuredmedia":[{"embeddable":true,"href":"https:\/\/jobeik.com\/tr\/wp-json\/wp\/v2\/media\/4213"}],"wp:attachment":[{"href":"https:\/\/jobeik.com\/tr\/wp-json\/wp\/v2\/media?parent=3789"}],"wp:term":[{"taxonomy":"product_brand","embeddable":true,"href":"https:\/\/jobeik.com\/tr\/wp-json\/wp\/v2\/product_brand?post=3789"},{"taxonomy":"product_cat","embeddable":true,"href":"https:\/\/jobeik.com\/tr\/wp-json\/wp\/v2\/product_cat?post=3789"},{"taxonomy":"product_tag","embeddable":true,"href":"https:\/\/jobeik.com\/tr\/wp-json\/wp\/v2\/product_tag?post=3789"}],"curies":[{"name":"wp","href":"https:\/\/api.w.org\/{rel}","templated":true}]}}