{"id":3792,"date":"2025-05-29T20:11:48","date_gmt":"2025-05-29T20:11:48","guid":{"rendered":"https:\/\/jobeik.com\/product\/hindistan-cevizi-rendesi\/"},"modified":"2025-05-29T20:11:48","modified_gmt":"2025-05-29T20:11:48","slug":"hindistan-cevizi-rendesi","status":"publish","type":"product","link":"https:\/\/jobeik.com\/tr\/product\/hindistan-cevizi-rendesi\/","title":{"rendered":"Hindistan Cevizi Rendesi"},"content":{"rendered":"<p>Saf ve taze rendelenmi\u015f Hindistan cevizi, tatl\u0131lar ve unlu mamuller i\u00e7in idealdir.  Jobek&#8217;ten, her serpmede do\u011fal bir lezzet. <\/p>\n","protected":false},"excerpt":{"rendered":"<p>Saf ve taze rendelenmi\u015f Hindistan cevizi, tatl\u0131lar ve unlu mamuller i\u00e7in idealdir. Jobek&#8217;ten, her serpmede do\u011fal bir lezzet.   <\/p>\n","protected":false},"featured_media":4204,"template":"","meta":{"_monsterinsights_skip_tracking":false,"_monsterinsights_sitenote_active":false,"_monsterinsights_sitenote_note":"","_monsterinsights_sitenote_category":0},"product_brand":[],"product_cat":[120],"product_tag":[],"class_list":{"0":"post-3792","1":"product","2":"type-product","3":"status-publish","4":"has-post-thumbnail","6":"product_cat-baharatlar","8":"first","9":"instock","10":"shipping-taxable","11":"product-type-simple"},"aioseo_notices":[],"_links":{"self":[{"href":"https:\/\/jobeik.com\/tr\/wp-json\/wp\/v2\/product\/3792","targetHints":{"allow":["GET"]}}],"collection":[{"href":"https:\/\/jobeik.com\/tr\/wp-json\/wp\/v2\/product"}],"about":[{"href":"https:\/\/jobeik.com\/tr\/wp-json\/wp\/v2\/types\/product"}],"wp:featuredmedia":[{"embeddable":true,"href":"https:\/\/jobeik.com\/tr\/wp-json\/wp\/v2\/media\/4204"}],"wp:attachment":[{"href":"https:\/\/jobeik.com\/tr\/wp-json\/wp\/v2\/media?parent=3792"}],"wp:term":[{"taxonomy":"product_brand","embeddable":true,"href":"https:\/\/jobeik.com\/tr\/wp-json\/wp\/v2\/product_brand?post=3792"},{"taxonomy":"product_cat","embeddable":true,"href":"https:\/\/jobeik.com\/tr\/wp-json\/wp\/v2\/product_cat?post=3792"},{"taxonomy":"product_tag","embeddable":true,"href":"https:\/\/jobeik.com\/tr\/wp-json\/wp\/v2\/product_tag?post=3792"}],"curies":[{"name":"wp","href":"https:\/\/api.w.org\/{rel}","templated":true}]}}