{"id":3795,"date":"2025-05-29T20:15:05","date_gmt":"2025-05-29T20:15:05","guid":{"rendered":"https:\/\/jobeik.com\/product\/kurutulmus-limon\/"},"modified":"2025-05-29T20:15:05","modified_gmt":"2025-05-29T20:15:05","slug":"kurutulmus-limon","status":"publish","type":"product","link":"https:\/\/jobeik.com\/tr\/product\/kurutulmus-limon\/","title":{"rendered":"Kurutulmu\u015f Limon"},"content":{"rendered":"<p>Yo\u011fun lezzetiyle do\u011fal kurutulmu\u015f limon, yemeklere e\u015fsiz bir ek\u015filik katar.  Jobek&#8217;ten, Do\u011fu&#8217;nun otantik lezzeti. <\/p>\n","protected":false},"excerpt":{"rendered":"<p>Yo\u011fun lezzetiyle do\u011fal kurutulmu\u015f limon, yemeklere e\u015fsiz bir ek\u015filik katar. Jobek&#8217;ten, Do\u011fu&#8217;nun otantik lezzeti.   <\/p>\n","protected":false},"featured_media":4198,"template":"","meta":{"_monsterinsights_skip_tracking":false,"_monsterinsights_sitenote_active":false,"_monsterinsights_sitenote_note":"","_monsterinsights_sitenote_category":0},"product_brand":[],"product_cat":[120],"product_tag":[],"class_list":{"0":"post-3795","1":"product","2":"type-product","3":"status-publish","4":"has-post-thumbnail","6":"product_cat-baharatlar","8":"first","9":"instock","10":"shipping-taxable","11":"product-type-simple"},"aioseo_notices":[],"_links":{"self":[{"href":"https:\/\/jobeik.com\/tr\/wp-json\/wp\/v2\/product\/3795","targetHints":{"allow":["GET"]}}],"collection":[{"href":"https:\/\/jobeik.com\/tr\/wp-json\/wp\/v2\/product"}],"about":[{"href":"https:\/\/jobeik.com\/tr\/wp-json\/wp\/v2\/types\/product"}],"wp:featuredmedia":[{"embeddable":true,"href":"https:\/\/jobeik.com\/tr\/wp-json\/wp\/v2\/media\/4198"}],"wp:attachment":[{"href":"https:\/\/jobeik.com\/tr\/wp-json\/wp\/v2\/media?parent=3795"}],"wp:term":[{"taxonomy":"product_brand","embeddable":true,"href":"https:\/\/jobeik.com\/tr\/wp-json\/wp\/v2\/product_brand?post=3795"},{"taxonomy":"product_cat","embeddable":true,"href":"https:\/\/jobeik.com\/tr\/wp-json\/wp\/v2\/product_cat?post=3795"},{"taxonomy":"product_tag","embeddable":true,"href":"https:\/\/jobeik.com\/tr\/wp-json\/wp\/v2\/product_tag?post=3795"}],"curies":[{"name":"wp","href":"https:\/\/api.w.org\/{rel}","templated":true}]}}