{"id":3796,"date":"2025-05-29T20:40:42","date_gmt":"2025-05-29T20:40:42","guid":{"rendered":"https:\/\/jobeik.com\/product\/yer-fistigi\/"},"modified":"2025-05-29T20:40:42","modified_gmt":"2025-05-29T20:40:42","slug":"yer-fistigi","status":"publish","type":"product","link":"https:\/\/jobeik.com\/tr\/product\/yer-fistigi\/","title":{"rendered":"Yer F\u0131st\u0131\u011f\u0131"},"content":{"rendered":"<p>\u00d6zenle kavrulmu\u015f, lezzet ve protein a\u00e7\u0131s\u0131ndan zengin yer f\u0131st\u0131\u011f\u0131.  Jobek&#8217;ten, kar\u015f\u0131 konulmaz bir tat ve g\u00fcvenilir kalite. <\/p>\n","protected":false},"excerpt":{"rendered":"<p>\u00d6zenle kavrulmu\u015f, lezzet ve protein a\u00e7\u0131s\u0131ndan zengin yer f\u0131st\u0131\u011f\u0131. Jobek&#8217;ten, kar\u015f\u0131 konulmaz bir tat ve g\u00fcvenilir kalite.   <\/p>\n","protected":false},"featured_media":4313,"template":"","meta":{"_monsterinsights_skip_tracking":false,"_monsterinsights_sitenote_active":false,"_monsterinsights_sitenote_note":"","_monsterinsights_sitenote_category":0},"product_brand":[],"product_cat":[123],"product_tag":[],"class_list":{"0":"post-3796","1":"product","2":"type-product","3":"status-publish","4":"has-post-thumbnail","6":"product_cat-kuruyemisler","8":"first","9":"instock","10":"shipping-taxable","11":"product-type-simple"},"aioseo_notices":[],"_links":{"self":[{"href":"https:\/\/jobeik.com\/tr\/wp-json\/wp\/v2\/product\/3796","targetHints":{"allow":["GET"]}}],"collection":[{"href":"https:\/\/jobeik.com\/tr\/wp-json\/wp\/v2\/product"}],"about":[{"href":"https:\/\/jobeik.com\/tr\/wp-json\/wp\/v2\/types\/product"}],"wp:featuredmedia":[{"embeddable":true,"href":"https:\/\/jobeik.com\/tr\/wp-json\/wp\/v2\/media\/4313"}],"wp:attachment":[{"href":"https:\/\/jobeik.com\/tr\/wp-json\/wp\/v2\/media?parent=3796"}],"wp:term":[{"taxonomy":"product_brand","embeddable":true,"href":"https:\/\/jobeik.com\/tr\/wp-json\/wp\/v2\/product_brand?post=3796"},{"taxonomy":"product_cat","embeddable":true,"href":"https:\/\/jobeik.com\/tr\/wp-json\/wp\/v2\/product_cat?post=3796"},{"taxonomy":"product_tag","embeddable":true,"href":"https:\/\/jobeik.com\/tr\/wp-json\/wp\/v2\/product_tag?post=3796"}],"curies":[{"name":"wp","href":"https:\/\/api.w.org\/{rel}","templated":true}]}}