{"id":3812,"date":"2025-05-29T20:43:04","date_gmt":"2025-05-29T20:43:04","guid":{"rendered":"https:\/\/jobeik.com\/product\/soyulmus-ic-findik\/"},"modified":"2025-05-29T20:43:04","modified_gmt":"2025-05-29T20:43:04","slug":"soyulmus-ic-findik","status":"publish","type":"product","link":"https:\/\/jobeik.com\/tr\/product\/soyulmus-ic-findik\/","title":{"rendered":"Soyulmu\u015f \u0130\u00e7 F\u0131nd\u0131k"},"content":{"rendered":"<p>P\u00fcr\u00fczs\u00fcz, soyulmu\u015f beyaz i\u00e7 f\u0131nd\u0131k; tatl\u0131lar ve gurme lezzetler i\u00e7in idealdir.  Jobek&#8217;ten, lezzetin safl\u0131\u011f\u0131 ve \u00fcst\u00fcn kalite. <\/p>\n","protected":false},"excerpt":{"rendered":"<p>P\u00fcr\u00fczs\u00fcz, soyulmu\u015f beyaz i\u00e7 f\u0131nd\u0131k; tatl\u0131lar ve gurme lezzetler i\u00e7in idealdir. Jobek&#8217;ten, lezzetin safl\u0131\u011f\u0131 ve \u00fcst\u00fcn kalite.   <\/p>\n","protected":false},"featured_media":4195,"template":"","meta":{"_monsterinsights_skip_tracking":false,"_monsterinsights_sitenote_active":false,"_monsterinsights_sitenote_note":"","_monsterinsights_sitenote_category":0},"product_brand":[],"product_cat":[123],"product_tag":[],"class_list":{"0":"post-3812","1":"product","2":"type-product","3":"status-publish","4":"has-post-thumbnail","6":"product_cat-kuruyemisler","8":"first","9":"instock","10":"shipping-taxable","11":"product-type-simple"},"aioseo_notices":[],"_links":{"self":[{"href":"https:\/\/jobeik.com\/tr\/wp-json\/wp\/v2\/product\/3812","targetHints":{"allow":["GET"]}}],"collection":[{"href":"https:\/\/jobeik.com\/tr\/wp-json\/wp\/v2\/product"}],"about":[{"href":"https:\/\/jobeik.com\/tr\/wp-json\/wp\/v2\/types\/product"}],"wp:featuredmedia":[{"embeddable":true,"href":"https:\/\/jobeik.com\/tr\/wp-json\/wp\/v2\/media\/4195"}],"wp:attachment":[{"href":"https:\/\/jobeik.com\/tr\/wp-json\/wp\/v2\/media?parent=3812"}],"wp:term":[{"taxonomy":"product_brand","embeddable":true,"href":"https:\/\/jobeik.com\/tr\/wp-json\/wp\/v2\/product_brand?post=3812"},{"taxonomy":"product_cat","embeddable":true,"href":"https:\/\/jobeik.com\/tr\/wp-json\/wp\/v2\/product_cat?post=3812"},{"taxonomy":"product_tag","embeddable":true,"href":"https:\/\/jobeik.com\/tr\/wp-json\/wp\/v2\/product_tag?post=3812"}],"curies":[{"name":"wp","href":"https:\/\/api.w.org\/{rel}","templated":true}]}}