{"id":3813,"date":"2025-05-29T20:44:22","date_gmt":"2025-05-29T20:44:22","guid":{"rendered":"https:\/\/jobeik.com\/product\/kavrulmus-ic-findik\/"},"modified":"2025-05-29T20:44:22","modified_gmt":"2025-05-29T20:44:22","slug":"kavrulmus-ic-findik","status":"publish","type":"product","link":"https:\/\/jobeik.com\/tr\/product\/kavrulmus-ic-findik\/","title":{"rendered":"Kavrulmu\u015f \u0130\u00e7 F\u0131nd\u0131k"},"content":{"rendered":"<p>Lezzetiyle zengin, besin de\u011feriyle y\u00fcksek, kavrulmu\u015f ve soyulmu\u015f i\u00e7 f\u0131nd\u0131k.  Jobek&#8217;ten, m\u00fckemmelli\u011fin tercihi. <\/p>\n","protected":false},"excerpt":{"rendered":"<p>Lezzetiyle zengin, besin de\u011feriyle y\u00fcksek, kavrulmu\u015f ve soyulmu\u015f i\u00e7 f\u0131nd\u0131k.  Jobek&#8217;ten, m\u00fckemmelli\u011fin tercihi. <\/p>\n","protected":false},"featured_media":4183,"template":"","meta":{"_monsterinsights_skip_tracking":false,"_monsterinsights_sitenote_active":false,"_monsterinsights_sitenote_note":"","_monsterinsights_sitenote_category":0},"product_brand":[],"product_cat":[123],"product_tag":[],"class_list":{"0":"post-3813","1":"product","2":"type-product","3":"status-publish","4":"has-post-thumbnail","6":"product_cat-kuruyemisler","8":"first","9":"instock","10":"shipping-taxable","11":"product-type-simple"},"aioseo_notices":[],"_links":{"self":[{"href":"https:\/\/jobeik.com\/tr\/wp-json\/wp\/v2\/product\/3813","targetHints":{"allow":["GET"]}}],"collection":[{"href":"https:\/\/jobeik.com\/tr\/wp-json\/wp\/v2\/product"}],"about":[{"href":"https:\/\/jobeik.com\/tr\/wp-json\/wp\/v2\/types\/product"}],"wp:featuredmedia":[{"embeddable":true,"href":"https:\/\/jobeik.com\/tr\/wp-json\/wp\/v2\/media\/4183"}],"wp:attachment":[{"href":"https:\/\/jobeik.com\/tr\/wp-json\/wp\/v2\/media?parent=3813"}],"wp:term":[{"taxonomy":"product_brand","embeddable":true,"href":"https:\/\/jobeik.com\/tr\/wp-json\/wp\/v2\/product_brand?post=3813"},{"taxonomy":"product_cat","embeddable":true,"href":"https:\/\/jobeik.com\/tr\/wp-json\/wp\/v2\/product_cat?post=3813"},{"taxonomy":"product_tag","embeddable":true,"href":"https:\/\/jobeik.com\/tr\/wp-json\/wp\/v2\/product_tag?post=3813"}],"curies":[{"name":"wp","href":"https:\/\/api.w.org\/{rel}","templated":true}]}}