{"id":3814,"date":"2025-05-29T20:45:31","date_gmt":"2025-05-29T20:45:31","guid":{"rendered":"https:\/\/jobeik.com\/product\/badem\/"},"modified":"2025-05-29T20:45:31","modified_gmt":"2025-05-29T20:45:31","slug":"badem","status":"publish","type":"product","link":"https:\/\/jobeik.com\/tr\/product\/badem\/","title":{"rendered":"Badem"},"content":{"rendered":"<p>Do\u011fal, taze ve \u00e7\u0131t\u0131r badem; faydalar\u0131yla zengin ve g\u00fcnl\u00fck t\u00fcketim i\u00e7in idealdir.  Jobek&#8217;ten, g\u00fcvenebilece\u011finiz kalite. <\/p>\n","protected":false},"excerpt":{"rendered":"<p>Do\u011fal, taze ve \u00e7\u0131t\u0131r badem; faydalar\u0131yla zengin ve g\u00fcnl\u00fck t\u00fcketim i\u00e7in idealdir.  Jobek&#8217;ten, g\u00fcvenebilece\u011finiz kalite. <\/p>\n","protected":false},"featured_media":4273,"template":"","meta":{"_monsterinsights_skip_tracking":false,"_monsterinsights_sitenote_active":false,"_monsterinsights_sitenote_note":"","_monsterinsights_sitenote_category":0},"product_brand":[],"product_cat":[123],"product_tag":[],"class_list":{"0":"post-3814","1":"product","2":"type-product","3":"status-publish","4":"has-post-thumbnail","6":"product_cat-kuruyemisler","8":"first","9":"instock","10":"shipping-taxable","11":"product-type-simple"},"aioseo_notices":[],"_links":{"self":[{"href":"https:\/\/jobeik.com\/tr\/wp-json\/wp\/v2\/product\/3814","targetHints":{"allow":["GET"]}}],"collection":[{"href":"https:\/\/jobeik.com\/tr\/wp-json\/wp\/v2\/product"}],"about":[{"href":"https:\/\/jobeik.com\/tr\/wp-json\/wp\/v2\/types\/product"}],"wp:featuredmedia":[{"embeddable":true,"href":"https:\/\/jobeik.com\/tr\/wp-json\/wp\/v2\/media\/4273"}],"wp:attachment":[{"href":"https:\/\/jobeik.com\/tr\/wp-json\/wp\/v2\/media?parent=3814"}],"wp:term":[{"taxonomy":"product_brand","embeddable":true,"href":"https:\/\/jobeik.com\/tr\/wp-json\/wp\/v2\/product_brand?post=3814"},{"taxonomy":"product_cat","embeddable":true,"href":"https:\/\/jobeik.com\/tr\/wp-json\/wp\/v2\/product_cat?post=3814"},{"taxonomy":"product_tag","embeddable":true,"href":"https:\/\/jobeik.com\/tr\/wp-json\/wp\/v2\/product_tag?post=3814"}],"curies":[{"name":"wp","href":"https:\/\/api.w.org\/{rel}","templated":true}]}}