{"id":3815,"date":"2025-05-29T20:46:37","date_gmt":"2025-05-29T20:46:37","guid":{"rendered":"https:\/\/jobeik.com\/product\/kaju\/"},"modified":"2025-05-29T20:46:37","modified_gmt":"2025-05-29T20:46:37","slug":"kaju","status":"publish","type":"product","link":"https:\/\/jobeik.com\/tr\/product\/kaju\/","title":{"rendered":"Kaju"},"content":{"rendered":"<p>Kremsi tad\u0131 ve \u00e7\u0131t\u0131r dokusuyla premium kaju; at\u0131\u015ft\u0131rmal\u0131k olarak ve tariflerde kullan\u0131m i\u00e7in idealdir.  Jobek&#8217;ten, \u015f\u0131martan bir lezzet ve se\u00e7kin kalite. <\/p>\n","protected":false},"excerpt":{"rendered":"<p>Kremsi tad\u0131 ve \u00e7\u0131t\u0131r dokusuyla premium kaju; at\u0131\u015ft\u0131rmal\u0131k olarak ve tariflerde kullan\u0131m i\u00e7in idealdir. Jobek&#8217;ten, \u015f\u0131martan bir lezzet ve se\u00e7kin kalite.   <\/p>\n","protected":false},"featured_media":4310,"template":"","meta":{"_monsterinsights_skip_tracking":false,"_monsterinsights_sitenote_active":false,"_monsterinsights_sitenote_note":"","_monsterinsights_sitenote_category":0},"product_brand":[],"product_cat":[123],"product_tag":[],"class_list":{"0":"post-3815","1":"product","2":"type-product","3":"status-publish","4":"has-post-thumbnail","6":"product_cat-kuruyemisler","8":"first","9":"instock","10":"shipping-taxable","11":"product-type-simple"},"aioseo_notices":[],"_links":{"self":[{"href":"https:\/\/jobeik.com\/tr\/wp-json\/wp\/v2\/product\/3815","targetHints":{"allow":["GET"]}}],"collection":[{"href":"https:\/\/jobeik.com\/tr\/wp-json\/wp\/v2\/product"}],"about":[{"href":"https:\/\/jobeik.com\/tr\/wp-json\/wp\/v2\/types\/product"}],"wp:featuredmedia":[{"embeddable":true,"href":"https:\/\/jobeik.com\/tr\/wp-json\/wp\/v2\/media\/4310"}],"wp:attachment":[{"href":"https:\/\/jobeik.com\/tr\/wp-json\/wp\/v2\/media?parent=3815"}],"wp:term":[{"taxonomy":"product_brand","embeddable":true,"href":"https:\/\/jobeik.com\/tr\/wp-json\/wp\/v2\/product_brand?post=3815"},{"taxonomy":"product_cat","embeddable":true,"href":"https:\/\/jobeik.com\/tr\/wp-json\/wp\/v2\/product_cat?post=3815"},{"taxonomy":"product_tag","embeddable":true,"href":"https:\/\/jobeik.com\/tr\/wp-json\/wp\/v2\/product_tag?post=3815"}],"curies":[{"name":"wp","href":"https:\/\/api.w.org\/{rel}","templated":true}]}}