{"id":3816,"date":"2025-05-29T20:47:52","date_gmt":"2025-05-29T20:47:52","guid":{"rendered":"https:\/\/jobeik.com\/product\/leblebi\/"},"modified":"2025-05-29T20:47:52","modified_gmt":"2025-05-29T20:47:52","slug":"leblebi","status":"publish","type":"product","link":"https:\/\/jobeik.com\/tr\/product\/leblebi\/","title":{"rendered":"Leblebi"},"content":{"rendered":"<p>\u00c7\u0131t\u0131r ve lezzetli leblebi; geleneksel ve otantik bir Do\u011fu at\u0131\u015ft\u0131rmal\u0131\u011f\u0131d\u0131r.  Jobek&#8217;ten, her tanede otantik lezzet. <\/p>\n","protected":false},"excerpt":{"rendered":"<p>\u00c7\u0131t\u0131r ve lezzetli leblebi; geleneksel ve otantik bir Do\u011fu at\u0131\u015ft\u0131rmal\u0131\u011f\u0131d\u0131r. Jobek&#8217;ten, her tanede otantik lezzet.   <\/p>\n","protected":false},"featured_media":4180,"template":"","meta":{"_monsterinsights_skip_tracking":false,"_monsterinsights_sitenote_active":false,"_monsterinsights_sitenote_note":"","_monsterinsights_sitenote_category":0},"product_brand":[],"product_cat":[123],"product_tag":[],"class_list":{"0":"post-3816","1":"product","2":"type-product","3":"status-publish","4":"has-post-thumbnail","6":"product_cat-kuruyemisler","8":"first","9":"instock","10":"shipping-taxable","11":"product-type-simple"},"aioseo_notices":[],"_links":{"self":[{"href":"https:\/\/jobeik.com\/tr\/wp-json\/wp\/v2\/product\/3816","targetHints":{"allow":["GET"]}}],"collection":[{"href":"https:\/\/jobeik.com\/tr\/wp-json\/wp\/v2\/product"}],"about":[{"href":"https:\/\/jobeik.com\/tr\/wp-json\/wp\/v2\/types\/product"}],"wp:featuredmedia":[{"embeddable":true,"href":"https:\/\/jobeik.com\/tr\/wp-json\/wp\/v2\/media\/4180"}],"wp:attachment":[{"href":"https:\/\/jobeik.com\/tr\/wp-json\/wp\/v2\/media?parent=3816"}],"wp:term":[{"taxonomy":"product_brand","embeddable":true,"href":"https:\/\/jobeik.com\/tr\/wp-json\/wp\/v2\/product_brand?post=3816"},{"taxonomy":"product_cat","embeddable":true,"href":"https:\/\/jobeik.com\/tr\/wp-json\/wp\/v2\/product_cat?post=3816"},{"taxonomy":"product_tag","embeddable":true,"href":"https:\/\/jobeik.com\/tr\/wp-json\/wp\/v2\/product_tag?post=3816"}],"curies":[{"name":"wp","href":"https:\/\/api.w.org\/{rel}","templated":true}]}}