{"id":3819,"date":"2025-05-29T20:52:45","date_gmt":"2025-05-29T20:52:45","guid":{"rendered":"https:\/\/jobeik.com\/product\/koc-basi-kabuklu-fistik\/"},"modified":"2025-05-29T20:52:45","modified_gmt":"2025-05-29T20:52:45","slug":"koc-basi-kabuklu-fistik","status":"publish","type":"product","link":"https:\/\/jobeik.com\/tr\/product\/koc-basi-kabuklu-fistik\/","title":{"rendered":"Ko\u00e7 Ba\u015f\u0131 Kabuklu F\u0131st\u0131k"},"content":{"rendered":"<p>&#8220;Ko\u00e7 Ba\u015f\u0131&#8221; cinsi, taze ve \u00e7\u0131t\u0131r kabuklu f\u0131st\u0131k; at\u0131\u015ft\u0131rmal\u0131k olarak ve Do\u011fu tarifleri i\u00e7in m\u00fckemmel bir se\u00e7enektir.  Jobek&#8217;ten, se\u00e7kin lezzet ve kalite. <\/p>\n","protected":false},"excerpt":{"rendered":"<p>&#8220;Ko\u00e7 Ba\u015f\u0131&#8221; cinsi, taze ve \u00e7\u0131t\u0131r kabuklu f\u0131st\u0131k; at\u0131\u015ft\u0131rmal\u0131k olarak ve Do\u011fu tarifleri i\u00e7in m\u00fckemmel bir se\u00e7enektir. Jobek&#8217;ten, se\u00e7kin lezzet ve kalite.   <\/p>\n","protected":false},"featured_media":3800,"template":"","meta":{"_monsterinsights_skip_tracking":false,"_monsterinsights_sitenote_active":false,"_monsterinsights_sitenote_note":"","_monsterinsights_sitenote_category":0},"product_brand":[],"product_cat":[123],"product_tag":[],"class_list":{"0":"post-3819","1":"product","2":"type-product","3":"status-publish","4":"has-post-thumbnail","6":"product_cat-kuruyemisler","8":"first","9":"instock","10":"shipping-taxable","11":"product-type-simple"},"aioseo_notices":[],"_links":{"self":[{"href":"https:\/\/jobeik.com\/tr\/wp-json\/wp\/v2\/product\/3819","targetHints":{"allow":["GET"]}}],"collection":[{"href":"https:\/\/jobeik.com\/tr\/wp-json\/wp\/v2\/product"}],"about":[{"href":"https:\/\/jobeik.com\/tr\/wp-json\/wp\/v2\/types\/product"}],"wp:featuredmedia":[{"embeddable":true,"href":"https:\/\/jobeik.com\/tr\/wp-json\/wp\/v2\/media\/3800"}],"wp:attachment":[{"href":"https:\/\/jobeik.com\/tr\/wp-json\/wp\/v2\/media?parent=3819"}],"wp:term":[{"taxonomy":"product_brand","embeddable":true,"href":"https:\/\/jobeik.com\/tr\/wp-json\/wp\/v2\/product_brand?post=3819"},{"taxonomy":"product_cat","embeddable":true,"href":"https:\/\/jobeik.com\/tr\/wp-json\/wp\/v2\/product_cat?post=3819"},{"taxonomy":"product_tag","embeddable":true,"href":"https:\/\/jobeik.com\/tr\/wp-json\/wp\/v2\/product_tag?post=3819"}],"curies":[{"name":"wp","href":"https:\/\/api.w.org\/{rel}","templated":true}]}}