{"id":3820,"date":"2025-05-29T20:54:03","date_gmt":"2025-05-29T20:54:03","guid":{"rendered":"https:\/\/jobeik.com\/product\/kabuklu-antep-fistigi\/"},"modified":"2025-05-29T20:54:03","modified_gmt":"2025-05-29T20:54:03","slug":"kabuklu-antep-fistigi","status":"publish","type":"product","link":"https:\/\/jobeik.com\/tr\/product\/kabuklu-antep-fistigi\/","title":{"rendered":"Kabuklu Antep F\u0131st\u0131\u011f\u0131"},"content":{"rendered":"<p>Lezzeti zengin ve taze, otantik kabuklu Antep f\u0131st\u0131\u011f\u0131; at\u0131\u015ft\u0131rmal\u0131k olarak ve Do\u011fu mutfa\u011f\u0131nda kullan\u0131m i\u00e7in idealdir.    <\/p>\n","protected":false},"excerpt":{"rendered":"<p>Lezzeti zengin ve taze, otantik kabuklu Antep f\u0131st\u0131\u011f\u0131; at\u0131\u015ft\u0131rmal\u0131k olarak ve Do\u011fu mutfa\u011f\u0131nda kullan\u0131m i\u00e7in idealdir.<br \/>Jobek&#8217;ten, otantik lezzet ve e\u015fsiz kalite.    <\/p>\n","protected":false},"featured_media":3801,"template":"","meta":{"_monsterinsights_skip_tracking":false,"_monsterinsights_sitenote_active":false,"_monsterinsights_sitenote_note":"","_monsterinsights_sitenote_category":0},"product_brand":[],"product_cat":[123],"product_tag":[],"class_list":{"0":"post-3820","1":"product","2":"type-product","3":"status-publish","4":"has-post-thumbnail","6":"product_cat-kuruyemisler","8":"first","9":"instock","10":"shipping-taxable","11":"product-type-simple"},"aioseo_notices":[],"_links":{"self":[{"href":"https:\/\/jobeik.com\/tr\/wp-json\/wp\/v2\/product\/3820","targetHints":{"allow":["GET"]}}],"collection":[{"href":"https:\/\/jobeik.com\/tr\/wp-json\/wp\/v2\/product"}],"about":[{"href":"https:\/\/jobeik.com\/tr\/wp-json\/wp\/v2\/types\/product"}],"wp:featuredmedia":[{"embeddable":true,"href":"https:\/\/jobeik.com\/tr\/wp-json\/wp\/v2\/media\/3801"}],"wp:attachment":[{"href":"https:\/\/jobeik.com\/tr\/wp-json\/wp\/v2\/media?parent=3820"}],"wp:term":[{"taxonomy":"product_brand","embeddable":true,"href":"https:\/\/jobeik.com\/tr\/wp-json\/wp\/v2\/product_brand?post=3820"},{"taxonomy":"product_cat","embeddable":true,"href":"https:\/\/jobeik.com\/tr\/wp-json\/wp\/v2\/product_cat?post=3820"},{"taxonomy":"product_tag","embeddable":true,"href":"https:\/\/jobeik.com\/tr\/wp-json\/wp\/v2\/product_tag?post=3820"}],"curies":[{"name":"wp","href":"https:\/\/api.w.org\/{rel}","templated":true}]}}