{"id":3821,"date":"2025-05-29T20:55:05","date_gmt":"2025-05-29T20:55:05","guid":{"rendered":"https:\/\/jobeik.com\/product\/ceviz\/"},"modified":"2025-05-29T20:55:05","modified_gmt":"2025-05-29T20:55:05","slug":"ceviz","status":"publish","type":"product","link":"https:\/\/jobeik.com\/tr\/product\/ceviz\/","title":{"rendered":"Ceviz"},"content":{"rendered":"<p>Lezzeti zengin ve sa\u011fl\u0131k dolu, do\u011fal ve taze ceviz.<br \/>Jobek&#8217;ten, sofran\u0131za yak\u0131\u015fan kalite.   <\/p>\n","protected":false},"excerpt":{"rendered":"<p>Lezzeti zengin ve sa\u011fl\u0131k dolu, do\u011fal ve taze ceviz.<br \/>Jobek&#8217;ten, sofran\u0131za yak\u0131\u015fan kalite.   <\/p>\n","protected":false},"featured_media":4162,"template":"","meta":{"_monsterinsights_skip_tracking":false,"_monsterinsights_sitenote_active":false,"_monsterinsights_sitenote_note":"","_monsterinsights_sitenote_category":0},"product_brand":[],"product_cat":[123],"product_tag":[],"class_list":{"0":"post-3821","1":"product","2":"type-product","3":"status-publish","4":"has-post-thumbnail","6":"product_cat-kuruyemisler","8":"first","9":"instock","10":"shipping-taxable","11":"product-type-simple"},"aioseo_notices":[],"_links":{"self":[{"href":"https:\/\/jobeik.com\/tr\/wp-json\/wp\/v2\/product\/3821","targetHints":{"allow":["GET"]}}],"collection":[{"href":"https:\/\/jobeik.com\/tr\/wp-json\/wp\/v2\/product"}],"about":[{"href":"https:\/\/jobeik.com\/tr\/wp-json\/wp\/v2\/types\/product"}],"wp:featuredmedia":[{"embeddable":true,"href":"https:\/\/jobeik.com\/tr\/wp-json\/wp\/v2\/media\/4162"}],"wp:attachment":[{"href":"https:\/\/jobeik.com\/tr\/wp-json\/wp\/v2\/media?parent=3821"}],"wp:term":[{"taxonomy":"product_brand","embeddable":true,"href":"https:\/\/jobeik.com\/tr\/wp-json\/wp\/v2\/product_brand?post=3821"},{"taxonomy":"product_cat","embeddable":true,"href":"https:\/\/jobeik.com\/tr\/wp-json\/wp\/v2\/product_cat?post=3821"},{"taxonomy":"product_tag","embeddable":true,"href":"https:\/\/jobeik.com\/tr\/wp-json\/wp\/v2\/product_tag?post=3821"}],"curies":[{"name":"wp","href":"https:\/\/api.w.org\/{rel}","templated":true}]}}