{"id":3822,"date":"2025-05-29T20:56:20","date_gmt":"2025-05-29T20:56:20","guid":{"rendered":"https:\/\/jobeik.com\/product\/meverdi-ic-antep-fistigi\/"},"modified":"2025-05-29T20:56:20","modified_gmt":"2025-05-29T20:56:20","slug":"meverdi-ic-antep-fistigi","status":"publish","type":"product","link":"https:\/\/jobeik.com\/tr\/product\/meverdi-ic-antep-fistigi\/","title":{"rendered":"Meverdi \u0130\u00e7 Antep F\u0131st\u0131\u011f\u0131"},"content":{"rendered":"<p>Premium kalitede, yumu\u015fak ve taze Meverdi i\u00e7 f\u0131st\u0131k; yemeklerinize ve tatl\u0131lar\u0131n\u0131za \u00f6zel bir dokunu\u015f katar.   Jobek&#8217;ten, beklentilerin \u00f6tesinde kalite. <\/p>\n","protected":false},"excerpt":{"rendered":"<p>Premium kalitede, yumu\u015fak ve taze Meverdi i\u00e7 f\u0131st\u0131k; yemeklerinize ve tatl\u0131lar\u0131n\u0131za \u00f6zel bir dokunu\u015f katar.<br \/>Jobek&#8217;ten, beklentilerin \u00f6tesinde kalite.    <\/p>\n","protected":false},"featured_media":4159,"template":"","meta":{"_monsterinsights_skip_tracking":false,"_monsterinsights_sitenote_active":false,"_monsterinsights_sitenote_note":"","_monsterinsights_sitenote_category":0},"product_brand":[],"product_cat":[123],"product_tag":[],"class_list":{"0":"post-3822","1":"product","2":"type-product","3":"status-publish","4":"has-post-thumbnail","6":"product_cat-kuruyemisler","8":"first","9":"instock","10":"shipping-taxable","11":"product-type-simple"},"aioseo_notices":[],"_links":{"self":[{"href":"https:\/\/jobeik.com\/tr\/wp-json\/wp\/v2\/product\/3822","targetHints":{"allow":["GET"]}}],"collection":[{"href":"https:\/\/jobeik.com\/tr\/wp-json\/wp\/v2\/product"}],"about":[{"href":"https:\/\/jobeik.com\/tr\/wp-json\/wp\/v2\/types\/product"}],"wp:featuredmedia":[{"embeddable":true,"href":"https:\/\/jobeik.com\/tr\/wp-json\/wp\/v2\/media\/4159"}],"wp:attachment":[{"href":"https:\/\/jobeik.com\/tr\/wp-json\/wp\/v2\/media?parent=3822"}],"wp:term":[{"taxonomy":"product_brand","embeddable":true,"href":"https:\/\/jobeik.com\/tr\/wp-json\/wp\/v2\/product_brand?post=3822"},{"taxonomy":"product_cat","embeddable":true,"href":"https:\/\/jobeik.com\/tr\/wp-json\/wp\/v2\/product_cat?post=3822"},{"taxonomy":"product_tag","embeddable":true,"href":"https:\/\/jobeik.com\/tr\/wp-json\/wp\/v2\/product_tag?post=3822"}],"curies":[{"name":"wp","href":"https:\/\/api.w.org\/{rel}","templated":true}]}}