{"id":3828,"date":"2025-05-29T21:03:36","date_gmt":"2025-05-29T21:03:36","guid":{"rendered":"https:\/\/jobeik.com\/product\/kabak-cekirdegi-2\/"},"modified":"2025-06-16T08:35:11","modified_gmt":"2025-06-16T08:35:11","slug":"kabak-cekirdegi-2","status":"publish","type":"product","link":"https:\/\/jobeik.com\/tr\/product\/kabak-cekirdegi-2\/","title":{"rendered":"Kabak \u00c7ekirde\u011fi"},"content":{"rendered":"<p>Do\u011fal ve besin de\u011feri y\u00fcksek kabak \u00e7ekirde\u011fi, sa\u011fl\u0131kl\u0131 tariflere eklemek i\u00e7in uygundur.  Jobek&#8217;ten, do\u011fan\u0131n tad\u0131 ve garantili kalite. <\/p>\n","protected":false},"excerpt":{"rendered":"<p>Do\u011fal ve besin de\u011feri y\u00fcksek kabak \u00e7ekirde\u011fi, sa\u011fl\u0131kl\u0131 tariflere eklemek i\u00e7in uygundur. Jobek&#8217;ten, do\u011fan\u0131n tad\u0131 ve garantili kalite.   <\/p>\n","protected":false},"featured_media":4304,"template":"","meta":{"_monsterinsights_skip_tracking":false,"_monsterinsights_sitenote_active":false,"_monsterinsights_sitenote_note":"","_monsterinsights_sitenote_category":0},"product_brand":[],"product_cat":[124],"product_tag":[],"class_list":{"0":"post-3828","1":"product","2":"type-product","3":"status-publish","4":"has-post-thumbnail","6":"product_cat-kuruyemis","8":"first","9":"instock","10":"shipping-taxable","11":"product-type-simple"},"aioseo_notices":[],"_links":{"self":[{"href":"https:\/\/jobeik.com\/tr\/wp-json\/wp\/v2\/product\/3828","targetHints":{"allow":["GET"]}}],"collection":[{"href":"https:\/\/jobeik.com\/tr\/wp-json\/wp\/v2\/product"}],"about":[{"href":"https:\/\/jobeik.com\/tr\/wp-json\/wp\/v2\/types\/product"}],"wp:featuredmedia":[{"embeddable":true,"href":"https:\/\/jobeik.com\/tr\/wp-json\/wp\/v2\/media\/4304"}],"wp:attachment":[{"href":"https:\/\/jobeik.com\/tr\/wp-json\/wp\/v2\/media?parent=3828"}],"wp:term":[{"taxonomy":"product_brand","embeddable":true,"href":"https:\/\/jobeik.com\/tr\/wp-json\/wp\/v2\/product_brand?post=3828"},{"taxonomy":"product_cat","embeddable":true,"href":"https:\/\/jobeik.com\/tr\/wp-json\/wp\/v2\/product_cat?post=3828"},{"taxonomy":"product_tag","embeddable":true,"href":"https:\/\/jobeik.com\/tr\/wp-json\/wp\/v2\/product_tag?post=3828"}],"curies":[{"name":"wp","href":"https:\/\/api.w.org\/{rel}","templated":true}]}}