{"id":3829,"date":"2025-05-29T21:04:37","date_gmt":"2025-05-29T21:04:37","guid":{"rendered":"https:\/\/jobeik.com\/product\/ay-cekirdegi\/"},"modified":"2025-05-29T21:04:37","modified_gmt":"2025-05-29T21:04:37","slug":"ay-cekirdegi","status":"publish","type":"product","link":"https:\/\/jobeik.com\/tr\/product\/ay-cekirdegi\/","title":{"rendered":"Ay \u00c7ekirde\u011fi"},"content":{"rendered":"<p>\u00c7\u0131t\u0131r, do\u011fal ve besleyici ay \u00e7ekirde\u011fi; keyifli bir at\u0131\u015ft\u0131rmal\u0131k olarak idealdir.  Jobek&#8217;ten, do\u011fal lezzet ve y\u00fcksek kalite. <\/p>\n","protected":false},"excerpt":{"rendered":"<p>\u00c7\u0131t\u0131r, do\u011fal ve besleyici ay \u00e7ekirde\u011fi; keyifli bir at\u0131\u015ft\u0131rmal\u0131k olarak idealdir.<br \/>Jobek&#8217;ten, do\u011fal lezzet ve y\u00fcksek kalite.   <\/p>\n","protected":false},"featured_media":4295,"template":"","meta":{"_monsterinsights_skip_tracking":false,"_monsterinsights_sitenote_active":false,"_monsterinsights_sitenote_note":"","_monsterinsights_sitenote_category":0},"product_brand":[],"product_cat":[124],"product_tag":[],"class_list":{"0":"post-3829","1":"product","2":"type-product","3":"status-publish","4":"has-post-thumbnail","6":"product_cat-kuruyemis","8":"first","9":"instock","10":"shipping-taxable","11":"product-type-simple"},"aioseo_notices":[],"_links":{"self":[{"href":"https:\/\/jobeik.com\/tr\/wp-json\/wp\/v2\/product\/3829","targetHints":{"allow":["GET"]}}],"collection":[{"href":"https:\/\/jobeik.com\/tr\/wp-json\/wp\/v2\/product"}],"about":[{"href":"https:\/\/jobeik.com\/tr\/wp-json\/wp\/v2\/types\/product"}],"wp:featuredmedia":[{"embeddable":true,"href":"https:\/\/jobeik.com\/tr\/wp-json\/wp\/v2\/media\/4295"}],"wp:attachment":[{"href":"https:\/\/jobeik.com\/tr\/wp-json\/wp\/v2\/media?parent=3829"}],"wp:term":[{"taxonomy":"product_brand","embeddable":true,"href":"https:\/\/jobeik.com\/tr\/wp-json\/wp\/v2\/product_brand?post=3829"},{"taxonomy":"product_cat","embeddable":true,"href":"https:\/\/jobeik.com\/tr\/wp-json\/wp\/v2\/product_cat?post=3829"},{"taxonomy":"product_tag","embeddable":true,"href":"https:\/\/jobeik.com\/tr\/wp-json\/wp\/v2\/product_tag?post=3829"}],"curies":[{"name":"wp","href":"https:\/\/api.w.org\/{rel}","templated":true}]}}