{"id":3830,"date":"2025-05-29T21:09:49","date_gmt":"2025-05-29T21:09:49","guid":{"rendered":"https:\/\/jobeik.com\/product\/kuru-kayisi\/"},"modified":"2025-05-29T21:09:49","modified_gmt":"2025-05-29T21:09:49","slug":"kuru-kayisi","status":"publish","type":"product","link":"https:\/\/jobeik.com\/tr\/product\/kuru-kayisi\/","title":{"rendered":"Kuru Kay\u0131s\u0131"},"content":{"rendered":"<p>Do\u011fal, lezzetli ve besleyici kuru kay\u0131s\u0131; sa\u011fl\u0131k dolu bir at\u0131\u015ft\u0131rmal\u0131k. Jobek&#8217;ten, her par\u00e7ada do\u011fan\u0131n tatl\u0131l\u0131\u011f\u0131.   <\/p>\n","protected":false},"excerpt":{"rendered":"<p>Do\u011fal, lezzetli ve besleyici kuru kay\u0131s\u0131; sa\u011fl\u0131k dolu bir at\u0131\u015ft\u0131rmal\u0131k. Jobek&#8217;ten, her par\u00e7ada do\u011fan\u0131n tatl\u0131l\u0131\u011f\u0131.   <\/p>\n","protected":false},"featured_media":3835,"template":"","meta":{"_monsterinsights_skip_tracking":false,"_monsterinsights_sitenote_active":false,"_monsterinsights_sitenote_note":"","_monsterinsights_sitenote_category":0},"product_brand":[],"product_cat":[125],"product_tag":[],"class_list":{"0":"post-3830","1":"product","2":"type-product","3":"status-publish","4":"has-post-thumbnail","6":"product_cat-kurutulmus-meyveler","8":"first","9":"instock","10":"shipping-taxable","11":"product-type-simple"},"aioseo_notices":[],"_links":{"self":[{"href":"https:\/\/jobeik.com\/tr\/wp-json\/wp\/v2\/product\/3830","targetHints":{"allow":["GET"]}}],"collection":[{"href":"https:\/\/jobeik.com\/tr\/wp-json\/wp\/v2\/product"}],"about":[{"href":"https:\/\/jobeik.com\/tr\/wp-json\/wp\/v2\/types\/product"}],"wp:featuredmedia":[{"embeddable":true,"href":"https:\/\/jobeik.com\/tr\/wp-json\/wp\/v2\/media\/3835"}],"wp:attachment":[{"href":"https:\/\/jobeik.com\/tr\/wp-json\/wp\/v2\/media?parent=3830"}],"wp:term":[{"taxonomy":"product_brand","embeddable":true,"href":"https:\/\/jobeik.com\/tr\/wp-json\/wp\/v2\/product_brand?post=3830"},{"taxonomy":"product_cat","embeddable":true,"href":"https:\/\/jobeik.com\/tr\/wp-json\/wp\/v2\/product_cat?post=3830"},{"taxonomy":"product_tag","embeddable":true,"href":"https:\/\/jobeik.com\/tr\/wp-json\/wp\/v2\/product_tag?post=3830"}],"curies":[{"name":"wp","href":"https:\/\/api.w.org\/{rel}","templated":true}]}}