{"id":3838,"date":"2025-05-29T21:12:05","date_gmt":"2025-05-29T21:12:05","guid":{"rendered":"https:\/\/jobeik.com\/product\/kuru-kayisi-2\/"},"modified":"2025-05-29T21:12:05","modified_gmt":"2025-05-29T21:12:05","slug":"kuru-kayisi-2","status":"publish","type":"product","link":"https:\/\/jobeik.com\/tr\/product\/kuru-kayisi-2\/","title":{"rendered":"Kuru Kay\u0131s\u0131"},"content":{"rendered":"<p>Do\u011fal, tatl\u0131 ve taptaze kuru kay\u0131s\u0131; vitaminler a\u00e7\u0131s\u0131ndan zengindir.   Jobek&#8217;ten, sa\u011fl\u0131k ve kar\u015f\u0131 konulmaz bir lezzet. <\/p>\n","protected":false},"excerpt":{"rendered":"<p>Do\u011fal, tatl\u0131 ve taptaze kuru kay\u0131s\u0131; vitaminler a\u00e7\u0131s\u0131ndan zengindir.<br \/>Jobek&#8217;ten, sa\u011fl\u0131k ve kar\u015f\u0131 konulmaz bir lezzet.    <\/p>\n","protected":false},"featured_media":3834,"template":"","meta":{"_monsterinsights_skip_tracking":false,"_monsterinsights_sitenote_active":false,"_monsterinsights_sitenote_note":"","_monsterinsights_sitenote_category":0},"product_brand":[],"product_cat":[125],"product_tag":[],"class_list":{"0":"post-3838","1":"product","2":"type-product","3":"status-publish","4":"has-post-thumbnail","6":"product_cat-kurutulmus-meyveler","8":"first","9":"instock","10":"shipping-taxable","11":"product-type-simple"},"aioseo_notices":[],"_links":{"self":[{"href":"https:\/\/jobeik.com\/tr\/wp-json\/wp\/v2\/product\/3838","targetHints":{"allow":["GET"]}}],"collection":[{"href":"https:\/\/jobeik.com\/tr\/wp-json\/wp\/v2\/product"}],"about":[{"href":"https:\/\/jobeik.com\/tr\/wp-json\/wp\/v2\/types\/product"}],"wp:featuredmedia":[{"embeddable":true,"href":"https:\/\/jobeik.com\/tr\/wp-json\/wp\/v2\/media\/3834"}],"wp:attachment":[{"href":"https:\/\/jobeik.com\/tr\/wp-json\/wp\/v2\/media?parent=3838"}],"wp:term":[{"taxonomy":"product_brand","embeddable":true,"href":"https:\/\/jobeik.com\/tr\/wp-json\/wp\/v2\/product_brand?post=3838"},{"taxonomy":"product_cat","embeddable":true,"href":"https:\/\/jobeik.com\/tr\/wp-json\/wp\/v2\/product_cat?post=3838"},{"taxonomy":"product_tag","embeddable":true,"href":"https:\/\/jobeik.com\/tr\/wp-json\/wp\/v2\/product_tag?post=3838"}],"curies":[{"name":"wp","href":"https:\/\/api.w.org\/{rel}","templated":true}]}}