{"id":3839,"date":"2025-05-29T21:13:51","date_gmt":"2025-05-29T21:13:51","guid":{"rendered":"https:\/\/jobeik.com\/product\/kayisi-pestili\/"},"modified":"2025-05-29T21:13:51","modified_gmt":"2025-05-29T21:13:51","slug":"kayisi-pestili","status":"publish","type":"product","link":"https:\/\/jobeik.com\/tr\/product\/kayisi-pestili\/","title":{"rendered":"Kay\u0131s\u0131 Pestili"},"content":{"rendered":"<p>Do\u011fal ve yo\u011fun kay\u0131s\u0131 pestili; Ramazan i\u00e7ecekleri ve tatl\u0131lar\u0131 i\u00e7in idealdir.  Jobek&#8217;ten, geleneksel lezzet ve y\u00fcksek kalite. <\/p>\n","protected":false},"excerpt":{"rendered":"<p>Do\u011fal ve yo\u011fun kay\u0131s\u0131 pestili; Ramazan i\u00e7ecekleri ve tatl\u0131lar\u0131 i\u00e7in idealdir.<br \/>Jobek&#8217;ten, geleneksel lezzet ve y\u00fcksek kalite.   <\/p>\n","protected":false},"featured_media":4289,"template":"","meta":{"_monsterinsights_skip_tracking":false,"_monsterinsights_sitenote_active":false,"_monsterinsights_sitenote_note":"","_monsterinsights_sitenote_category":0},"product_brand":[],"product_cat":[125],"product_tag":[],"class_list":{"0":"post-3839","1":"product","2":"type-product","3":"status-publish","4":"has-post-thumbnail","6":"product_cat-kurutulmus-meyveler","8":"first","9":"instock","10":"shipping-taxable","11":"product-type-simple"},"aioseo_notices":[],"_links":{"self":[{"href":"https:\/\/jobeik.com\/tr\/wp-json\/wp\/v2\/product\/3839","targetHints":{"allow":["GET"]}}],"collection":[{"href":"https:\/\/jobeik.com\/tr\/wp-json\/wp\/v2\/product"}],"about":[{"href":"https:\/\/jobeik.com\/tr\/wp-json\/wp\/v2\/types\/product"}],"wp:featuredmedia":[{"embeddable":true,"href":"https:\/\/jobeik.com\/tr\/wp-json\/wp\/v2\/media\/4289"}],"wp:attachment":[{"href":"https:\/\/jobeik.com\/tr\/wp-json\/wp\/v2\/media?parent=3839"}],"wp:term":[{"taxonomy":"product_brand","embeddable":true,"href":"https:\/\/jobeik.com\/tr\/wp-json\/wp\/v2\/product_brand?post=3839"},{"taxonomy":"product_cat","embeddable":true,"href":"https:\/\/jobeik.com\/tr\/wp-json\/wp\/v2\/product_cat?post=3839"},{"taxonomy":"product_tag","embeddable":true,"href":"https:\/\/jobeik.com\/tr\/wp-json\/wp\/v2\/product_tag?post=3839"}],"curies":[{"name":"wp","href":"https:\/\/api.w.org\/{rel}","templated":true}]}}