{"id":3840,"date":"2025-05-29T21:14:54","date_gmt":"2025-05-29T21:14:54","guid":{"rendered":"https:\/\/jobeik.com\/product\/kuru-incir\/"},"modified":"2025-05-29T21:14:54","modified_gmt":"2025-05-29T21:14:54","slug":"kuru-incir","status":"publish","type":"product","link":"https:\/\/jobeik.com\/tr\/product\/kuru-incir\/","title":{"rendered":"Kuru \u0130ncir"},"content":{"rendered":"<p>Lif a\u00e7\u0131s\u0131ndan zengin ve do\u011fal tatl\u0131 lezzete sahip, do\u011fal kuru incir.  Jobek&#8217;ten, her \u0131s\u0131r\u0131kta sa\u011fl\u0131k ve lezzet. <\/p>\n","protected":false},"excerpt":{"rendered":"<p>Lif a\u00e7\u0131s\u0131ndan zengin ve do\u011fal tatl\u0131 lezzete sahip, do\u011fal kuru incir.<br \/>Jobek&#8217;ten, her \u0131s\u0131r\u0131kta sa\u011fl\u0131k ve lezzet.   <\/p>\n","protected":false},"featured_media":4292,"template":"","meta":{"_monsterinsights_skip_tracking":false,"_monsterinsights_sitenote_active":false,"_monsterinsights_sitenote_note":"","_monsterinsights_sitenote_category":0},"product_brand":[],"product_cat":[125],"product_tag":[],"class_list":{"0":"post-3840","1":"product","2":"type-product","3":"status-publish","4":"has-post-thumbnail","6":"product_cat-kurutulmus-meyveler","8":"first","9":"instock","10":"shipping-taxable","11":"product-type-simple"},"aioseo_notices":[],"_links":{"self":[{"href":"https:\/\/jobeik.com\/tr\/wp-json\/wp\/v2\/product\/3840","targetHints":{"allow":["GET"]}}],"collection":[{"href":"https:\/\/jobeik.com\/tr\/wp-json\/wp\/v2\/product"}],"about":[{"href":"https:\/\/jobeik.com\/tr\/wp-json\/wp\/v2\/types\/product"}],"wp:featuredmedia":[{"embeddable":true,"href":"https:\/\/jobeik.com\/tr\/wp-json\/wp\/v2\/media\/4292"}],"wp:attachment":[{"href":"https:\/\/jobeik.com\/tr\/wp-json\/wp\/v2\/media?parent=3840"}],"wp:term":[{"taxonomy":"product_brand","embeddable":true,"href":"https:\/\/jobeik.com\/tr\/wp-json\/wp\/v2\/product_brand?post=3840"},{"taxonomy":"product_cat","embeddable":true,"href":"https:\/\/jobeik.com\/tr\/wp-json\/wp\/v2\/product_cat?post=3840"},{"taxonomy":"product_tag","embeddable":true,"href":"https:\/\/jobeik.com\/tr\/wp-json\/wp\/v2\/product_tag?post=3840"}],"curies":[{"name":"wp","href":"https:\/\/api.w.org\/{rel}","templated":true}]}}