{"id":3841,"date":"2025-05-29T21:16:49","date_gmt":"2025-05-29T21:16:49","guid":{"rendered":"https:\/\/jobeik.com\/product\/kuru-uzum\/"},"modified":"2025-05-29T21:16:49","modified_gmt":"2025-05-29T21:16:49","slug":"kuru-uzum","status":"publish","type":"product","link":"https:\/\/jobeik.com\/tr\/product\/kuru-uzum\/","title":{"rendered":"Kuru \u00dcz\u00fcm"},"content":{"rendered":"<p>Do\u011fal, tatl\u0131 ve taze kuru \u00fcz\u00fcm; tatl\u0131lar ve sa\u011fl\u0131kl\u0131 tarifler i\u00e7in idealdir.<br \/>Jobek&#8217;ten, otantik lezzeti garanti eden kalite.    <\/p>\n","protected":false},"excerpt":{"rendered":"<p>Do\u011fal, tatl\u0131 ve taze kuru \u00fcz\u00fcm; tatl\u0131lar ve sa\u011fl\u0131kl\u0131 tarifler i\u00e7in idealdir.<br \/>Jobek&#8217;ten, otantik lezzeti garanti eden kalite.    <\/p>\n","protected":false},"featured_media":4149,"template":"","meta":{"_monsterinsights_skip_tracking":false,"_monsterinsights_sitenote_active":false,"_monsterinsights_sitenote_note":"","_monsterinsights_sitenote_category":0},"product_brand":[],"product_cat":[125],"product_tag":[],"class_list":{"0":"post-3841","1":"product","2":"type-product","3":"status-publish","4":"has-post-thumbnail","6":"product_cat-kurutulmus-meyveler","8":"first","9":"instock","10":"shipping-taxable","11":"product-type-simple"},"aioseo_notices":[],"_links":{"self":[{"href":"https:\/\/jobeik.com\/tr\/wp-json\/wp\/v2\/product\/3841","targetHints":{"allow":["GET"]}}],"collection":[{"href":"https:\/\/jobeik.com\/tr\/wp-json\/wp\/v2\/product"}],"about":[{"href":"https:\/\/jobeik.com\/tr\/wp-json\/wp\/v2\/types\/product"}],"wp:featuredmedia":[{"embeddable":true,"href":"https:\/\/jobeik.com\/tr\/wp-json\/wp\/v2\/media\/4149"}],"wp:attachment":[{"href":"https:\/\/jobeik.com\/tr\/wp-json\/wp\/v2\/media?parent=3841"}],"wp:term":[{"taxonomy":"product_brand","embeddable":true,"href":"https:\/\/jobeik.com\/tr\/wp-json\/wp\/v2\/product_brand?post=3841"},{"taxonomy":"product_cat","embeddable":true,"href":"https:\/\/jobeik.com\/tr\/wp-json\/wp\/v2\/product_cat?post=3841"},{"taxonomy":"product_tag","embeddable":true,"href":"https:\/\/jobeik.com\/tr\/wp-json\/wp\/v2\/product_tag?post=3841"}],"curies":[{"name":"wp","href":"https:\/\/api.w.org\/{rel}","templated":true}]}}