{"id":3842,"date":"2025-05-29T21:20:09","date_gmt":"2025-05-29T21:20:09","guid":{"rendered":"https:\/\/jobeik.com\/product\/dogal-kuru-kayisi\/"},"modified":"2025-05-29T21:20:09","modified_gmt":"2025-05-29T21:20:09","slug":"dogal-kuru-kayisi","status":"publish","type":"product","link":"https:\/\/jobeik.com\/tr\/product\/dogal-kuru-kayisi\/","title":{"rendered":"Do\u011fal Kuru Kay\u0131s\u0131"},"content":{"rendered":"<p>Lezzet ve faydalar\u0131yla zengin do\u011fal kuru kay\u0131s\u0131; at\u0131\u015ft\u0131rmal\u0131k olarak ve yemeklerde kullan\u0131m i\u00e7in idealdir.   Jobek&#8217;ten, kalite ve otantik lezzet. <\/p>\n","protected":false},"excerpt":{"rendered":"<p>Lezzet ve faydalar\u0131yla zengin do\u011fal kuru kay\u0131s\u0131; at\u0131\u015ft\u0131rmal\u0131k olarak ve yemeklerde kullan\u0131m i\u00e7in idealdir.   Jobek&#8217;ten, kalite ve otantik lezzet. <\/p>\n","protected":false},"featured_media":4146,"template":"","meta":{"_monsterinsights_skip_tracking":false,"_monsterinsights_sitenote_active":false,"_monsterinsights_sitenote_note":"","_monsterinsights_sitenote_category":0},"product_brand":[],"product_cat":[125],"product_tag":[],"class_list":{"0":"post-3842","1":"product","2":"type-product","3":"status-publish","4":"has-post-thumbnail","6":"product_cat-kurutulmus-meyveler","8":"first","9":"instock","10":"shipping-taxable","11":"product-type-simple"},"aioseo_notices":[],"_links":{"self":[{"href":"https:\/\/jobeik.com\/tr\/wp-json\/wp\/v2\/product\/3842","targetHints":{"allow":["GET"]}}],"collection":[{"href":"https:\/\/jobeik.com\/tr\/wp-json\/wp\/v2\/product"}],"about":[{"href":"https:\/\/jobeik.com\/tr\/wp-json\/wp\/v2\/types\/product"}],"wp:featuredmedia":[{"embeddable":true,"href":"https:\/\/jobeik.com\/tr\/wp-json\/wp\/v2\/media\/4146"}],"wp:attachment":[{"href":"https:\/\/jobeik.com\/tr\/wp-json\/wp\/v2\/media?parent=3842"}],"wp:term":[{"taxonomy":"product_brand","embeddable":true,"href":"https:\/\/jobeik.com\/tr\/wp-json\/wp\/v2\/product_brand?post=3842"},{"taxonomy":"product_cat","embeddable":true,"href":"https:\/\/jobeik.com\/tr\/wp-json\/wp\/v2\/product_cat?post=3842"},{"taxonomy":"product_tag","embeddable":true,"href":"https:\/\/jobeik.com\/tr\/wp-json\/wp\/v2\/product_tag?post=3842"}],"curies":[{"name":"wp","href":"https:\/\/api.w.org\/{rel}","templated":true}]}}