{"id":3844,"date":"2025-05-29T21:43:59","date_gmt":"2025-05-29T21:43:59","guid":{"rendered":"https:\/\/jobeik.com\/product\/yesil-mercimek\/"},"modified":"2025-05-29T21:43:59","modified_gmt":"2025-05-29T21:43:59","slug":"yesil-mercimek","status":"publish","type":"product","link":"https:\/\/jobeik.com\/tr\/product\/yesil-mercimek\/","title":{"rendered":"Ye\u015fil Mercimek"},"content":{"rendered":"<p>Do\u011fal, y\u00fcksek proteinli ve kolay pi\u015fen ye\u015fil mercimek.  Jobek&#8217;ten, sa\u011fl\u0131kl\u0131 g\u0131da ve garantili kalite. <\/p>\n","protected":false},"excerpt":{"rendered":"<p>Do\u011fal, y\u00fcksek proteinli ve kolay pi\u015fen ye\u015fil mercimek.<br \/>Jobek&#8217;ten, sa\u011fl\u0131kl\u0131 g\u0131da ve garantili kalite.   <\/p>\n","protected":false},"featured_media":4286,"template":"","meta":{"_monsterinsights_skip_tracking":false,"_monsterinsights_sitenote_active":false,"_monsterinsights_sitenote_note":"","_monsterinsights_sitenote_category":0},"product_brand":[],"product_cat":[126],"product_tag":[],"class_list":{"0":"post-3844","1":"product","2":"type-product","3":"status-publish","4":"has-post-thumbnail","6":"product_cat-baklagiller","8":"first","9":"instock","10":"shipping-taxable","11":"product-type-simple"},"aioseo_notices":[],"_links":{"self":[{"href":"https:\/\/jobeik.com\/tr\/wp-json\/wp\/v2\/product\/3844","targetHints":{"allow":["GET"]}}],"collection":[{"href":"https:\/\/jobeik.com\/tr\/wp-json\/wp\/v2\/product"}],"about":[{"href":"https:\/\/jobeik.com\/tr\/wp-json\/wp\/v2\/types\/product"}],"wp:featuredmedia":[{"embeddable":true,"href":"https:\/\/jobeik.com\/tr\/wp-json\/wp\/v2\/media\/4286"}],"wp:attachment":[{"href":"https:\/\/jobeik.com\/tr\/wp-json\/wp\/v2\/media?parent=3844"}],"wp:term":[{"taxonomy":"product_brand","embeddable":true,"href":"https:\/\/jobeik.com\/tr\/wp-json\/wp\/v2\/product_brand?post=3844"},{"taxonomy":"product_cat","embeddable":true,"href":"https:\/\/jobeik.com\/tr\/wp-json\/wp\/v2\/product_cat?post=3844"},{"taxonomy":"product_tag","embeddable":true,"href":"https:\/\/jobeik.com\/tr\/wp-json\/wp\/v2\/product_tag?post=3844"}],"curies":[{"name":"wp","href":"https:\/\/api.w.org\/{rel}","templated":true}]}}