{"id":3850,"date":"2025-05-29T21:45:00","date_gmt":"2025-05-29T21:45:00","guid":{"rendered":"https:\/\/jobeik.com\/product\/sari-mercimek\/"},"modified":"2025-05-29T21:45:00","modified_gmt":"2025-05-29T21:45:00","slug":"sari-mercimek","status":"publish","type":"product","link":"https:\/\/jobeik.com\/tr\/product\/sari-mercimek\/","title":{"rendered":"Sar\u0131 Mercimek"},"content":{"rendered":"<p>Saf, h\u0131zl\u0131 pi\u015fen ve besleyici sar\u0131 mercimek.<br \/>Jobek&#8217;ten, sa\u011fl\u0131kl\u0131 ve lezzetli bir se\u00e7im.   <\/p>\n","protected":false},"excerpt":{"rendered":"<p>Saf, h\u0131zl\u0131 pi\u015fen ve besleyici sar\u0131 mercimek.<br \/>Jobek&#8217;ten, sa\u011fl\u0131kl\u0131 ve lezzetli bir se\u00e7im.   <\/p>\n","protected":false},"featured_media":4283,"template":"","meta":{"_monsterinsights_skip_tracking":false,"_monsterinsights_sitenote_active":false,"_monsterinsights_sitenote_note":"","_monsterinsights_sitenote_category":0},"product_brand":[],"product_cat":[126],"product_tag":[],"class_list":{"0":"post-3850","1":"product","2":"type-product","3":"status-publish","4":"has-post-thumbnail","6":"product_cat-baklagiller","8":"first","9":"instock","10":"shipping-taxable","11":"product-type-simple"},"aioseo_notices":[],"_links":{"self":[{"href":"https:\/\/jobeik.com\/tr\/wp-json\/wp\/v2\/product\/3850","targetHints":{"allow":["GET"]}}],"collection":[{"href":"https:\/\/jobeik.com\/tr\/wp-json\/wp\/v2\/product"}],"about":[{"href":"https:\/\/jobeik.com\/tr\/wp-json\/wp\/v2\/types\/product"}],"wp:featuredmedia":[{"embeddable":true,"href":"https:\/\/jobeik.com\/tr\/wp-json\/wp\/v2\/media\/4283"}],"wp:attachment":[{"href":"https:\/\/jobeik.com\/tr\/wp-json\/wp\/v2\/media?parent=3850"}],"wp:term":[{"taxonomy":"product_brand","embeddable":true,"href":"https:\/\/jobeik.com\/tr\/wp-json\/wp\/v2\/product_brand?post=3850"},{"taxonomy":"product_cat","embeddable":true,"href":"https:\/\/jobeik.com\/tr\/wp-json\/wp\/v2\/product_cat?post=3850"},{"taxonomy":"product_tag","embeddable":true,"href":"https:\/\/jobeik.com\/tr\/wp-json\/wp\/v2\/product_tag?post=3850"}],"curies":[{"name":"wp","href":"https:\/\/api.w.org\/{rel}","templated":true}]}}