{"id":3851,"date":"2025-05-29T21:46:45","date_gmt":"2025-05-29T21:46:45","guid":{"rendered":"https:\/\/jobeik.com\/product\/kirmizi-mercimek\/"},"modified":"2025-05-29T21:46:45","modified_gmt":"2025-05-29T21:46:45","slug":"kirmizi-mercimek","status":"publish","type":"product","link":"https:\/\/jobeik.com\/tr\/product\/kirmizi-mercimek\/","title":{"rendered":"K\u0131rm\u0131z\u0131 Mercimek"},"content":{"rendered":"<p>Do\u011fal, protein a\u00e7\u0131s\u0131ndan zengin ve sindirimi kolay k\u0131rm\u0131z\u0131 mercimek.  Jobek&#8217;ten, se\u00e7kin kalite ve lezzet. <\/p>\n","protected":false},"excerpt":{"rendered":"<p>Do\u011fal, protein a\u00e7\u0131s\u0131ndan zengin ve sindirimi kolay k\u0131rm\u0131z\u0131 mercimek.<br \/>Jobek&#8217;ten, se\u00e7kin kalite ve lezzet.   <\/p>\n","protected":false},"featured_media":4137,"template":"","meta":{"_monsterinsights_skip_tracking":false,"_monsterinsights_sitenote_active":false,"_monsterinsights_sitenote_note":"","_monsterinsights_sitenote_category":0},"product_brand":[],"product_cat":[126],"product_tag":[],"class_list":{"0":"post-3851","1":"product","2":"type-product","3":"status-publish","4":"has-post-thumbnail","6":"product_cat-baklagiller","8":"first","9":"instock","10":"shipping-taxable","11":"product-type-simple"},"aioseo_notices":[],"_links":{"self":[{"href":"https:\/\/jobeik.com\/tr\/wp-json\/wp\/v2\/product\/3851","targetHints":{"allow":["GET"]}}],"collection":[{"href":"https:\/\/jobeik.com\/tr\/wp-json\/wp\/v2\/product"}],"about":[{"href":"https:\/\/jobeik.com\/tr\/wp-json\/wp\/v2\/types\/product"}],"wp:featuredmedia":[{"embeddable":true,"href":"https:\/\/jobeik.com\/tr\/wp-json\/wp\/v2\/media\/4137"}],"wp:attachment":[{"href":"https:\/\/jobeik.com\/tr\/wp-json\/wp\/v2\/media?parent=3851"}],"wp:term":[{"taxonomy":"product_brand","embeddable":true,"href":"https:\/\/jobeik.com\/tr\/wp-json\/wp\/v2\/product_brand?post=3851"},{"taxonomy":"product_cat","embeddable":true,"href":"https:\/\/jobeik.com\/tr\/wp-json\/wp\/v2\/product_cat?post=3851"},{"taxonomy":"product_tag","embeddable":true,"href":"https:\/\/jobeik.com\/tr\/wp-json\/wp\/v2\/product_tag?post=3851"}],"curies":[{"name":"wp","href":"https:\/\/api.w.org\/{rel}","templated":true}]}}