{"id":3853,"date":"2025-05-29T21:47:39","date_gmt":"2025-05-29T21:47:39","guid":{"rendered":"https:\/\/jobeik.com\/product\/siyah-mercimek\/"},"modified":"2025-05-29T21:47:39","modified_gmt":"2025-05-29T21:47:39","slug":"siyah-mercimek","status":"publish","type":"product","link":"https:\/\/jobeik.com\/tr\/product\/siyah-mercimek\/","title":{"rendered":"Siyah Mercimek"},"content":{"rendered":"<p>Besin de\u011feri y\u00fcksek, premium siyah mercimek; sa\u011fl\u0131kl\u0131 ve gurme yemekler i\u00e7in idealdir.  Jobek&#8217;ten, otantik lezzet ve y\u00fcksek kalite. <\/p>\n","protected":false},"excerpt":{"rendered":"<p>Besin de\u011feri y\u00fcksek, premium siyah mercimek; sa\u011fl\u0131kl\u0131 ve gurme yemekler i\u00e7in idealdir.  Jobek&#8217;ten, otantik lezzet ve y\u00fcksek kalite. <\/p>\n","protected":false},"featured_media":4280,"template":"","meta":{"_monsterinsights_skip_tracking":false,"_monsterinsights_sitenote_active":false,"_monsterinsights_sitenote_note":"","_monsterinsights_sitenote_category":0},"product_brand":[],"product_cat":[126],"product_tag":[],"class_list":{"0":"post-3853","1":"product","2":"type-product","3":"status-publish","4":"has-post-thumbnail","6":"product_cat-baklagiller","8":"first","9":"instock","10":"shipping-taxable","11":"product-type-simple"},"aioseo_notices":[],"_links":{"self":[{"href":"https:\/\/jobeik.com\/tr\/wp-json\/wp\/v2\/product\/3853","targetHints":{"allow":["GET"]}}],"collection":[{"href":"https:\/\/jobeik.com\/tr\/wp-json\/wp\/v2\/product"}],"about":[{"href":"https:\/\/jobeik.com\/tr\/wp-json\/wp\/v2\/types\/product"}],"wp:featuredmedia":[{"embeddable":true,"href":"https:\/\/jobeik.com\/tr\/wp-json\/wp\/v2\/media\/4280"}],"wp:attachment":[{"href":"https:\/\/jobeik.com\/tr\/wp-json\/wp\/v2\/media?parent=3853"}],"wp:term":[{"taxonomy":"product_brand","embeddable":true,"href":"https:\/\/jobeik.com\/tr\/wp-json\/wp\/v2\/product_brand?post=3853"},{"taxonomy":"product_cat","embeddable":true,"href":"https:\/\/jobeik.com\/tr\/wp-json\/wp\/v2\/product_cat?post=3853"},{"taxonomy":"product_tag","embeddable":true,"href":"https:\/\/jobeik.com\/tr\/wp-json\/wp\/v2\/product_tag?post=3853"}],"curies":[{"name":"wp","href":"https:\/\/api.w.org\/{rel}","templated":true}]}}