{"id":3855,"date":"2025-05-29T21:49:17","date_gmt":"2025-05-29T21:49:17","guid":{"rendered":"https:\/\/jobeik.com\/product\/koftelik-bulgur\/"},"modified":"2025-05-29T21:49:17","modified_gmt":"2025-05-29T21:49:17","slug":"koftelik-bulgur","status":"publish","type":"product","link":"https:\/\/jobeik.com\/tr\/product\/koftelik-bulgur\/","title":{"rendered":"K\u00f6ftelik Bulgur"},"content":{"rendered":"<p>Do\u011fal ve otantik, k\u00f6ftelik bulgur; \u00f6zg\u00fcn Orta Do\u011fu yemeklerinin temelidir.Jobek&#8217;ten, tariflerinizi farkl\u0131la\u015ft\u0131ran kalite ve lezzet.   <\/p>\n","protected":false},"excerpt":{"rendered":"<p>Do\u011fal ve otantik, k\u00f6ftelik bulgur; \u00f6zg\u00fcn Orta Do\u011fu yemeklerinin temelidir.Jobek&#8217;ten, tariflerinizi farkl\u0131la\u015ft\u0131ran kalite ve lezzet.   <\/p>\n","protected":false},"featured_media":4118,"template":"","meta":{"_monsterinsights_skip_tracking":false,"_monsterinsights_sitenote_active":false,"_monsterinsights_sitenote_note":"","_monsterinsights_sitenote_category":0},"product_brand":[],"product_cat":[126],"product_tag":[],"class_list":{"0":"post-3855","1":"product","2":"type-product","3":"status-publish","4":"has-post-thumbnail","6":"product_cat-baklagiller","8":"first","9":"instock","10":"shipping-taxable","11":"product-type-simple"},"aioseo_notices":[],"_links":{"self":[{"href":"https:\/\/jobeik.com\/tr\/wp-json\/wp\/v2\/product\/3855","targetHints":{"allow":["GET"]}}],"collection":[{"href":"https:\/\/jobeik.com\/tr\/wp-json\/wp\/v2\/product"}],"about":[{"href":"https:\/\/jobeik.com\/tr\/wp-json\/wp\/v2\/types\/product"}],"wp:featuredmedia":[{"embeddable":true,"href":"https:\/\/jobeik.com\/tr\/wp-json\/wp\/v2\/media\/4118"}],"wp:attachment":[{"href":"https:\/\/jobeik.com\/tr\/wp-json\/wp\/v2\/media?parent=3855"}],"wp:term":[{"taxonomy":"product_brand","embeddable":true,"href":"https:\/\/jobeik.com\/tr\/wp-json\/wp\/v2\/product_brand?post=3855"},{"taxonomy":"product_cat","embeddable":true,"href":"https:\/\/jobeik.com\/tr\/wp-json\/wp\/v2\/product_cat?post=3855"},{"taxonomy":"product_tag","embeddable":true,"href":"https:\/\/jobeik.com\/tr\/wp-json\/wp\/v2\/product_tag?post=3855"}],"curies":[{"name":"wp","href":"https:\/\/api.w.org\/{rel}","templated":true}]}}