{"id":3857,"date":"2025-05-29T21:51:21","date_gmt":"2025-05-29T21:51:21","guid":{"rendered":"https:\/\/jobeik.com\/product\/patlatmalik-misir\/"},"modified":"2025-05-29T21:51:21","modified_gmt":"2025-05-29T21:51:21","slug":"patlatmalik-misir","status":"publish","type":"product","link":"https:\/\/jobeik.com\/tr\/product\/patlatmalik-misir\/","title":{"rendered":"Patlatmal\u0131k M\u0131s\u0131r"},"content":{"rendered":"<p>Taze ve y\u00fcksek kaliteli patlatmal\u0131k m\u0131s\u0131r; keyifli at\u0131\u015ft\u0131rmal\u0131klar haz\u0131rlamak i\u00e7in idealdir.<br \/>Jobek&#8217;ten, her an i\u00e7in \u00f6zel bir lezzet.   <\/p>\n","protected":false},"excerpt":{"rendered":"<p>Taze ve y\u00fcksek kaliteli patlatmal\u0131k m\u0131s\u0131r; keyifli at\u0131\u015ft\u0131rmal\u0131klar haz\u0131rlamak i\u00e7in idealdir.<br \/>Jobek&#8217;ten, her an i\u00e7in \u00f6zel bir lezzet.   <\/p>\n","protected":false},"featured_media":4140,"template":"","meta":{"_monsterinsights_skip_tracking":false,"_monsterinsights_sitenote_active":false,"_monsterinsights_sitenote_note":"","_monsterinsights_sitenote_category":0},"product_brand":[],"product_cat":[126],"product_tag":[],"class_list":{"0":"post-3857","1":"product","2":"type-product","3":"status-publish","4":"has-post-thumbnail","6":"product_cat-baklagiller","8":"first","9":"instock","10":"shipping-taxable","11":"product-type-simple"},"aioseo_notices":[],"_links":{"self":[{"href":"https:\/\/jobeik.com\/tr\/wp-json\/wp\/v2\/product\/3857","targetHints":{"allow":["GET"]}}],"collection":[{"href":"https:\/\/jobeik.com\/tr\/wp-json\/wp\/v2\/product"}],"about":[{"href":"https:\/\/jobeik.com\/tr\/wp-json\/wp\/v2\/types\/product"}],"wp:featuredmedia":[{"embeddable":true,"href":"https:\/\/jobeik.com\/tr\/wp-json\/wp\/v2\/media\/4140"}],"wp:attachment":[{"href":"https:\/\/jobeik.com\/tr\/wp-json\/wp\/v2\/media?parent=3857"}],"wp:term":[{"taxonomy":"product_brand","embeddable":true,"href":"https:\/\/jobeik.com\/tr\/wp-json\/wp\/v2\/product_brand?post=3857"},{"taxonomy":"product_cat","embeddable":true,"href":"https:\/\/jobeik.com\/tr\/wp-json\/wp\/v2\/product_cat?post=3857"},{"taxonomy":"product_tag","embeddable":true,"href":"https:\/\/jobeik.com\/tr\/wp-json\/wp\/v2\/product_tag?post=3857"}],"curies":[{"name":"wp","href":"https:\/\/api.w.org\/{rel}","templated":true}]}}