{"id":3861,"date":"2025-05-29T21:55:03","date_gmt":"2025-05-29T21:55:03","guid":{"rendered":"https:\/\/jobeik.com\/product\/pirinc\/"},"modified":"2025-05-29T21:55:03","modified_gmt":"2025-05-29T21:55:03","slug":"pirinc","status":"publish","type":"product","link":"https:\/\/jobeik.com\/tr\/product\/pirinc\/","title":{"rendered":"Pirin\u00e7"},"content":{"rendered":"<p>Y\u00fcksek kaliteli, yumu\u015fak ve lezzetli pirin\u00e7; nefis yemeklerin temelidir.<br \/>Jobek&#8217;ten, her tanede lezzet ve otantiklik.    <\/p>\n","protected":false},"excerpt":{"rendered":"<p>Y\u00fcksek kaliteli, yumu\u015fak ve lezzetli pirin\u00e7; nefis yemeklerin temelidir.<br \/>Jobek&#8217;ten, her tanede lezzet ve otantiklik.    <\/p>\n","protected":false},"featured_media":4115,"template":"","meta":{"_monsterinsights_skip_tracking":false,"_monsterinsights_sitenote_active":false,"_monsterinsights_sitenote_note":"","_monsterinsights_sitenote_category":0},"product_brand":[],"product_cat":[126],"product_tag":[],"class_list":{"0":"post-3861","1":"product","2":"type-product","3":"status-publish","4":"has-post-thumbnail","6":"product_cat-baklagiller","8":"first","9":"instock","10":"shipping-taxable","11":"product-type-simple"},"aioseo_notices":[],"_links":{"self":[{"href":"https:\/\/jobeik.com\/tr\/wp-json\/wp\/v2\/product\/3861","targetHints":{"allow":["GET"]}}],"collection":[{"href":"https:\/\/jobeik.com\/tr\/wp-json\/wp\/v2\/product"}],"about":[{"href":"https:\/\/jobeik.com\/tr\/wp-json\/wp\/v2\/types\/product"}],"wp:featuredmedia":[{"embeddable":true,"href":"https:\/\/jobeik.com\/tr\/wp-json\/wp\/v2\/media\/4115"}],"wp:attachment":[{"href":"https:\/\/jobeik.com\/tr\/wp-json\/wp\/v2\/media?parent=3861"}],"wp:term":[{"taxonomy":"product_brand","embeddable":true,"href":"https:\/\/jobeik.com\/tr\/wp-json\/wp\/v2\/product_brand?post=3861"},{"taxonomy":"product_cat","embeddable":true,"href":"https:\/\/jobeik.com\/tr\/wp-json\/wp\/v2\/product_cat?post=3861"},{"taxonomy":"product_tag","embeddable":true,"href":"https:\/\/jobeik.com\/tr\/wp-json\/wp\/v2\/product_tag?post=3861"}],"curies":[{"name":"wp","href":"https:\/\/api.w.org\/{rel}","templated":true}]}}