{"id":3864,"date":"2025-05-29T21:56:25","date_gmt":"2025-05-29T21:56:25","guid":{"rendered":"https:\/\/jobeik.com\/product\/kuru-fasulye\/"},"modified":"2025-05-29T21:56:25","modified_gmt":"2025-05-29T21:56:25","slug":"kuru-fasulye","status":"publish","type":"product","link":"https:\/\/jobeik.com\/tr\/product\/kuru-fasulye\/","title":{"rendered":"Kuru Fasulye"},"content":{"rendered":"<p>Do\u011fal, protein ve lif a\u00e7\u0131s\u0131ndan zengin kuru fasulye; sa\u011fl\u0131kl\u0131 yemekler i\u00e7in idealdir.   Jobek&#8217;ten, kalite ve otantik lezzet. <\/p>\n","protected":false},"excerpt":{"rendered":"<p>Do\u011fal, protein ve lif a\u00e7\u0131s\u0131ndan zengin kuru fasulye; sa\u011fl\u0131kl\u0131 yemekler i\u00e7in idealdir.<br \/>Jobek&#8217;ten, kalite ve otantik lezzet.    <\/p>\n","protected":false},"featured_media":4125,"template":"","meta":{"_monsterinsights_skip_tracking":false,"_monsterinsights_sitenote_active":false,"_monsterinsights_sitenote_note":"","_monsterinsights_sitenote_category":0},"product_brand":[],"product_cat":[126],"product_tag":[],"class_list":{"0":"post-3864","1":"product","2":"type-product","3":"status-publish","4":"has-post-thumbnail","6":"product_cat-baklagiller","8":"first","9":"instock","10":"shipping-taxable","11":"product-type-simple"},"aioseo_notices":[],"_links":{"self":[{"href":"https:\/\/jobeik.com\/tr\/wp-json\/wp\/v2\/product\/3864","targetHints":{"allow":["GET"]}}],"collection":[{"href":"https:\/\/jobeik.com\/tr\/wp-json\/wp\/v2\/product"}],"about":[{"href":"https:\/\/jobeik.com\/tr\/wp-json\/wp\/v2\/types\/product"}],"wp:featuredmedia":[{"embeddable":true,"href":"https:\/\/jobeik.com\/tr\/wp-json\/wp\/v2\/media\/4125"}],"wp:attachment":[{"href":"https:\/\/jobeik.com\/tr\/wp-json\/wp\/v2\/media?parent=3864"}],"wp:term":[{"taxonomy":"product_brand","embeddable":true,"href":"https:\/\/jobeik.com\/tr\/wp-json\/wp\/v2\/product_brand?post=3864"},{"taxonomy":"product_cat","embeddable":true,"href":"https:\/\/jobeik.com\/tr\/wp-json\/wp\/v2\/product_cat?post=3864"},{"taxonomy":"product_tag","embeddable":true,"href":"https:\/\/jobeik.com\/tr\/wp-json\/wp\/v2\/product_tag?post=3864"}],"curies":[{"name":"wp","href":"https:\/\/api.w.org\/{rel}","templated":true}]}}