{"id":3866,"date":"2025-05-29T21:57:27","date_gmt":"2025-05-29T21:57:27","guid":{"rendered":"https:\/\/jobeik.com\/product\/nohut\/"},"modified":"2025-05-29T21:57:27","modified_gmt":"2025-05-29T21:57:27","slug":"nohut","status":"publish","type":"product","link":"https:\/\/jobeik.com\/tr\/product\/nohut\/","title":{"rendered":"Nohut"},"content":{"rendered":"<p>Do\u011fal, protein ve lif a\u00e7\u0131s\u0131ndan zengin nohut; lezzetli Do\u011fu yemeklerinin temelidir.<br \/>Jobek&#8217;ten, \u00f6zel bir lezzeti garanti eden kalite.    <\/p>\n","protected":false},"excerpt":{"rendered":"<p>Do\u011fal, protein ve lif a\u00e7\u0131s\u0131ndan zengin nohut; lezzetli Do\u011fu yemeklerinin temelidir.<br \/>Jobek&#8217;ten, \u00f6zel bir lezzeti garanti eden kalite.    <\/p>\n","protected":false},"featured_media":4122,"template":"","meta":{"_monsterinsights_skip_tracking":false,"_monsterinsights_sitenote_active":false,"_monsterinsights_sitenote_note":"","_monsterinsights_sitenote_category":0},"product_brand":[],"product_cat":[126],"product_tag":[],"class_list":{"0":"post-3866","1":"product","2":"type-product","3":"status-publish","4":"has-post-thumbnail","6":"product_cat-baklagiller","8":"first","9":"instock","10":"shipping-taxable","11":"product-type-simple"},"aioseo_notices":[],"_links":{"self":[{"href":"https:\/\/jobeik.com\/tr\/wp-json\/wp\/v2\/product\/3866","targetHints":{"allow":["GET"]}}],"collection":[{"href":"https:\/\/jobeik.com\/tr\/wp-json\/wp\/v2\/product"}],"about":[{"href":"https:\/\/jobeik.com\/tr\/wp-json\/wp\/v2\/types\/product"}],"wp:featuredmedia":[{"embeddable":true,"href":"https:\/\/jobeik.com\/tr\/wp-json\/wp\/v2\/media\/4122"}],"wp:attachment":[{"href":"https:\/\/jobeik.com\/tr\/wp-json\/wp\/v2\/media?parent=3866"}],"wp:term":[{"taxonomy":"product_brand","embeddable":true,"href":"https:\/\/jobeik.com\/tr\/wp-json\/wp\/v2\/product_brand?post=3866"},{"taxonomy":"product_cat","embeddable":true,"href":"https:\/\/jobeik.com\/tr\/wp-json\/wp\/v2\/product_cat?post=3866"},{"taxonomy":"product_tag","embeddable":true,"href":"https:\/\/jobeik.com\/tr\/wp-json\/wp\/v2\/product_tag?post=3866"}],"curies":[{"name":"wp","href":"https:\/\/api.w.org\/{rel}","templated":true}]}}