{"id":3867,"date":"2025-05-29T21:59:42","date_gmt":"2025-05-29T21:59:42","guid":{"rendered":"https:\/\/jobeik.com\/product\/yesil-kahve\/"},"modified":"2025-05-29T21:59:42","modified_gmt":"2025-05-29T21:59:42","slug":"yesil-kahve","status":"publish","type":"product","link":"https:\/\/jobeik.com\/tr\/product\/yesil-kahve\/","title":{"rendered":"Ye\u015fil Kahve"},"content":{"rendered":"<p>Saf, antioksidanlar a\u00e7\u0131s\u0131ndan zengin ye\u015fil kahve; g\u00fcnl\u00fck sa\u011fl\u0131k ve zindelik i\u00e7in.<br \/>Jobek&#8217;ten, olmas\u0131 gerekti\u011fi gibi do\u011fal.    <\/p>\n","protected":false},"excerpt":{"rendered":"<p>Saf, antioksidanlar a\u00e7\u0131s\u0131ndan zengin ye\u015fil kahve; g\u00fcnl\u00fck sa\u011fl\u0131k ve zindelik i\u00e7in.<br \/>Jobek&#8217;ten, olmas\u0131 gerekti\u011fi gibi do\u011fal.    <\/p>\n","protected":false},"featured_media":4276,"template":"","meta":{"_monsterinsights_skip_tracking":false,"_monsterinsights_sitenote_active":false,"_monsterinsights_sitenote_note":"","_monsterinsights_sitenote_category":0},"product_brand":[],"product_cat":[127],"product_tag":[],"class_list":{"0":"post-3867","1":"product","2":"type-product","3":"status-publish","4":"has-post-thumbnail","6":"product_cat-kakuleli-kahve","8":"first","9":"instock","10":"shipping-taxable","11":"product-type-simple"},"aioseo_notices":[],"_links":{"self":[{"href":"https:\/\/jobeik.com\/tr\/wp-json\/wp\/v2\/product\/3867","targetHints":{"allow":["GET"]}}],"collection":[{"href":"https:\/\/jobeik.com\/tr\/wp-json\/wp\/v2\/product"}],"about":[{"href":"https:\/\/jobeik.com\/tr\/wp-json\/wp\/v2\/types\/product"}],"wp:featuredmedia":[{"embeddable":true,"href":"https:\/\/jobeik.com\/tr\/wp-json\/wp\/v2\/media\/4276"}],"wp:attachment":[{"href":"https:\/\/jobeik.com\/tr\/wp-json\/wp\/v2\/media?parent=3867"}],"wp:term":[{"taxonomy":"product_brand","embeddable":true,"href":"https:\/\/jobeik.com\/tr\/wp-json\/wp\/v2\/product_brand?post=3867"},{"taxonomy":"product_cat","embeddable":true,"href":"https:\/\/jobeik.com\/tr\/wp-json\/wp\/v2\/product_cat?post=3867"},{"taxonomy":"product_tag","embeddable":true,"href":"https:\/\/jobeik.com\/tr\/wp-json\/wp\/v2\/product_tag?post=3867"}],"curies":[{"name":"wp","href":"https:\/\/api.w.org\/{rel}","templated":true}]}}