{"id":3871,"date":"2025-06-11T18:50:33","date_gmt":"2025-06-11T18:50:33","guid":{"rendered":"https:\/\/jobeik.com\/product\/sutlaclik-pirinc\/"},"modified":"2025-06-11T18:50:33","modified_gmt":"2025-06-11T18:50:33","slug":"sutlaclik-pirinc","status":"publish","type":"product","link":"https:\/\/jobeik.com\/tr\/product\/sutlaclik-pirinc\/","title":{"rendered":"S\u00fctla\u00e7l\u0131k Pirin\u00e7"},"content":{"rendered":"<p>S\u00fctla\u00e7 ve di\u011fer kremal\u0131 tarifler i\u00e7in ideal, \u00f6zel pirin\u00e7. Zengin dokusu ve dengeli lezzeti sayesinde m\u00fckemmel kremal\u0131 k\u0131vam sa\u011flar. <\/p>\n","protected":false},"excerpt":{"rendered":"<p>S\u00fctla\u00e7 ve di\u011fer kremal\u0131 tarifler i\u00e7in ideal, \u00f6zel pirin\u00e7. Zengin dokusu ve dengeli lezzeti sayesinde m\u00fckemmel kremal\u0131 k\u0131vam sa\u011flar. <\/p>\n","protected":false},"featured_media":4108,"template":"","meta":{"_monsterinsights_skip_tracking":false,"_monsterinsights_sitenote_active":false,"_monsterinsights_sitenote_note":"","_monsterinsights_sitenote_category":0},"product_brand":[],"product_cat":[121],"product_tag":[],"class_list":{"0":"post-3871","1":"product","2":"type-product","3":"status-publish","4":"has-post-thumbnail","6":"product_cat-pirinc","8":"first","9":"instock","10":"shipping-taxable","11":"product-type-simple"},"aioseo_notices":[],"_links":{"self":[{"href":"https:\/\/jobeik.com\/tr\/wp-json\/wp\/v2\/product\/3871","targetHints":{"allow":["GET"]}}],"collection":[{"href":"https:\/\/jobeik.com\/tr\/wp-json\/wp\/v2\/product"}],"about":[{"href":"https:\/\/jobeik.com\/tr\/wp-json\/wp\/v2\/types\/product"}],"wp:featuredmedia":[{"embeddable":true,"href":"https:\/\/jobeik.com\/tr\/wp-json\/wp\/v2\/media\/4108"}],"wp:attachment":[{"href":"https:\/\/jobeik.com\/tr\/wp-json\/wp\/v2\/media?parent=3871"}],"wp:term":[{"taxonomy":"product_brand","embeddable":true,"href":"https:\/\/jobeik.com\/tr\/wp-json\/wp\/v2\/product_brand?post=3871"},{"taxonomy":"product_cat","embeddable":true,"href":"https:\/\/jobeik.com\/tr\/wp-json\/wp\/v2\/product_cat?post=3871"},{"taxonomy":"product_tag","embeddable":true,"href":"https:\/\/jobeik.com\/tr\/wp-json\/wp\/v2\/product_tag?post=3871"}],"curies":[{"name":"wp","href":"https:\/\/api.w.org\/{rel}","templated":true}]}}