{"id":3879,"date":"2025-05-29T19:55:02","date_gmt":"2025-05-29T19:55:02","guid":{"rendered":"https:\/\/jobeik.com\/product\/tarcin\/"},"modified":"2025-05-29T19:55:02","modified_gmt":"2025-05-29T19:55:02","slug":"tarcin","status":"publish","type":"product","link":"https:\/\/jobeik.com\/tr\/product\/tarcin\/","title":{"rendered":"Tar\u00e7\u0131n"},"content":{"rendered":"<p>\u0130\u00e7 \u0131s\u0131tan kokusu ve zengin lezzetiyle do\u011fal tar\u00e7\u0131n; tatl\u0131lar ve i\u00e7ecekler i\u00e7in idealdir.  Jobek&#8217;ten, otantik lezzet. <\/p>\n","protected":false},"excerpt":{"rendered":"<p>\u0130\u00e7 \u0131s\u0131tan kokusu ve zengin lezzetiyle do\u011fal tar\u00e7\u0131n; tatl\u0131lar ve i\u00e7ecekler i\u00e7in idealdir.  Jobek&#8217;ten, otantik lezzet. <\/p>\n","protected":false},"featured_media":4322,"template":"","meta":{"_monsterinsights_skip_tracking":false,"_monsterinsights_sitenote_active":false,"_monsterinsights_sitenote_note":"","_monsterinsights_sitenote_category":0},"product_brand":[],"product_cat":[120],"product_tag":[],"class_list":{"0":"post-3879","1":"product","2":"type-product","3":"status-publish","4":"has-post-thumbnail","6":"product_cat-baharatlar","8":"first","9":"instock","10":"shipping-taxable","11":"product-type-simple"},"aioseo_notices":[],"_links":{"self":[{"href":"https:\/\/jobeik.com\/tr\/wp-json\/wp\/v2\/product\/3879","targetHints":{"allow":["GET"]}}],"collection":[{"href":"https:\/\/jobeik.com\/tr\/wp-json\/wp\/v2\/product"}],"about":[{"href":"https:\/\/jobeik.com\/tr\/wp-json\/wp\/v2\/types\/product"}],"wp:featuredmedia":[{"embeddable":true,"href":"https:\/\/jobeik.com\/tr\/wp-json\/wp\/v2\/media\/4322"}],"wp:attachment":[{"href":"https:\/\/jobeik.com\/tr\/wp-json\/wp\/v2\/media?parent=3879"}],"wp:term":[{"taxonomy":"product_brand","embeddable":true,"href":"https:\/\/jobeik.com\/tr\/wp-json\/wp\/v2\/product_brand?post=3879"},{"taxonomy":"product_cat","embeddable":true,"href":"https:\/\/jobeik.com\/tr\/wp-json\/wp\/v2\/product_cat?post=3879"},{"taxonomy":"product_tag","embeddable":true,"href":"https:\/\/jobeik.com\/tr\/wp-json\/wp\/v2\/product_tag?post=3879"}],"curies":[{"name":"wp","href":"https:\/\/api.w.org\/{rel}","templated":true}]}}